{"id":1085979,"date":"2026-02-24T18:00:17","date_gmt":"2026-02-24T17:00:17","guid":{"rendered":"https:\/\/www.claret.cat\/llibre\/ultimas-noticias-de-jesus-9788467080629\/"},"modified":"2026-04-07T11:16:59","modified_gmt":"2026-04-07T09:16:59","slug":"ultimas-noticias-de-jesus-9788467080629","status":"publish","type":"product","link":"https:\/\/www.claret.cat\/es\/libro\/ultimas-noticias-de-jesus-9788467080629\/","title":{"rendered":"\u00daLTIMAS NOTICIAS DE JES\u00daS"},"content":{"rendered":"<p>Una fascinante investigaci\u00f3n hist\u00f3rica sobre el personaje m\u00e1s importante de todos los tiempos.A menudo se cree que la historia no es tan importante como la teolog\u00eda a la hora de abordar la egregia figura de Jes\u00fas de Nazaret. Craso error. La arqueolog\u00eda permite aproximarnos a \u00e9l desde el estudio de las piedras, del trabajo de campo y del an\u00e1lisis de los expertos. Ello se demuestra, por ejemplo, con el descubrimiento en 2020 de un ba\u00f1o ritual de hace dos mil a\u00f1os o del llamado \u00abEsqueleto 4926\u00bb, rescatado de las entra\u00f1as de la tierra con el fragmento de un clavo de hierro fijado en su tal\u00f3n, a imagen y semejanza de Jes\u00fas.<br \/> Zavala nos acerca as\u00ed a todos estos hallazgos y a otros como el de la corona de espinas que ci\u00f1\u00f3 la cabeza del Nazareno, el Santo Grial con el que celebr\u00f3 la \u00daltima Cena o los lienzos que cubrieron su cuerpo tras la crucifixi\u00f3n.<br \/> Un c\u00f3ctel explosivo, en suma, el de la fe y la ciencia juntas, que Jos\u00e9 Mar\u00eda Zavala sabe armar como nadie en estas p\u00e1ginas.<br \/> \u00abUna investigaci\u00f3n asombrosa sobre el personaje m\u00e1s relevante de la Historia, que se lee como un thriller\u00bb. Enrique Rojas<\/p>\n","protected":false},"excerpt":{"rendered":"<p>JOS\u00c9 MAR\u00cdA ZAVALA<\/p>\n","protected":false},"featured_media":1093363,"template":"","meta":{"_acf_changed":false,"om_disable_all_campaigns":false,"rs_blank_template":"","rs_page_bg_color":"","slide_template_v7":"","inline_featured_image":false,"_monsterinsights_skip_tracking":false,"_monsterinsights_sitenote_active":false,"_monsterinsights_sitenote_note":"","_monsterinsights_sitenote_category":0},"product_brand":[],"product_cat":[130,360],"product_tag":[],"class_list":{"0":"post-1085979","1":"product","2":"type-product","3":"status-publish","4":"has-post-thumbnail","6":"product_cat-novella-historica-i-ficcio","7":"product_cat-novela-historica-y-ficcion","9":"first","10":"instock","11":"taxable","12":"shipping-taxable","13":"purchasable","14":"product-type-simple"},"acf":{"autor":"JOS\u00c9 MAR\u00cdA ZAVALA","codart":"846708062","libros-coleccion":"ESPASA CALPE","ediciones":"1","encuadernacion":"R\u00fastica","fecha_de_publicacion":"01\/02\/2026","novedad":"1","paginas":"288","subtitulo":"DEL OSARIO DE CAIF\u00c1S A LA S\u00c1BANA SANTA","orden":"0","portada":"0","idioma":"spa","booktrailer":"","resenas":"","editorial":[{"ID":6247,"post_author":"3","post_date":"2022-07-28 17:48:06","post_date_gmt":"2022-07-28 15:48:06","post_content":"","post_title":"ESPASA, EDITORIAL","post_excerpt":"","post_status":"publish","comment_status":"closed","ping_status":"closed","post_password":"","post_name":"espasa-editorial","to_ping":"","pinged":"","post_modified":"2022-07-28 17:48:06","post_modified_gmt":"2022-07-28 15:48:06","post_content_filtered":"","post_parent":0,"guid":"http:\/\/dev.claret.cat\/editorial\/espasa-editorial\/","menu_order":0,"post_type":"editorial","post_mime_type":"","comment_count":"0","filter":"raw"}]},"aioseo_notices":[],"_links":{"self":[{"href":"https:\/\/www.claret.cat\/es\/wp-json\/wp\/v2\/product\/1085979","targetHints":{"allow":["GET"]}}],"collection":[{"href":"https:\/\/www.claret.cat\/es\/wp-json\/wp\/v2\/product"}],"about":[{"href":"https:\/\/www.claret.cat\/es\/wp-json\/wp\/v2\/types\/product"}],"wp:featuredmedia":[{"embeddable":true,"href":"https:\/\/www.claret.cat\/es\/wp-json\/wp\/v2\/media\/1093363"}],"wp:attachment":[{"href":"https:\/\/www.claret.cat\/es\/wp-json\/wp\/v2\/media?parent=1085979"}],"wp:term":[{"taxonomy":"product_brand","embeddable":true,"href":"https:\/\/www.claret.cat\/es\/wp-json\/wp\/v2\/product_brand?post=1085979"},{"taxonomy":"product_cat","embeddable":true,"href":"https:\/\/www.claret.cat\/es\/wp-json\/wp\/v2\/product_cat?post=1085979"},{"taxonomy":"product_tag","embeddable":true,"href":"https:\/\/www.claret.cat\/es\/wp-json\/wp\/v2\/product_tag?post=1085979"}],"curies":[{"name":"wp","href":"https:\/\/api.w.org\/{rel}","templated":true}]}}