{"id":1085982,"date":"2026-02-24T18:05:02","date_gmt":"2026-02-24T17:05:02","guid":{"rendered":"https:\/\/www.claret.cat\/llibre\/la-segunda-vida-de-ginebra-vern-9788423369379\/"},"modified":"2026-02-24T18:26:02","modified_gmt":"2026-02-24T17:26:02","slug":"la-segunda-vida-de-ginebra-vern-9788423369379","status":"publish","type":"product","link":"https:\/\/www.claret.cat\/es\/libro\/la-segunda-vida-de-ginebra-vern-9788423369379\/","title":{"rendered":"LA SEGUNDA VIDA DE GINEBRA VERN"},"content":{"rendered":"<p>Cuando el amor pone a prueba la verdad.<br \/> Una novela poderosa sobre la necesidad de construirnos relatos para sobrevivir. \u00a0Cuando un peri\u00f3dico local de Texas publica un anuncio ins\u00f3lito en el que una mujer felicita a su marido y a la amante de este por el hijo que esperan, la periodista barcelonesa en horas bajas Ginebra Vern recibe el encargo de escribir un art\u00edculo sobre el tema que se haga viral. Pero lo que deb\u00eda ser una pieza de consumo r\u00e1pido se convierte en el detonante de una transformaci\u00f3n inesperada que la obligar\u00e1 a replantearse la manera de mirar el mundo y su propia vida.\u00a0<br \/> Con una prosa intensa y precisa, La segunda vida de Ginebra Vern es una novela poderosa sobre los l\u00edmites entre los secretos y la verdad, la necesidad de construir relatos para sobrevivir y la fuerza de los v\u00ednculos que llamamos amor.<\/p>\n","protected":false},"excerpt":{"rendered":"<p>AGN\u00c8S MARQU\u00c8S PUJOLAR<\/p>\n","protected":false},"featured_media":1085983,"template":"","meta":{"_acf_changed":false,"om_disable_all_campaigns":false,"rs_blank_template":"","rs_page_bg_color":"","slide_template_v7":"","inline_featured_image":false,"_monsterinsights_skip_tracking":false,"_monsterinsights_sitenote_active":false,"_monsterinsights_sitenote_note":"","_monsterinsights_sitenote_category":0},"product_brand":[],"product_cat":[127,357],"product_tag":[],"class_list":{"0":"post-1085982","1":"product","2":"type-product","3":"status-publish","4":"has-post-thumbnail","6":"product_cat-novella-contemporania","7":"product_cat-novela-contemporanea","9":"first","10":"instock","11":"taxable","12":"shipping-taxable","13":"purchasable","14":"product-type-simple"},"acf":{"autor":"AGN\u00c8S MARQU\u00c8S PUJOLAR","codart":"842336937","libros-coleccion":"","ediciones":"1","encuadernacion":"R\u00fastica","fecha_de_publicacion":"01\/02\/2026","novedad":"1","paginas":"280","subtitulo":"","orden":"0","portada":"0","idioma":"spa","booktrailer":"","resenas":"","editorial":[{"ID":6182,"post_author":"3","post_date":"2022-07-28 17:46:40","post_date_gmt":"2022-07-28 15:46:40","post_content":"","post_title":"DESTINO, S.L.","post_excerpt":"","post_status":"publish","comment_status":"closed","ping_status":"closed","post_password":"","post_name":"destino-s-l","to_ping":"","pinged":"","post_modified":"2022-07-28 17:46:40","post_modified_gmt":"2022-07-28 15:46:40","post_content_filtered":"","post_parent":0,"guid":"http:\/\/dev.claret.cat\/editorial\/destino-s-l\/","menu_order":0,"post_type":"editorial","post_mime_type":"","comment_count":"0","filter":"raw"}]},"aioseo_notices":[],"_links":{"self":[{"href":"https:\/\/www.claret.cat\/es\/wp-json\/wp\/v2\/product\/1085982","targetHints":{"allow":["GET"]}}],"collection":[{"href":"https:\/\/www.claret.cat\/es\/wp-json\/wp\/v2\/product"}],"about":[{"href":"https:\/\/www.claret.cat\/es\/wp-json\/wp\/v2\/types\/product"}],"wp:featuredmedia":[{"embeddable":true,"href":"https:\/\/www.claret.cat\/es\/wp-json\/wp\/v2\/media\/1085983"}],"wp:attachment":[{"href":"https:\/\/www.claret.cat\/es\/wp-json\/wp\/v2\/media?parent=1085982"}],"wp:term":[{"taxonomy":"product_brand","embeddable":true,"href":"https:\/\/www.claret.cat\/es\/wp-json\/wp\/v2\/product_brand?post=1085982"},{"taxonomy":"product_cat","embeddable":true,"href":"https:\/\/www.claret.cat\/es\/wp-json\/wp\/v2\/product_cat?post=1085982"},{"taxonomy":"product_tag","embeddable":true,"href":"https:\/\/www.claret.cat\/es\/wp-json\/wp\/v2\/product_tag?post=1085982"}],"curies":[{"name":"wp","href":"https:\/\/api.w.org\/{rel}","templated":true}]}}