{"id":1085988,"date":"2026-02-24T18:10:02","date_gmt":"2026-02-24T17:10:02","guid":{"rendered":"https:\/\/www.claret.cat\/llibre\/llevara-tu-nombre-9788408315247\/"},"modified":"2026-04-10T12:50:32","modified_gmt":"2026-04-10T10:50:32","slug":"llevara-tu-nombre-9788408315247","status":"publish","type":"product","link":"https:\/\/www.claret.cat\/es\/libro\/llevara-tu-nombre-9788408315247\/","title":{"rendered":"LLEVAR\u00c1 TU NOMBRE"},"content":{"rendered":"<p><strong>Un destino marcado por la traici\u00f3n<\/strong>.&nbsp;Una pasi\u00f3n capaz de modificarlo todo. Verano de 1882, Comillas. L<strong>a aparici\u00f3n del cad\u00e1ve<\/strong>r de una mujer en la playa sacude la poblaci\u00f3n. Entre acusaciones, susurros y secretos familiares, la joven <strong>Mada Riva es se\u00f1alada como culpable del asesinato<\/strong>. Para proteger tanto el apellido como el honor, su propia familia dicta su sentencia: <strong>debe desaparecer sin dejar rastro<\/strong>.<\/p>\n<p> Mada llega a un Madrid ca\u00f3tico y deslumbrante donde <strong>deber\u00e1 enfrentarse a la soledad y al olvido<\/strong>. Su refugio ser\u00e1 un hogar de humildes muchachas, pero <strong>su talento para la lectura y la escritura<\/strong> la llevar\u00e1n a trabajar para don Gonzalo, quien queda prendado de su belleza y, sobre todo, de <strong>la rebeld\u00eda que marcar\u00e1&nbsp;su vida<\/strong>. <strong>En una sociedad que calla a las mujeres<\/strong>, Mada alzar\u00e1 la voz y, entre sombras del pasado, descubrir\u00e1 que <strong>es posible amar sin miedo y reivindicar su&nbsp;nombre<\/strong>.<\/p>\n<p> Tras el \u00e9xito de <em>Las hijas de la criada<\/em>, Sonsoles \u00d3nega regresa con una historia inolvidable, la de <strong>una mujer inquebrantable que desafi\u00f3 su destino<\/strong>.&nbsp;<\/p>\n","protected":false},"excerpt":{"rendered":"<p>SONSOLES \u00d3NEGA<\/p>\n","protected":false},"featured_media":1090278,"template":"","meta":{"_acf_changed":false,"om_disable_all_campaigns":false,"rs_blank_template":"","rs_page_bg_color":"","slide_template_v7":"","inline_featured_image":false,"_monsterinsights_skip_tracking":false,"_monsterinsights_sitenote_active":false,"_monsterinsights_sitenote_note":"","_monsterinsights_sitenote_category":0},"product_brand":[],"product_cat":[127,357],"product_tag":[],"class_list":{"0":"post-1085988","1":"product","2":"type-product","3":"status-publish","4":"has-post-thumbnail","6":"product_cat-novella-contemporania","7":"product_cat-novela-contemporanea","9":"first","10":"instock","11":"taxable","12":"shipping-taxable","13":"purchasable","14":"product-type-simple"},"acf":{"autor":"SONSOLES \u00d3NEGA","codart":"840831524","libros-coleccion":"","ediciones":"1","encuadernacion":"Carton\u00e9","fecha_de_publicacion":"01\/02\/2026","novedad":"1","paginas":"488","subtitulo":"","orden":"0","portada":"0","idioma":"spa","booktrailer":"","resenas":"","editorial":[{"ID":6233,"post_author":"3","post_date":"2022-07-28 17:47:48","post_date_gmt":"2022-07-28 15:47:48","post_content":"","post_title":"EDITORIAL PLANETA","post_excerpt":"","post_status":"publish","comment_status":"closed","ping_status":"closed","post_password":"","post_name":"editorial-planeta","to_ping":"","pinged":"","post_modified":"2022-07-28 17:47:48","post_modified_gmt":"2022-07-28 15:47:48","post_content_filtered":"","post_parent":0,"guid":"http:\/\/dev.claret.cat\/editorial\/editorial-planeta\/","menu_order":0,"post_type":"editorial","post_mime_type":"","comment_count":"0","filter":"raw"}]},"aioseo_notices":[],"_links":{"self":[{"href":"https:\/\/www.claret.cat\/es\/wp-json\/wp\/v2\/product\/1085988","targetHints":{"allow":["GET"]}}],"collection":[{"href":"https:\/\/www.claret.cat\/es\/wp-json\/wp\/v2\/product"}],"about":[{"href":"https:\/\/www.claret.cat\/es\/wp-json\/wp\/v2\/types\/product"}],"wp:featuredmedia":[{"embeddable":true,"href":"https:\/\/www.claret.cat\/es\/wp-json\/wp\/v2\/media\/1090278"}],"wp:attachment":[{"href":"https:\/\/www.claret.cat\/es\/wp-json\/wp\/v2\/media?parent=1085988"}],"wp:term":[{"taxonomy":"product_brand","embeddable":true,"href":"https:\/\/www.claret.cat\/es\/wp-json\/wp\/v2\/product_brand?post=1085988"},{"taxonomy":"product_cat","embeddable":true,"href":"https:\/\/www.claret.cat\/es\/wp-json\/wp\/v2\/product_cat?post=1085988"},{"taxonomy":"product_tag","embeddable":true,"href":"https:\/\/www.claret.cat\/es\/wp-json\/wp\/v2\/product_tag?post=1085988"}],"curies":[{"name":"wp","href":"https:\/\/api.w.org\/{rel}","templated":true}]}}