{"id":1085991,"date":"2026-02-24T18:10:16","date_gmt":"2026-02-24T17:10:16","guid":{"rendered":"https:\/\/www.claret.cat\/llibre\/el-caos-de-beca-1-el-primer-dia-de-mi-nueva-vida-9788408315759\/"},"modified":"2026-02-24T18:25:52","modified_gmt":"2026-02-24T17:25:52","slug":"el-caos-de-beca-1-el-primer-dia-de-mi-nueva-vida-9788408315759","status":"publish","type":"product","link":"https:\/\/www.claret.cat\/es\/libro\/el-caos-de-beca-1-el-primer-dia-de-mi-nueva-vida-9788408315759\/","title":{"rendered":"EL CAOS DE BECA 1. EL PRIMER D\u00cdA DE MI NUEVA VIDA"},"content":{"rendered":"<p>Soy Beca. Tengo doce a\u00f1os y mi vida\u2026 es un completo caos.<br \/> Mi madre vive a miles de kil\u00f3metros, mi mejor amiga est\u00e1 rar\u00edsima y voy a empezar el insti sin conocer a nadie. Genial, \u00bfno?<br \/> Este a\u00f1o viene cargado de cambios. Pero entre listas mentales, dramas y ataques de verg\u00fcenza, tambi\u00e9n hay m\u00fasica, un garaje que empieza a parecer un refugio, tres chicas con las que comparto cada vez m\u00e1s cosas y un chico que \u2014aunque no quiera admitirlo\u2014 me hace sonre\u00edr m\u00e1s de la cuenta.<br \/> \u00bfSer\u00e1 este a\u00f1o un desastre anunciado?<br \/> \u00bfO quiz\u00e1, solo quiz\u00e1, el principio de algo incre\u00edble?<\/p>\n<p> Una novela llena de humor, amistad y descubrimiento. Ideal para adolescentes que buscan re\u00edrse (y reconocerse) en medio del caos.<\/p>\n","protected":false},"excerpt":{"rendered":"<p>RAQUEL D\u00cdAZ REGUERA<\/p>\n","protected":false},"featured_media":1085992,"template":"","meta":{"_acf_changed":false,"om_disable_all_campaigns":false,"rs_blank_template":"","rs_page_bg_color":"","slide_template_v7":"","inline_featured_image":false,"_monsterinsights_skip_tracking":false,"_monsterinsights_sitenote_active":false,"_monsterinsights_sitenote_note":"","_monsterinsights_sitenote_category":0},"product_brand":[],"product_cat":[132,362],"product_tag":[],"class_list":{"0":"post-1085991","1":"product","2":"type-product","3":"status-publish","4":"has-post-thumbnail","6":"product_cat-lectures-per-preadolescents-6-12-anys","7":"product_cat-libros-preadolescentes-6-12-anos","9":"first","10":"instock","11":"taxable","12":"shipping-taxable","13":"purchasable","14":"product-type-simple"},"acf":{"autor":"RAQUEL D\u00cdAZ REGUERA","codart":"840831575","libros-coleccion":"","ediciones":"1","encuadernacion":"Carton\u00e9","fecha_de_publicacion":"01\/02\/2026","novedad":"1","paginas":"208","subtitulo":"","orden":"0","portada":"0","idioma":"spa","booktrailer":"","resenas":"","editorial":[{"ID":6233,"post_author":"3","post_date":"2022-07-28 17:47:48","post_date_gmt":"2022-07-28 15:47:48","post_content":"","post_title":"EDITORIAL PLANETA","post_excerpt":"","post_status":"publish","comment_status":"closed","ping_status":"closed","post_password":"","post_name":"editorial-planeta","to_ping":"","pinged":"","post_modified":"2022-07-28 17:47:48","post_modified_gmt":"2022-07-28 15:47:48","post_content_filtered":"","post_parent":0,"guid":"http:\/\/dev.claret.cat\/editorial\/editorial-planeta\/","menu_order":0,"post_type":"editorial","post_mime_type":"","comment_count":"0","filter":"raw"}]},"aioseo_notices":[],"_links":{"self":[{"href":"https:\/\/www.claret.cat\/es\/wp-json\/wp\/v2\/product\/1085991","targetHints":{"allow":["GET"]}}],"collection":[{"href":"https:\/\/www.claret.cat\/es\/wp-json\/wp\/v2\/product"}],"about":[{"href":"https:\/\/www.claret.cat\/es\/wp-json\/wp\/v2\/types\/product"}],"wp:featuredmedia":[{"embeddable":true,"href":"https:\/\/www.claret.cat\/es\/wp-json\/wp\/v2\/media\/1085992"}],"wp:attachment":[{"href":"https:\/\/www.claret.cat\/es\/wp-json\/wp\/v2\/media?parent=1085991"}],"wp:term":[{"taxonomy":"product_brand","embeddable":true,"href":"https:\/\/www.claret.cat\/es\/wp-json\/wp\/v2\/product_brand?post=1085991"},{"taxonomy":"product_cat","embeddable":true,"href":"https:\/\/www.claret.cat\/es\/wp-json\/wp\/v2\/product_cat?post=1085991"},{"taxonomy":"product_tag","embeddable":true,"href":"https:\/\/www.claret.cat\/es\/wp-json\/wp\/v2\/product_tag?post=1085991"}],"curies":[{"name":"wp","href":"https:\/\/api.w.org\/{rel}","templated":true}]}}