{"id":1085994,"date":"2026-02-24T18:15:02","date_gmt":"2026-02-24T17:15:02","guid":{"rendered":"https:\/\/www.claret.cat\/llibre\/contra-el-descontento-9788449344954\/"},"modified":"2026-02-25T11:10:14","modified_gmt":"2026-02-25T10:10:14","slug":"contra-el-descontento-9788449344954","status":"publish","type":"product","link":"https:\/\/www.claret.cat\/es\/libro\/contra-el-descontento-9788449344954\/","title":{"rendered":"CONTRA EL DESCONTENTO"},"content":{"rendered":"<p>PREMIO PAID\u00d3S 2026<br \/> UN ENSAYO L\u00daCIDO SOBRE LOS MALESTARES QUE ATRAVIESAN NUESTRAS DEMOCRACIAS Y UNA INVITACI\u00d3N URGENTE A RECONSTRUIR LA CONFIANZA, EL DI\u00c1LOGO Y EL FUTURO COM\u00daN.<br \/> Los malestares sociales que se han ido acumulando durante d\u00e9cadas est\u00e1n cristalizando hoy en un descontento profundo que pone en cuesti\u00f3n los propios fundamentos de la convivencia democr\u00e1tica, la confianza en las instituciones y la idea de futuro. En este contexto, la pregunta se impone: \u00bfqu\u00e9 podemos hacer?<br \/> En Contra el descontento, Cristina Monge, soci\u00f3loga, profesora universitaria y una de las analistas m\u00e1s influyentes del panorama pol\u00edtico espa\u00f1ol, ofrece una lectura cr\u00edtica y, al final, esperanzadora de este malestar colectivo. Con un tono claro y sin renunciar a la profundidad anal\u00edtica, recorre los principales desaf\u00edos del siglo xxi: la precariedad, la soledad digital, la crisis ecol\u00f3gica y la desafecci\u00f3n de la ciudadan\u00eda hacia las instituciones y sus representantes. A trav\u00e9s de este recorrido, traza la radiograf\u00eda de una sociedad cansada, atemorizada e incapaz de imaginar otros caminos.<br \/> Lejos del pesimismo o la nostalgia, este libro reivindica la necesidad de recuperar la conversaci\u00f3n p\u00fablica, defender los hechos ciertos en la era de la posverdad y reconstruir un nuevo contrato social basado en la cooperaci\u00f3n, la justicia y la sostenibilidad mediante alianzas para crear futuros deseables. Contra el descontento es un manifiesto por una democracia m\u00e1s fuerte y un futuro compartido que a\u00fan est\u00e1n a nuestro alcance.<\/p>\n","protected":false},"excerpt":{"rendered":"<p>CRISTINA MONGE<\/p>\n","protected":false},"featured_media":1086092,"template":"","meta":{"_acf_changed":false,"om_disable_all_campaigns":false,"rs_blank_template":"","rs_page_bg_color":"","slide_template_v7":"","inline_featured_image":false,"_monsterinsights_skip_tracking":false,"_monsterinsights_sitenote_active":false,"_monsterinsights_sitenote_note":"","_monsterinsights_sitenote_category":0},"product_brand":[],"product_cat":[162,436],"product_tag":[],"class_list":{"0":"post-1085994","1":"product","2":"type-product","3":"status-publish","4":"has-post-thumbnail","6":"product_cat-economica-i-politica","7":"product_cat-economica-y-politica","9":"first","10":"instock","11":"taxable","12":"shipping-taxable","13":"purchasable","14":"product-type-simple"},"acf":{"autor":"CRISTINA MONGE","codart":"844934495","libros-coleccion":"","ediciones":"1","encuadernacion":"R\u00fastica","fecha_de_publicacion":"01\/02\/2026","novedad":"1","paginas":"254","subtitulo":"POR UNA ALIANZA PARA CONSTRUIR FUTUROS DESEABLES","orden":"0","portada":"0","idioma":"spa","booktrailer":"","resenas":"","editorial":[{"ID":6206,"post_author":"3","post_date":"2022-07-28 17:47:08","post_date_gmt":"2022-07-28 15:47:08","post_content":"","post_title":"Ediciones Paid\u00f3s","post_excerpt":"","post_status":"publish","comment_status":"closed","ping_status":"closed","post_password":"","post_name":"ediciones-paidos","to_ping":"","pinged":"","post_modified":"2022-07-28 17:47:08","post_modified_gmt":"2022-07-28 15:47:08","post_content_filtered":"","post_parent":0,"guid":"http:\/\/dev.claret.cat\/editorial\/ediciones-paidos\/","menu_order":0,"post_type":"editorial","post_mime_type":"","comment_count":"0","filter":"raw"}]},"aioseo_notices":[],"_links":{"self":[{"href":"https:\/\/www.claret.cat\/es\/wp-json\/wp\/v2\/product\/1085994","targetHints":{"allow":["GET"]}}],"collection":[{"href":"https:\/\/www.claret.cat\/es\/wp-json\/wp\/v2\/product"}],"about":[{"href":"https:\/\/www.claret.cat\/es\/wp-json\/wp\/v2\/types\/product"}],"wp:featuredmedia":[{"embeddable":true,"href":"https:\/\/www.claret.cat\/es\/wp-json\/wp\/v2\/media\/1086092"}],"wp:attachment":[{"href":"https:\/\/www.claret.cat\/es\/wp-json\/wp\/v2\/media?parent=1085994"}],"wp:term":[{"taxonomy":"product_brand","embeddable":true,"href":"https:\/\/www.claret.cat\/es\/wp-json\/wp\/v2\/product_brand?post=1085994"},{"taxonomy":"product_cat","embeddable":true,"href":"https:\/\/www.claret.cat\/es\/wp-json\/wp\/v2\/product_cat?post=1085994"},{"taxonomy":"product_tag","embeddable":true,"href":"https:\/\/www.claret.cat\/es\/wp-json\/wp\/v2\/product_tag?post=1085994"}],"curies":[{"name":"wp","href":"https:\/\/api.w.org\/{rel}","templated":true}]}}