{"id":1085997,"date":"2026-02-24T18:15:22","date_gmt":"2026-02-24T17:15:22","guid":{"rendered":"https:\/\/www.claret.cat\/llibre\/lobos-feroces-9788408304227\/"},"modified":"2026-02-24T18:25:10","modified_gmt":"2026-02-24T17:25:10","slug":"lobos-feroces-9788408304227","status":"publish","type":"product","link":"https:\/\/www.claret.cat\/es\/libro\/lobos-feroces-9788408304227\/","title":{"rendered":"LOBOS FEROCES"},"content":{"rendered":"<p>El thriller que estabas esperando.No puedes esconderte cuando los lobos salen a cazar.<br \/> El olor del miedo es el rastro m\u00e1s f\u00e1cil de seguir.<br \/> Marta Otero est\u00e1 a punto de graduarse en la Escuela Nacional de Polic\u00eda cuando un ni\u00f1o desaparece en la sierra de Guadarrama. No es el primero, otros cinco menores se perdieron en esas monta\u00f1as a\u00f1os atr\u00e1s. Y Marta lo sabe porque su padre, quien muri\u00f3 en extra\u00f1as circunstancias, investig\u00f3 esos casos, que se cerraron al concluir que las criaturas hab\u00edan sido devoradas por los lobos.<br \/> Pero hay piezas en ese rompecabezas que no encajan\u2026 Marta est\u00e1 dispuesta a resolver el misterio de esta \u00faltima desaparici\u00f3n y demostrar que la muerte de su padre no fue fortuita. Para ello, necesitar\u00e1 la ayuda de Dante, un satanista en quien no sabe si puede confiar, pero que es su \u00fanica opci\u00f3n de descubrir la verdad y evitar que, de nuevo, y quiz\u00e1 esta vez tambi\u00e9n a ella, ataquen los lobos feroces.<\/p>\n","protected":false},"excerpt":{"rendered":"<p>CARLOS GARC\u00cdA MIRANDA<\/p>\n","protected":false},"featured_media":1085998,"template":"","meta":{"_acf_changed":false,"om_disable_all_campaigns":false,"rs_blank_template":"","rs_page_bg_color":"","slide_template_v7":"","inline_featured_image":false,"_monsterinsights_skip_tracking":false,"_monsterinsights_sitenote_active":false,"_monsterinsights_sitenote_note":"","_monsterinsights_sitenote_category":0},"product_brand":[],"product_cat":[127,357],"product_tag":[],"class_list":{"0":"post-1085997","1":"product","2":"type-product","3":"status-publish","4":"has-post-thumbnail","6":"product_cat-novella-contemporania","7":"product_cat-novela-contemporanea","9":"first","10":"instock","11":"taxable","12":"shipping-taxable","13":"purchasable","14":"product-type-simple"},"acf":{"autor":"CARLOS GARC\u00cdA MIRANDA","codart":"840830422","libros-coleccion":"","ediciones":"1","encuadernacion":"Carton\u00e9","fecha_de_publicacion":"01\/02\/2026","novedad":"1","paginas":"344","subtitulo":"","orden":"0","portada":"0","idioma":"spa","booktrailer":"","resenas":"","editorial":[{"ID":6233,"post_author":"3","post_date":"2022-07-28 17:47:48","post_date_gmt":"2022-07-28 15:47:48","post_content":"","post_title":"EDITORIAL PLANETA","post_excerpt":"","post_status":"publish","comment_status":"closed","ping_status":"closed","post_password":"","post_name":"editorial-planeta","to_ping":"","pinged":"","post_modified":"2022-07-28 17:47:48","post_modified_gmt":"2022-07-28 15:47:48","post_content_filtered":"","post_parent":0,"guid":"http:\/\/dev.claret.cat\/editorial\/editorial-planeta\/","menu_order":0,"post_type":"editorial","post_mime_type":"","comment_count":"0","filter":"raw"}]},"aioseo_notices":[],"_links":{"self":[{"href":"https:\/\/www.claret.cat\/es\/wp-json\/wp\/v2\/product\/1085997","targetHints":{"allow":["GET"]}}],"collection":[{"href":"https:\/\/www.claret.cat\/es\/wp-json\/wp\/v2\/product"}],"about":[{"href":"https:\/\/www.claret.cat\/es\/wp-json\/wp\/v2\/types\/product"}],"wp:featuredmedia":[{"embeddable":true,"href":"https:\/\/www.claret.cat\/es\/wp-json\/wp\/v2\/media\/1085998"}],"wp:attachment":[{"href":"https:\/\/www.claret.cat\/es\/wp-json\/wp\/v2\/media?parent=1085997"}],"wp:term":[{"taxonomy":"product_brand","embeddable":true,"href":"https:\/\/www.claret.cat\/es\/wp-json\/wp\/v2\/product_brand?post=1085997"},{"taxonomy":"product_cat","embeddable":true,"href":"https:\/\/www.claret.cat\/es\/wp-json\/wp\/v2\/product_cat?post=1085997"},{"taxonomy":"product_tag","embeddable":true,"href":"https:\/\/www.claret.cat\/es\/wp-json\/wp\/v2\/product_tag?post=1085997"}],"curies":[{"name":"wp","href":"https:\/\/api.w.org\/{rel}","templated":true}]}}