{"id":1086003,"date":"2026-02-24T18:20:02","date_gmt":"2026-02-24T17:20:02","guid":{"rendered":"https:\/\/www.claret.cat\/llibre\/academia-unicornio-la-guia-magica-9788408314721\/"},"modified":"2026-03-11T17:50:12","modified_gmt":"2026-03-11T16:50:12","slug":"academia-unicornio-la-guia-magica-9788408314721","status":"publish","type":"product","link":"https:\/\/www.claret.cat\/es\/libro\/academia-unicornio-la-guia-magica-9788408314721\/","title":{"rendered":"ACADEMIA UNICORNIO. LA GU\u00cdA M\u00c1GICA"},"content":{"rendered":"<p>La gu\u00eda oficial indispensable<br \/> Sigue a tu coraz\u00f3n y alcanza las estrellas mientras exploras el m\u00e1gico mundo de aventuras de Academia Unicornio.<br \/> Este encantador libro est\u00e1 lleno de datos fascinantes sobre la escuela, los jinetes de unicornio, sus compa\u00f1eros m\u00e1gicos y todas las criaturas extraordinarias de Isla Unicornio.<br \/> El libro perfecto para las fans de la serie de Netflix: pasa la p\u00e1gina, descubre secretos incre\u00edbles y prep\u00e1rate para liberar todo tu poder extraordinario.<\/p>\n","protected":false},"excerpt":{"rendered":"<p>ACADEMIA UNICORNIO<\/p>\n","protected":false},"featured_media":1086281,"template":"","meta":{"_acf_changed":false,"om_disable_all_campaigns":false,"rs_blank_template":"","rs_page_bg_color":"","slide_template_v7":"","inline_featured_image":false,"_monsterinsights_skip_tracking":false,"_monsterinsights_sitenote_active":false,"_monsterinsights_sitenote_note":"","_monsterinsights_sitenote_category":0},"product_brand":[],"product_cat":[132,362],"product_tag":[],"class_list":{"0":"post-1086003","1":"product","2":"type-product","3":"status-publish","4":"has-post-thumbnail","6":"product_cat-lectures-per-preadolescents-6-12-anys","7":"product_cat-libros-preadolescentes-6-12-anos","9":"first","10":"instock","11":"taxable","12":"shipping-taxable","13":"purchasable","14":"product-type-simple"},"acf":{"autor":"ACADEMIA UNICORNIO","codart":"840831472","libros-coleccion":"","ediciones":"1","encuadernacion":"Carton\u00e9","fecha_de_publicacion":"01\/02\/2026","novedad":"1","paginas":"48","subtitulo":"","orden":"0","portada":"0","idioma":"spa","booktrailer":"","resenas":"","editorial":[{"ID":6233,"post_author":"3","post_date":"2022-07-28 17:47:48","post_date_gmt":"2022-07-28 15:47:48","post_content":"","post_title":"EDITORIAL PLANETA","post_excerpt":"","post_status":"publish","comment_status":"closed","ping_status":"closed","post_password":"","post_name":"editorial-planeta","to_ping":"","pinged":"","post_modified":"2022-07-28 17:47:48","post_modified_gmt":"2022-07-28 15:47:48","post_content_filtered":"","post_parent":0,"guid":"http:\/\/dev.claret.cat\/editorial\/editorial-planeta\/","menu_order":0,"post_type":"editorial","post_mime_type":"","comment_count":"0","filter":"raw"}]},"aioseo_notices":[],"_links":{"self":[{"href":"https:\/\/www.claret.cat\/es\/wp-json\/wp\/v2\/product\/1086003","targetHints":{"allow":["GET"]}}],"collection":[{"href":"https:\/\/www.claret.cat\/es\/wp-json\/wp\/v2\/product"}],"about":[{"href":"https:\/\/www.claret.cat\/es\/wp-json\/wp\/v2\/types\/product"}],"wp:featuredmedia":[{"embeddable":true,"href":"https:\/\/www.claret.cat\/es\/wp-json\/wp\/v2\/media\/1086281"}],"wp:attachment":[{"href":"https:\/\/www.claret.cat\/es\/wp-json\/wp\/v2\/media?parent=1086003"}],"wp:term":[{"taxonomy":"product_brand","embeddable":true,"href":"https:\/\/www.claret.cat\/es\/wp-json\/wp\/v2\/product_brand?post=1086003"},{"taxonomy":"product_cat","embeddable":true,"href":"https:\/\/www.claret.cat\/es\/wp-json\/wp\/v2\/product_cat?post=1086003"},{"taxonomy":"product_tag","embeddable":true,"href":"https:\/\/www.claret.cat\/es\/wp-json\/wp\/v2\/product_tag?post=1086003"}],"curies":[{"name":"wp","href":"https:\/\/api.w.org\/{rel}","templated":true}]}}