{"id":1086006,"date":"2026-02-24T18:20:16","date_gmt":"2026-02-24T17:20:16","guid":{"rendered":"https:\/\/www.claret.cat\/llibre\/el-ruso-3-viaje-al-centro-del-cuchillas-9788408315407\/"},"modified":"2026-03-17T18:25:18","modified_gmt":"2026-03-17T17:25:18","slug":"el-ruso-3-viaje-al-centro-del-cuchillas-9788408315407","status":"publish","type":"product","link":"https:\/\/www.claret.cat\/es\/libro\/el-ruso-3-viaje-al-centro-del-cuchillas-9788408315407\/","title":{"rendered":"EL RUSO 3. VIAJE AL CENTRO DEL CUCHILLAS"},"content":{"rendered":"<p>\u00bfC\u00d3MO? \u00bfQUE NO SABES QU\u00c9 DEMONIOS SE LES HA PERDIDO AL TEAM FANTASY EN EL CUERPO DEL CUCHILLAS? AVER\u00cdGUALO Y \u00c9CHATE UNAS RISAS EN ESTA ESCATOL\u00d3GICA AVENTURA PROTAGONIZADA POR EL RUSO, EL PERSONAJE M\u00c1S SALVAJE DE ALESGF.<br \/> \u00a1El Cuchillas se encuentra fatal! Tanto trote espacial le ha dejado las tripas revueltas, y todo apunta a que ese chorro de v\u00f3mito negro no se cura con arroz hervido. \u00bfSer\u00e1 una enfermedad incurable? \u00bfHabr\u00e1 comido alb\u00f3ndigas en mal estado? \u00bfO tendr\u00e1 dentro un par\u00e1sito alien\u00edgena?<br \/> Para resolver el enigma, el Ruso y la Team Fantasy se embarcar\u00e1n en un viaje al coraz\u00f3n del Cuchillas. Bueno, al coraz\u00f3n y a otros \u00f3rganos no tan nobles. \u00bfListo para ponerte tu traje de gastronauta y ayudarlos a cumplir esta misi\u00f3n llena de pruebas, acertijos y gl\u00f3bulos blancos?<\/p>\n<p>\u00a1CONTIENE C\u00d3DIGOS QR CON V\u00cdDEOS EXCLUSIVOS!<br \/>\u00a1Y UNA L\u00c1MINA DE PEGATINAS DE REGALO!<\/p>\n","protected":false},"excerpt":{"rendered":"<p>ALESGF<\/p>\n","protected":false},"featured_media":1086007,"template":"","meta":{"_acf_changed":false,"om_disable_all_campaigns":false,"rs_blank_template":"","rs_page_bg_color":"","slide_template_v7":"","inline_featured_image":false,"_monsterinsights_skip_tracking":false,"_monsterinsights_sitenote_active":false,"_monsterinsights_sitenote_note":"","_monsterinsights_sitenote_category":0},"product_brand":[],"product_cat":[132,362],"product_tag":[],"class_list":{"0":"post-1086006","1":"product","2":"type-product","3":"status-publish","4":"has-post-thumbnail","6":"product_cat-lectures-per-preadolescents-6-12-anys","7":"product_cat-libros-preadolescentes-6-12-anos","9":"first","10":"instock","11":"taxable","12":"shipping-taxable","13":"purchasable","14":"product-type-simple"},"acf":{"autor":"ALESGF","codart":"840831540","libros-coleccion":"","ediciones":"1","encuadernacion":"Carton\u00e9","fecha_de_publicacion":"01\/02\/2026","novedad":"1","paginas":"144","subtitulo":"","orden":"0","portada":"0","idioma":"spa","booktrailer":"","resenas":"","editorial":[{"ID":6233,"post_author":"3","post_date":"2022-07-28 17:47:48","post_date_gmt":"2022-07-28 15:47:48","post_content":"","post_title":"EDITORIAL PLANETA","post_excerpt":"","post_status":"publish","comment_status":"closed","ping_status":"closed","post_password":"","post_name":"editorial-planeta","to_ping":"","pinged":"","post_modified":"2022-07-28 17:47:48","post_modified_gmt":"2022-07-28 15:47:48","post_content_filtered":"","post_parent":0,"guid":"http:\/\/dev.claret.cat\/editorial\/editorial-planeta\/","menu_order":0,"post_type":"editorial","post_mime_type":"","comment_count":"0","filter":"raw"}]},"aioseo_notices":[],"_links":{"self":[{"href":"https:\/\/www.claret.cat\/es\/wp-json\/wp\/v2\/product\/1086006","targetHints":{"allow":["GET"]}}],"collection":[{"href":"https:\/\/www.claret.cat\/es\/wp-json\/wp\/v2\/product"}],"about":[{"href":"https:\/\/www.claret.cat\/es\/wp-json\/wp\/v2\/types\/product"}],"wp:featuredmedia":[{"embeddable":true,"href":"https:\/\/www.claret.cat\/es\/wp-json\/wp\/v2\/media\/1086007"}],"wp:attachment":[{"href":"https:\/\/www.claret.cat\/es\/wp-json\/wp\/v2\/media?parent=1086006"}],"wp:term":[{"taxonomy":"product_brand","embeddable":true,"href":"https:\/\/www.claret.cat\/es\/wp-json\/wp\/v2\/product_brand?post=1086006"},{"taxonomy":"product_cat","embeddable":true,"href":"https:\/\/www.claret.cat\/es\/wp-json\/wp\/v2\/product_cat?post=1086006"},{"taxonomy":"product_tag","embeddable":true,"href":"https:\/\/www.claret.cat\/es\/wp-json\/wp\/v2\/product_tag?post=1086006"}],"curies":[{"name":"wp","href":"https:\/\/api.w.org\/{rel}","templated":true}]}}