{"id":1086009,"date":"2026-02-24T18:20:32","date_gmt":"2026-02-24T17:20:32","guid":{"rendered":"https:\/\/www.claret.cat\/llibre\/las-historias-no-contadas-9791387667504\/"},"modified":"2026-02-25T10:35:24","modified_gmt":"2026-02-25T09:35:24","slug":"las-historias-no-contadas-9791387667504","status":"publish","type":"product","link":"https:\/\/www.claret.cat\/es\/libro\/las-historias-no-contadas-9791387667504\/","title":{"rendered":"LAS HISTORIAS NO CONTADAS"},"content":{"rendered":"<p>Es posible aceptar la muerte como un acto \u00edntimo sobre el que tenemos control y decisi\u00f3n.Morir es una etapa m\u00e1s de la vida, lo \u00fanico cierto que tenemos desde que nacemos.<br \/> En este nuevo libro, la Dra. Lola Aparicio dignifica el proceso de la muerte. El derecho a morir con dignidad es fundamental para que la persona que inicia su tr\u00e1nsito pueda participar activamente del proceso, tomando conciencia de cu\u00e1les son sus deseos y, por lo tanto, decidiendo sobre su propia muerte.<br \/> Lo puede hacer bien durante la partida o bien dise\u00f1ando con anterioridad c\u00f3mo desear\u00eda que transcurriera su tr\u00e1nsito.<br \/> \u00bfTienen derecho los allegados de la persona que va a partir a decidir por encima de los deseos del que trasciende o se deber\u00eda atender su voluntad?\u00a0<br \/> Este concepto estar\u00eda resumido en el hashtag #mimuerteesm\u00eda donde primar\u00eda la opci\u00f3n de \u00abmorir con conciencia\u00bb. Un ars moriendi moderno y actualizado donde se puede reflexionar sobre la muerte propia, dise\u00f1arla, adue\u00f1arse de ella, trasmutando el miedo en el arte de traspasarla, despidi\u00e9ndonos de aquello que amamos, de lo que temimos y de lo que odiamos, con la serenidad profunda que emana del conocimiento y de la comprensi\u00f3n de los procesos.<br \/> Desde las muertes m\u00e1s dolorosas, como las de los ni\u00f1os o adolescentes, hasta las m\u00e1s esperadas, por edad avanzada o enfermedad prolongada, tenemos un amplio abanico de casos que se detallan en los diferentes cap\u00edtulos del libro. Estos testimonios humanizan el proceso de la muerte, normaliz\u00e1ndolo e integr\u00e1ndolo dentro del proceso de la vida. Siendo esos momentos el colof\u00f3n a una existencia.<br \/> Este libro crea un puente entre los pacientes y los profesionales sanitarios que d\u00eda a d\u00eda observan, perciben y viven con respeto el proceso de morir. Ayudando tanto a la persona que est\u00e1 en tr\u00e1nsito como a los seres queridos que acompa\u00f1an, facilitando el paso de la consciencia al siguiente plano de existencia.<br \/> Y cuando el tr\u00e1nsito se observa y se vive en profundidad, la confirmaci\u00f3n de que la muerte no es el final, de que la consciencia pervive m\u00e1s all\u00e1 de esta existencia, surge como una conclusi\u00f3n admisible al final de vida.<br \/> La autora incorpora algunos casos reales que ha recopilado en su consulta de m\u00e9dico de cabecera, gracias a la generosidad de enfermos, familiares y amigos. Otros se los han transmitido algunos de los numerosos asistentes a sus ponencias o a trav\u00e9s de las redes sociales.<br \/> Este libro es un paso m\u00e1s en la concienciaci\u00f3n sobre un final que no es m\u00e1s que otro principio.<\/p>\n","protected":false},"excerpt":{"rendered":"<p>DRA. LOLA APARICIO<\/p>\n","protected":false},"featured_media":1086053,"template":"","meta":{"_acf_changed":false,"om_disable_all_campaigns":false,"rs_blank_template":"","rs_page_bg_color":"","slide_template_v7":"","inline_featured_image":false,"_monsterinsights_skip_tracking":false,"_monsterinsights_sitenote_active":false,"_monsterinsights_sitenote_note":"","_monsterinsights_sitenote_category":0},"product_brand":[],"product_cat":[118,567],"product_tag":[],"class_list":{"0":"post-1086009","1":"product","2":"type-product","3":"status-publish","4":"has-post-thumbnail","6":"product_cat-mort-i-dol","7":"product_cat-muerte-y-duelo","9":"first","10":"instock","11":"taxable","12":"shipping-taxable","13":"purchasable","14":"product-type-simple"},"acf":{"autor":"DRA. LOLA APARICIO","codart":"138766750","libros-coleccion":"","ediciones":"1","encuadernacion":"R\u00fastica","fecha_de_publicacion":"01\/02\/2026","novedad":"1","paginas":"304","subtitulo":"EXPERIENCIAS ENTRE LA VIDA Y LA MUERTE","orden":"0","portada":"0","idioma":"spa","booktrailer":"","resenas":"","editorial":[{"ID":148473,"post_author":"3","post_date":"2022-10-14 11:58:31","post_date_gmt":"2022-10-14 09:58:31","post_content":"","post_title":"Luci\u00e9rnaga CAS","post_excerpt":"","post_status":"publish","comment_status":"closed","ping_status":"closed","post_password":"","post_name":"luciernaga-cas","to_ping":"","pinged":"","post_modified":"2022-10-14 11:58:31","post_modified_gmt":"2022-10-14 09:58:31","post_content_filtered":"","post_parent":0,"guid":"http:\/\/dev.claret.cat\/editorial\/luciernaga-cas\/","menu_order":0,"post_type":"editorial","post_mime_type":"","comment_count":"0","filter":"raw"}]},"aioseo_notices":[],"_links":{"self":[{"href":"https:\/\/www.claret.cat\/es\/wp-json\/wp\/v2\/product\/1086009","targetHints":{"allow":["GET"]}}],"collection":[{"href":"https:\/\/www.claret.cat\/es\/wp-json\/wp\/v2\/product"}],"about":[{"href":"https:\/\/www.claret.cat\/es\/wp-json\/wp\/v2\/types\/product"}],"wp:featuredmedia":[{"embeddable":true,"href":"https:\/\/www.claret.cat\/es\/wp-json\/wp\/v2\/media\/1086053"}],"wp:attachment":[{"href":"https:\/\/www.claret.cat\/es\/wp-json\/wp\/v2\/media?parent=1086009"}],"wp:term":[{"taxonomy":"product_brand","embeddable":true,"href":"https:\/\/www.claret.cat\/es\/wp-json\/wp\/v2\/product_brand?post=1086009"},{"taxonomy":"product_cat","embeddable":true,"href":"https:\/\/www.claret.cat\/es\/wp-json\/wp\/v2\/product_cat?post=1086009"},{"taxonomy":"product_tag","embeddable":true,"href":"https:\/\/www.claret.cat\/es\/wp-json\/wp\/v2\/product_tag?post=1086009"}],"curies":[{"name":"wp","href":"https:\/\/api.w.org\/{rel}","templated":true}]}}