{"id":1086012,"date":"2026-02-24T18:20:46","date_gmt":"2026-02-24T17:20:46","guid":{"rendered":"https:\/\/www.claret.cat\/llibre\/viajando-con-megan-maxwell-9788467080490\/"},"modified":"2026-04-13T13:05:04","modified_gmt":"2026-04-13T11:05:04","slug":"viajando-con-megan-maxwell-9788467080490","status":"publish","type":"product","link":"https:\/\/www.claret.cat\/es\/libro\/viajando-con-megan-maxwell-9788467080490\/","title":{"rendered":"VIAJANDO CON MEGAN MAXWELL"},"content":{"rendered":"<p>Descubre los destinos que inspiraron las novelas de Megan Maxwell. Un viaje por los escenarios m\u00e1s rom\u00e1nticos, de Santorini a Nueva York, donde cada historia nace con el coraz\u00f3n.Esto no es una gu\u00eda de viajes, as\u00ed que si es lo que est\u00e1s esperando, este libro no es para ti. Pero \u00bfalguna vez te has preguntado c\u00f3mo son los lugares donde viven mis protagonistas? \u00bfD\u00f3nde pasean, qu\u00e9 caf\u00e9s frecuentan o qu\u00e9 vistas me inspiraron sus historias?<br \/> En este libro te llevo conmigo por todos esos rincones que me han robado el coraz\u00f3n: desde Tenerife hasta Santorini, de paseo por las calles de Edimburgo, donde naci\u00f3 una historia de amor imposible, hasta el sol de Los \u00c1ngeles, pasando de las playas de Ibiza a la ajetreada Nueva York, visitando juntos el lluvioso Londres\u2026<br \/> No es una gu\u00eda: es un recorrido por mis paisajes favoritos, por los pueblos que me acogieron, por los hoteles que se convirtieron en refugios, y por los bares y escenarios donde se forjaron los personajes que tanto queremos.<br \/> Te contar\u00e9 an\u00e9cdotas, te dejar\u00e9 direcciones secretas y te ense\u00f1ar\u00e9 a viajar como yo: sin prisas, con ilusi\u00f3n y con el coraz\u00f3n abierto. Porque viajar, como enamorarse, siempre tiene un punto de locura.<br \/> \u00bfTe vienes conmigo?<\/p>\n","protected":false},"excerpt":{"rendered":"<p>MEGAN MAXWELL<\/p>\n","protected":false},"featured_media":1086013,"template":"","meta":{"_acf_changed":false,"om_disable_all_campaigns":false,"rs_blank_template":"","rs_page_bg_color":"","slide_template_v7":"","inline_featured_image":false,"_monsterinsights_skip_tracking":false,"_monsterinsights_sitenote_active":false,"_monsterinsights_sitenote_note":"","_monsterinsights_sitenote_category":0},"product_brand":[],"product_cat":[524,300,127,357],"product_tag":[],"class_list":{"0":"post-1086012","1":"product","2":"type-product","3":"status-publish","4":"has-post-thumbnail","6":"product_cat-guias-y-viajes","7":"product_cat-guies-i-viatges","8":"product_cat-novella-contemporania","9":"product_cat-novela-contemporanea","11":"first","12":"instock","13":"taxable","14":"shipping-taxable","15":"purchasable","16":"product-type-simple"},"acf":{"autor":"MEGAN MAXWELL","codart":"846708049","libros-coleccion":"","ediciones":"1","encuadernacion":"R\u00fastica","fecha_de_publicacion":"01\/02\/2026","novedad":"1","paginas":"288","subtitulo":"UN RECORRIDO POR LOS MEJORES DESTINOS DE SUS NOVELAS","orden":"0","portada":"0","idioma":"spa","booktrailer":"","resenas":"","editorial":[{"ID":6247,"post_author":"3","post_date":"2022-07-28 17:48:06","post_date_gmt":"2022-07-28 15:48:06","post_content":"","post_title":"ESPASA, EDITORIAL","post_excerpt":"","post_status":"publish","comment_status":"closed","ping_status":"closed","post_password":"","post_name":"espasa-editorial","to_ping":"","pinged":"","post_modified":"2022-07-28 17:48:06","post_modified_gmt":"2022-07-28 15:48:06","post_content_filtered":"","post_parent":0,"guid":"http:\/\/dev.claret.cat\/editorial\/espasa-editorial\/","menu_order":0,"post_type":"editorial","post_mime_type":"","comment_count":"0","filter":"raw"}]},"aioseo_notices":[],"_links":{"self":[{"href":"https:\/\/www.claret.cat\/es\/wp-json\/wp\/v2\/product\/1086012","targetHints":{"allow":["GET"]}}],"collection":[{"href":"https:\/\/www.claret.cat\/es\/wp-json\/wp\/v2\/product"}],"about":[{"href":"https:\/\/www.claret.cat\/es\/wp-json\/wp\/v2\/types\/product"}],"wp:featuredmedia":[{"embeddable":true,"href":"https:\/\/www.claret.cat\/es\/wp-json\/wp\/v2\/media\/1086013"}],"wp:attachment":[{"href":"https:\/\/www.claret.cat\/es\/wp-json\/wp\/v2\/media?parent=1086012"}],"wp:term":[{"taxonomy":"product_brand","embeddable":true,"href":"https:\/\/www.claret.cat\/es\/wp-json\/wp\/v2\/product_brand?post=1086012"},{"taxonomy":"product_cat","embeddable":true,"href":"https:\/\/www.claret.cat\/es\/wp-json\/wp\/v2\/product_cat?post=1086012"},{"taxonomy":"product_tag","embeddable":true,"href":"https:\/\/www.claret.cat\/es\/wp-json\/wp\/v2\/product_tag?post=1086012"}],"curies":[{"name":"wp","href":"https:\/\/api.w.org\/{rel}","templated":true}]}}