{"id":1086015,"date":"2026-02-24T18:30:03","date_gmt":"2026-02-24T17:30:03","guid":{"rendered":"https:\/\/www.claret.cat\/llibre\/detective-ferruchi-9791387664589\/"},"modified":"2026-02-24T18:35:23","modified_gmt":"2026-02-24T17:35:23","slug":"detective-ferruchi-9791387664589","status":"publish","type":"product","link":"https:\/\/www.claret.cat\/es\/libro\/detective-ferruchi-9791387664589\/","title":{"rendered":"DETECTIVE FERRUCHI"},"content":{"rendered":"<p>Una magn\u00edfica novela coral por la autora revelaci\u00f3n de las letras gallegasSol Cort\u00e9s decide dar un cambio radical a su vida: abandona la ciudad donde vive y su trabajo como patronista para instalarse en su pueblo natal y abrir una librer\u00eda. Pocos d\u00edas despu\u00e9s de su regreso, el veterinario local, Xan Sequeiro, es asesinado.Sol se involucra en una investigaci\u00f3n paralela para descubrir qui\u00e9n se encuentra detr\u00e1s del crimen. Durante el tiempo que duran las pesquisas, surgen una serie de personajes peculiares y entra\u00f1ables que muestran, a veces con humor y otras con iron\u00eda, temas de la sociedad actual que invitan a la reflexi\u00f3n, destapan prejuicios sociales y ponen de relieve el valor de la diferencia.Un libro lleno de humor con el que descubrir que nunca es tarde para casi nada\u00bfPOR QU\u00c9 LEER DETECTIVE FERRUCHI?Descubre a la nueva voz de las letras gallegas, que ya ha triunfado en Galicia con su primera obra.Noir rural con humor, iron\u00eda y cr\u00edtica social sobre volver a los or\u00edgenes y las nuevas oportunidades.Destaca la realidad de las mujeres que, desde los a\u00f1os 80, ayudaron a levantar un imperio textil.<\/p>\n","protected":false},"excerpt":{"rendered":"<p>MARTA VILLAR<\/p>\n","protected":false},"featured_media":1086016,"template":"","meta":{"_acf_changed":false,"om_disable_all_campaigns":false,"rs_blank_template":"","rs_page_bg_color":"","slide_template_v7":"","inline_featured_image":false,"_monsterinsights_skip_tracking":false,"_monsterinsights_sitenote_active":false,"_monsterinsights_sitenote_note":"","_monsterinsights_sitenote_category":0},"product_brand":[],"product_cat":[127,357],"product_tag":[],"class_list":{"0":"post-1086015","1":"product","2":"type-product","3":"status-publish","4":"has-post-thumbnail","6":"product_cat-novella-contemporania","7":"product_cat-novela-contemporanea","9":"first","10":"instock","11":"taxable","12":"shipping-taxable","13":"purchasable","14":"product-type-simple"},"acf":{"autor":"MARTA VILLAR","codart":"138766458","libros-coleccion":"","ediciones":"1","encuadernacion":"R\u00fastica","fecha_de_publicacion":"01\/02\/2026","novedad":"1","paginas":"430","subtitulo":"","orden":"0","portada":"0","idioma":"spa","booktrailer":"","resenas":"","editorial":[{"ID":6297,"post_author":"3","post_date":"2022-07-28 17:49:10","post_date_gmt":"2022-07-28 15:49:10","post_content":"","post_title":"Maeva Ediciones","post_excerpt":"","post_status":"publish","comment_status":"closed","ping_status":"closed","post_password":"","post_name":"maeva-ediciones","to_ping":"","pinged":"","post_modified":"2022-07-28 17:49:10","post_modified_gmt":"2022-07-28 15:49:10","post_content_filtered":"","post_parent":0,"guid":"http:\/\/dev.claret.cat\/editorial\/maeva-ediciones\/","menu_order":0,"post_type":"editorial","post_mime_type":"","comment_count":"0","filter":"raw"}]},"aioseo_notices":[],"_links":{"self":[{"href":"https:\/\/www.claret.cat\/es\/wp-json\/wp\/v2\/product\/1086015","targetHints":{"allow":["GET"]}}],"collection":[{"href":"https:\/\/www.claret.cat\/es\/wp-json\/wp\/v2\/product"}],"about":[{"href":"https:\/\/www.claret.cat\/es\/wp-json\/wp\/v2\/types\/product"}],"wp:featuredmedia":[{"embeddable":true,"href":"https:\/\/www.claret.cat\/es\/wp-json\/wp\/v2\/media\/1086016"}],"wp:attachment":[{"href":"https:\/\/www.claret.cat\/es\/wp-json\/wp\/v2\/media?parent=1086015"}],"wp:term":[{"taxonomy":"product_brand","embeddable":true,"href":"https:\/\/www.claret.cat\/es\/wp-json\/wp\/v2\/product_brand?post=1086015"},{"taxonomy":"product_cat","embeddable":true,"href":"https:\/\/www.claret.cat\/es\/wp-json\/wp\/v2\/product_cat?post=1086015"},{"taxonomy":"product_tag","embeddable":true,"href":"https:\/\/www.claret.cat\/es\/wp-json\/wp\/v2\/product_tag?post=1086015"}],"curies":[{"name":"wp","href":"https:\/\/api.w.org\/{rel}","templated":true}]}}