{"id":1086018,"date":"2026-02-24T18:30:21","date_gmt":"2026-02-24T17:30:21","guid":{"rendered":"https:\/\/www.claret.cat\/llibre\/el-negocio-de-hacernos-creer-que-estamos-enfermos-9788410942493\/"},"modified":"2026-02-25T11:05:13","modified_gmt":"2026-02-25T10:05:13","slug":"el-negocio-de-hacernos-creer-que-estamos-enfermos-9788410942493","status":"publish","type":"product","link":"https:\/\/www.claret.cat\/es\/libro\/el-negocio-de-hacernos-creer-que-estamos-enfermos-9788410942493\/","title":{"rendered":"EL NEGOCIO DE HACERNOS CREER QUE ESTAMOS ENFERMOS"},"content":{"rendered":"<p>La sanidad es un negocio fabuloso. Hablamos de decenas de miles de millones de euros dedicados a prevenir y curar?, aunque no siempre sea as\u00ed. Este libro expone las pruebas de una realidad sobrecogedora: los beneficios a menudo se imponen a la salud p\u00fablica. El Dr. Juan Toral, m\u00e9dico especialista en Atenci\u00f3n Primaria y Urgencias, ha concluido una investigaci\u00f3n de m\u00e1s de dos a\u00f1os con la que disecciona la tupida red de intereses que vincula a las farmac\u00e9uticas, a la industria alimentaria, a las asociaciones m\u00e9dicas y a los medios que controlan la difusi\u00f3n del conocimiento cient\u00edfico, y que utiliza como c\u00f3mplices, a veces involuntarios, a gobiernos y organismos internacionales, como la OMS.  A trav\u00e9s de datos, ejemplos y un an\u00e1lisis cr\u00edtico, se demuestra c\u00f3mo condicionan los medicamentos que tomas, los alimentos que consumes y, en \u00faltima instancia, lo que crees saber. S\u00ed, una minor\u00eda est\u00e1 manipulando a la mayor\u00eda con un \u00fanico fin: engordar su cuenta de resultados aprovech\u00e1ndose de tus miedos.<\/p>\n","protected":false},"excerpt":{"rendered":"<p>JUAN TORAL<\/p>\n","protected":false},"featured_media":1086088,"template":"","meta":{"_acf_changed":false,"om_disable_all_campaigns":false,"rs_blank_template":"","rs_page_bg_color":"","slide_template_v7":"","inline_featured_image":false,"_monsterinsights_skip_tracking":false,"_monsterinsights_sitenote_active":false,"_monsterinsights_sitenote_note":"","_monsterinsights_sitenote_category":0},"product_brand":[],"product_cat":[547,97],"product_tag":[],"class_list":{"0":"post-1086018","1":"product","2":"type-product","3":"status-publish","4":"has-post-thumbnail","6":"product_cat-salud","7":"product_cat-salut","9":"first","10":"instock","11":"taxable","12":"shipping-taxable","13":"purchasable","14":"product-type-simple"},"acf":{"autor":"JUAN TORAL","codart":"841094249","libros-coleccion":"","ediciones":"1","encuadernacion":"R\u00fastica","fecha_de_publicacion":"01\/02\/2026","novedad":"1","paginas":"368","subtitulo":"LAS INDUSTRIAS FARMAC\u00c9UTICA Y ALIMENTARIA EST\u00c1N JUGANDO CON NUESTRA SALUD","orden":"0","portada":"0","idioma":"spa","booktrailer":"","resenas":"","editorial":[{"ID":6277,"post_author":"3","post_date":"2022-07-28 17:48:44","post_date_gmt":"2022-07-28 15:48:44","post_content":"","post_title":"LA ESFERA DE LOS LIBROS","post_excerpt":"","post_status":"publish","comment_status":"closed","ping_status":"closed","post_password":"","post_name":"la-esfera-de-los-libros","to_ping":"","pinged":"","post_modified":"2022-07-28 17:48:44","post_modified_gmt":"2022-07-28 15:48:44","post_content_filtered":"","post_parent":0,"guid":"http:\/\/dev.claret.cat\/editorial\/la-esfera-de-los-libros\/","menu_order":0,"post_type":"editorial","post_mime_type":"","comment_count":"0","filter":"raw"}]},"aioseo_notices":[],"_links":{"self":[{"href":"https:\/\/www.claret.cat\/es\/wp-json\/wp\/v2\/product\/1086018","targetHints":{"allow":["GET"]}}],"collection":[{"href":"https:\/\/www.claret.cat\/es\/wp-json\/wp\/v2\/product"}],"about":[{"href":"https:\/\/www.claret.cat\/es\/wp-json\/wp\/v2\/types\/product"}],"wp:featuredmedia":[{"embeddable":true,"href":"https:\/\/www.claret.cat\/es\/wp-json\/wp\/v2\/media\/1086088"}],"wp:attachment":[{"href":"https:\/\/www.claret.cat\/es\/wp-json\/wp\/v2\/media?parent=1086018"}],"wp:term":[{"taxonomy":"product_brand","embeddable":true,"href":"https:\/\/www.claret.cat\/es\/wp-json\/wp\/v2\/product_brand?post=1086018"},{"taxonomy":"product_cat","embeddable":true,"href":"https:\/\/www.claret.cat\/es\/wp-json\/wp\/v2\/product_cat?post=1086018"},{"taxonomy":"product_tag","embeddable":true,"href":"https:\/\/www.claret.cat\/es\/wp-json\/wp\/v2\/product_tag?post=1086018"}],"curies":[{"name":"wp","href":"https:\/\/api.w.org\/{rel}","templated":true}]}}