{"id":1086021,"date":"2026-02-24T18:30:49","date_gmt":"2026-02-24T17:30:49","guid":{"rendered":"https:\/\/www.claret.cat\/llibre\/despues-del-minuto-de-silencio-9788410942608\/"},"modified":"2026-02-25T10:50:53","modified_gmt":"2026-02-25T09:50:53","slug":"despues-del-minuto-de-silencio-9788410942608","status":"publish","type":"product","link":"https:\/\/www.claret.cat\/es\/libro\/despues-del-minuto-de-silencio-9788410942608\/","title":{"rendered":"DESPU\u00c9S DEL MINUTO DE SILENCIO"},"content":{"rendered":"<p>Los datos m\u00e1s recientes confirman que la violencia machista entre las nuevas generaciones ha crecido de manera alarmante y con fuerza renovada, al tiempo que el entorno digital, con sus nuevas plataformas, est\u00e1 causando da\u00f1os irreparables en miles de j\u00f3venes y menores. Cuarenta a\u00f1os despu\u00e9s de la primera campa\u00f1a institucional contra la violencia de g\u00e9nero en Espa\u00f1a, de miles de minutos de silencio, legislaci\u00f3n, sistemas de protecci\u00f3n y enconados debates, la vieja-nueva violencia contra las mujeres sigue siendo una lacra insoportable.  Despu\u00e9s del minuto de silencio pone voz a quienes casi nunca la tienen: las familias de las mujeres asesinadas. Madres, padres, hijas, hijos, hermanos y abuelas que sobreviven al crimen y cargan con un duelo imposible, con la culpa, el miedo, la soledad y la responsabilidad de seguir viviendo.  A trav\u00e9s de testimonios desgarradores y profundamente humanos, Elena Valenciano y Soraya Rodr\u00edguez nos llevan al d\u00eda despu\u00e9s del asesinato: al vac\u00edo que deja una hija, una hermana o una madre; a la indiferencia institucional; a la revictimizaci\u00f3n y al silencio social que a veces roza la complicidad.  Este libro es un acto de memoria, justicia y denuncia. Un relato coral que devuelve nombre, rostro e historia a quienes fueron reducidas a una estad\u00edstica y que confronta, sin concesiones, el negacionismo y la banalizaci\u00f3n de la violencia de g\u00e9nero.  Leer estas p\u00e1ginas es escuchar lo que no queremos o\u00edr sobre la violencia machista. Solo asumi\u00e9ndola en su terrible dimensi\u00f3n es posible que el minuto de silencio no sea el final, sino el comienzo de algo mejor.<\/p>\n","protected":false},"excerpt":{"rendered":"<p>SORAYA RODR\u00cdGUEZ<\/p>\n","protected":false},"featured_media":1086070,"template":"","meta":{"_acf_changed":false,"om_disable_all_campaigns":false,"rs_blank_template":"","rs_page_bg_color":"","slide_template_v7":"","inline_featured_image":false,"_monsterinsights_skip_tracking":false,"_monsterinsights_sitenote_active":false,"_monsterinsights_sitenote_note":"","_monsterinsights_sitenote_category":0},"product_brand":[],"product_cat":[372,164],"product_tag":[],"class_list":{"0":"post-1086021","1":"product","2":"type-product","3":"status-publish","4":"has-post-thumbnail","6":"product_cat-derechos-humanos","7":"product_cat-drets-humans","9":"first","10":"instock","11":"taxable","12":"shipping-taxable","13":"purchasable","14":"product-type-simple"},"acf":{"autor":"SORAYA RODR\u00cdGUEZ","codart":"841094260","libros-coleccion":"","ediciones":"1","encuadernacion":"R\u00fastica","fecha_de_publicacion":"01\/02\/2026","novedad":"1","paginas":"264","subtitulo":"HABLAN LAS FAMILIAS V\u00cdCTIMAS DE LA VIOLENCIA MACHISTA","orden":"0","portada":"0","idioma":"spa","booktrailer":"","resenas":"","editorial":[{"ID":6277,"post_author":"3","post_date":"2022-07-28 17:48:44","post_date_gmt":"2022-07-28 15:48:44","post_content":"","post_title":"LA ESFERA DE LOS LIBROS","post_excerpt":"","post_status":"publish","comment_status":"closed","ping_status":"closed","post_password":"","post_name":"la-esfera-de-los-libros","to_ping":"","pinged":"","post_modified":"2022-07-28 17:48:44","post_modified_gmt":"2022-07-28 15:48:44","post_content_filtered":"","post_parent":0,"guid":"http:\/\/dev.claret.cat\/editorial\/la-esfera-de-los-libros\/","menu_order":0,"post_type":"editorial","post_mime_type":"","comment_count":"0","filter":"raw"}]},"aioseo_notices":[],"_links":{"self":[{"href":"https:\/\/www.claret.cat\/es\/wp-json\/wp\/v2\/product\/1086021","targetHints":{"allow":["GET"]}}],"collection":[{"href":"https:\/\/www.claret.cat\/es\/wp-json\/wp\/v2\/product"}],"about":[{"href":"https:\/\/www.claret.cat\/es\/wp-json\/wp\/v2\/types\/product"}],"wp:featuredmedia":[{"embeddable":true,"href":"https:\/\/www.claret.cat\/es\/wp-json\/wp\/v2\/media\/1086070"}],"wp:attachment":[{"href":"https:\/\/www.claret.cat\/es\/wp-json\/wp\/v2\/media?parent=1086021"}],"wp:term":[{"taxonomy":"product_brand","embeddable":true,"href":"https:\/\/www.claret.cat\/es\/wp-json\/wp\/v2\/product_brand?post=1086021"},{"taxonomy":"product_cat","embeddable":true,"href":"https:\/\/www.claret.cat\/es\/wp-json\/wp\/v2\/product_cat?post=1086021"},{"taxonomy":"product_tag","embeddable":true,"href":"https:\/\/www.claret.cat\/es\/wp-json\/wp\/v2\/product_tag?post=1086021"}],"curies":[{"name":"wp","href":"https:\/\/api.w.org\/{rel}","templated":true}]}}