{"id":1086024,"date":"2026-02-24T18:35:02","date_gmt":"2026-02-24T17:35:02","guid":{"rendered":"https:\/\/www.claret.cat\/llibre\/isabel-pantoja-carne-y-mito-9788410942592\/"},"modified":"2026-02-25T10:56:39","modified_gmt":"2026-02-25T09:56:39","slug":"isabel-pantoja-carne-y-mito-9788410942592","status":"publish","type":"product","link":"https:\/\/www.claret.cat\/es\/libro\/isabel-pantoja-carne-y-mito-9788410942592\/","title":{"rendered":"ISABEL PANTOJA. CARNE Y MITO"},"content":{"rendered":"<p>\u00abAlgunos se dejar\u00edan matar por ella. Otros sienten rechazo hacia una mujer a punto de ser devorada por fuegos que ella misma hab\u00eda iniciado. La Pantoja ha demostrado una capacidad casi sobrehumana para sobrevivir, incluso, a su propio mito\u00bb. Isabel Pantoja es una de las figuras m\u00e1s influyentes y controvertidas de la cultura popular espa\u00f1ola. Idolatrada durante d\u00e9cadas y cuestionada con la misma intensidad, su biograf\u00eda parece escrita para poner a prueba los l\u00edmites del talento y el poder de la leyenda. El periodista \u00c1lex Ander aborda sin reverencias la trayectoria de una mujer que supo construir una carrera art\u00edstica deslumbrante mientras levantaba, casi sin quererlo, un personaje p\u00fablico lleno de claroscuros. Desde sus or\u00edgenes humildes en el barrio sevillano de Triana hasta su consagraci\u00f3n como diva de la copla, pasando por la viudez tr\u00e1gica que la convirti\u00f3 en icono nacional y los l\u00edos judiciales y familiares que erosionaron su imagen, este libro recorre los hitos fundamentales de una vida marcada por la ambici\u00f3n, la necesidad de control y la contradicci\u00f3n. No es simplemente la historia de una artista, sino tambi\u00e9n la de un clan, una forma de entender la fama y una relaci\u00f3n problem\u00e1tica con la verdad y la memoria.Tan lejos del paneg\u00edrico como del linchamiento, estas p\u00e1ginas cuestionan hasta qu\u00e9 punto el mito ha servido de refugio frente a los errores, as\u00ed como cu\u00e1nto hay en ella de v\u00edctima y cu\u00e1nto de estratega. Un retrato bien documentado de un personaje que sigue dividiendo a Espa\u00f1a.<\/p>\n","protected":false},"excerpt":{"rendered":"<p>ALEX ANDER<\/p>\n","protected":false},"featured_media":1086080,"template":"","meta":{"_acf_changed":false,"om_disable_all_campaigns":false,"rs_blank_template":"","rs_page_bg_color":"","slide_template_v7":"","inline_featured_image":false,"_monsterinsights_skip_tracking":false,"_monsterinsights_sitenote_active":false,"_monsterinsights_sitenote_note":"","_monsterinsights_sitenote_category":0},"product_brand":[],"product_cat":[549,99],"product_tag":[],"class_list":{"0":"post-1086024","1":"product","2":"type-product","3":"status-publish","4":"has-post-thumbnail","6":"product_cat-biografias","7":"product_cat-biografies","9":"first","10":"instock","11":"taxable","12":"shipping-taxable","13":"purchasable","14":"product-type-simple"},"acf":{"autor":"ALEX ANDER","codart":"841094259","libros-coleccion":"","ediciones":"1","encuadernacion":"R\u00fastica","fecha_de_publicacion":"01\/02\/2026","novedad":"1","paginas":"416","subtitulo":"","orden":"0","portada":"0","idioma":"spa","booktrailer":"","resenas":"","editorial":[{"ID":6277,"post_author":"3","post_date":"2022-07-28 17:48:44","post_date_gmt":"2022-07-28 15:48:44","post_content":"","post_title":"LA ESFERA DE LOS LIBROS","post_excerpt":"","post_status":"publish","comment_status":"closed","ping_status":"closed","post_password":"","post_name":"la-esfera-de-los-libros","to_ping":"","pinged":"","post_modified":"2022-07-28 17:48:44","post_modified_gmt":"2022-07-28 15:48:44","post_content_filtered":"","post_parent":0,"guid":"http:\/\/dev.claret.cat\/editorial\/la-esfera-de-los-libros\/","menu_order":0,"post_type":"editorial","post_mime_type":"","comment_count":"0","filter":"raw"}]},"aioseo_notices":[],"_links":{"self":[{"href":"https:\/\/www.claret.cat\/es\/wp-json\/wp\/v2\/product\/1086024","targetHints":{"allow":["GET"]}}],"collection":[{"href":"https:\/\/www.claret.cat\/es\/wp-json\/wp\/v2\/product"}],"about":[{"href":"https:\/\/www.claret.cat\/es\/wp-json\/wp\/v2\/types\/product"}],"wp:featuredmedia":[{"embeddable":true,"href":"https:\/\/www.claret.cat\/es\/wp-json\/wp\/v2\/media\/1086080"}],"wp:attachment":[{"href":"https:\/\/www.claret.cat\/es\/wp-json\/wp\/v2\/media?parent=1086024"}],"wp:term":[{"taxonomy":"product_brand","embeddable":true,"href":"https:\/\/www.claret.cat\/es\/wp-json\/wp\/v2\/product_brand?post=1086024"},{"taxonomy":"product_cat","embeddable":true,"href":"https:\/\/www.claret.cat\/es\/wp-json\/wp\/v2\/product_cat?post=1086024"},{"taxonomy":"product_tag","embeddable":true,"href":"https:\/\/www.claret.cat\/es\/wp-json\/wp\/v2\/product_tag?post=1086024"}],"curies":[{"name":"wp","href":"https:\/\/api.w.org\/{rel}","templated":true}]}}