{"id":1086027,"date":"2026-02-24T18:40:02","date_gmt":"2026-02-24T17:40:02","guid":{"rendered":"https:\/\/www.claret.cat\/llibre\/la-biblia-en-lenguaje-facil-ciclo-a-9788419640772\/"},"modified":"2026-02-26T13:00:37","modified_gmt":"2026-02-26T12:00:37","slug":"la-biblia-en-lenguaje-facil-ciclo-a-9788419640772","status":"publish","type":"product","link":"https:\/\/www.claret.cat\/es\/libro\/la-biblia-en-lenguaje-facil-ciclo-a-9788419640772\/","title":{"rendered":"LA BIBLIA EN LENGUAJE F\u00c1CIL. CICLO A"},"content":{"rendered":"<p>La Biblia en lenguaje f\u00e1cil es un proyecto de traslaci\u00f3n de los evangelios de los domingos a un lenguaje m\u00e1s compresible. Dirigido, en principio, a personas con limitaciones cognitivas, los textos han sido tambi\u00e9n utilizados en las catequesis con ni\u00f1os, con migrantes?<br \/> El lenguaje f\u00e1cil otorga una nueva resonancia a la Palabra de Dios y por eso pueden ser tambi\u00e9n utilizados con provecho por todo tipo de lector.<br \/> La versi\u00f3n que aqu\u00ed ofrecemos es traducci\u00f3n de una realizada por la Katholisches BiBel Werk, de Stuttgart.<br \/> En el proyecto han participado biblistas, pastoralistas, psic\u00f3logos, trabajadores sociales, etc.<br \/> La editorial San Esteban-Edibesa ofrece en esta ocasi\u00f3n los textos del ciclo A. En a\u00f1os sucesivos ir\u00e1 ofreciendo los otros ciclos y adem\u00e1s tres colecciones de textos del Nuevo Testamento.<\/p>\n","protected":false},"excerpt":{"rendered":"<p>DIETER BAUER<\/p>\n","protected":false},"featured_media":1086567,"template":"","meta":{"_acf_changed":false,"om_disable_all_campaigns":false,"rs_blank_template":"","rs_page_bg_color":"","slide_template_v7":"","inline_featured_image":false,"_monsterinsights_skip_tracking":false,"_monsterinsights_sitenote_active":false,"_monsterinsights_sitenote_note":"","_monsterinsights_sitenote_category":0},"product_brand":[],"product_cat":[420,296],"product_tag":[],"class_list":{"0":"post-1086027","1":"product","2":"type-product","3":"status-publish","4":"has-post-thumbnail","6":"product_cat-biblias","7":"product_cat-biblies","9":"first","10":"instock","11":"taxable","12":"shipping-taxable","13":"purchasable","14":"product-type-simple"},"acf":{"autor":"DIETER BAUER","codart":"841964077","libros-coleccion":"","ediciones":"1","encuadernacion":"R\u00fastica","fecha_de_publicacion":"01\/12\/2025","novedad":"1","paginas":"324","subtitulo":"EVANGELIOS DE LOS DOMINGOS Y FESTIVOS","orden":"0","portada":"0","idioma":"spa","booktrailer":"","resenas":"","editorial":[{"ID":147774,"post_author":"3","post_date":"2022-10-14 11:53:07","post_date_gmt":"2022-10-14 09:53:07","post_content":"","post_title":"EDIBESA","post_excerpt":"","post_status":"publish","comment_status":"closed","ping_status":"closed","post_password":"","post_name":"edibesa","to_ping":"","pinged":"","post_modified":"2022-10-14 11:53:07","post_modified_gmt":"2022-10-14 09:53:07","post_content_filtered":"","post_parent":0,"guid":"http:\/\/dev.claret.cat\/editorial\/edibesa\/","menu_order":0,"post_type":"editorial","post_mime_type":"","comment_count":"0","filter":"raw"}]},"aioseo_notices":[],"_links":{"self":[{"href":"https:\/\/www.claret.cat\/es\/wp-json\/wp\/v2\/product\/1086027","targetHints":{"allow":["GET"]}}],"collection":[{"href":"https:\/\/www.claret.cat\/es\/wp-json\/wp\/v2\/product"}],"about":[{"href":"https:\/\/www.claret.cat\/es\/wp-json\/wp\/v2\/types\/product"}],"wp:featuredmedia":[{"embeddable":true,"href":"https:\/\/www.claret.cat\/es\/wp-json\/wp\/v2\/media\/1086567"}],"wp:attachment":[{"href":"https:\/\/www.claret.cat\/es\/wp-json\/wp\/v2\/media?parent=1086027"}],"wp:term":[{"taxonomy":"product_brand","embeddable":true,"href":"https:\/\/www.claret.cat\/es\/wp-json\/wp\/v2\/product_brand?post=1086027"},{"taxonomy":"product_cat","embeddable":true,"href":"https:\/\/www.claret.cat\/es\/wp-json\/wp\/v2\/product_cat?post=1086027"},{"taxonomy":"product_tag","embeddable":true,"href":"https:\/\/www.claret.cat\/es\/wp-json\/wp\/v2\/product_tag?post=1086027"}],"curies":[{"name":"wp","href":"https:\/\/api.w.org\/{rel}","templated":true}]}}