{"id":1086061,"date":"2026-02-25T10:40:25","date_gmt":"2026-02-25T09:40:25","guid":{"rendered":"https:\/\/www.claret.cat\/llibre\/luz-y-tinieblas-bendecid-al-senor-la-sierva-de-dios-carmen-hernandez-barreras-9788433039880\/"},"modified":"2026-03-20T18:50:15","modified_gmt":"2026-03-20T17:50:15","slug":"luz-y-tinieblas-bendecid-al-senor-la-sierva-de-dios-carmen-hernandez-barreras-9788433039880","status":"publish","type":"product","link":"https:\/\/www.claret.cat\/es\/libro\/luz-y-tinieblas-bendecid-al-senor-la-sierva-de-dios-carmen-hernandez-barreras-9788433039880\/","title":{"rendered":"LUZ Y TINIEBLAS, BENDECID AL SE\u00d1OR. LA SIERVA DE DIOS CARMEN HERN\u00c1NDEZ BARRERAS"},"content":{"rendered":"<p>Tengo el placer de presentar un primer estudio sobre la presencia de Carmen Hern\u00e1ndez Barrera en Barcelona en los a\u00f1os 1962-1964, nueve a\u00f1os antes de la que ser\u00e1 su segunda llegada a la ciudad, cuando Kiko Arg\u00fcello y Carmen (fundadores del Camino Neocatecumenal) fueron llamados a dar catequesis en la parroquia de Mar\u00eda Auxiliadora en Sarri\u00e0 (Barcelona). <\/p>\n<p> Barcelona ha sido un lugar clave en el camino de crecimiento espiritual y humano de la protagonista de este libro. En el a\u00f1o 1962, Carmen Hern\u00e1ndez vivi\u00f3 en Barcelona sus \u00faltimos meses en la Congregaci\u00f3n de las Misioneras de Cristo Jes\u00fas, a la que tanto quiso. En Barcelona, esperando que el Se\u00f1or le mostrara cu\u00e1l ser\u00eda su vocaci\u00f3n, empez\u00f3 a convivir con los pobres y a trabajar en varias f\u00e1bricas de la ciudad. En Barcelona, junto con varias amigas, proyect\u00f3 irse como misionera a Bolivia. Desde Barcelona inici\u00f3 su peregrinaci\u00f3n a Tierra Santa en el mes de agosto de 1963. Y a Barcelona regres\u00f3 en el mes de julio de 1964, desde donde, una semana despu\u00e9s, se desplaz\u00f3 a Madrid. <\/p>\n<p> Estos hechos, presentados por los autores -dos miembros de las Comunidades Neocatecumenales de Barcelona-, son in\u00e9ditos en gran parte y, desgranados aqu\u00ed cronol\u00f3gicamente, se leen con mucho inter\u00e9s.<\/p>\n<p> De la presentaci\u00f3n del Arzobispo de Barcelona, Juan Jos\u00e9 Card. Omella<\/p>\n","protected":false},"excerpt":{"rendered":"<p>JORGE BORRELL CALONGE<\/p>\n","protected":false},"featured_media":1086936,"template":"","meta":{"_acf_changed":false,"om_disable_all_campaigns":false,"rs_blank_template":"","rs_page_bg_color":"","slide_template_v7":"","inline_featured_image":false,"_monsterinsights_skip_tracking":false,"_monsterinsights_sitenote_active":false,"_monsterinsights_sitenote_note":"","_monsterinsights_sitenote_category":0},"product_brand":[],"product_cat":[491,241,240,395],"product_tag":[],"class_list":{"0":"post-1086061","1":"product","2":"type-product","3":"status-publish","4":"has-post-thumbnail","6":"product_cat-testimonios","7":"product_cat-testimonis","8":"product_cat-vida-religiosa-espiritualitat","9":"product_cat-vida-religiosa-espiritualidad-1_espiritualidad","11":"first","12":"instock","13":"taxable","14":"shipping-taxable","15":"purchasable","16":"product-type-simple"},"acf":{"autor":"JORGE BORRELL CALONGE","codart":"843303988","libros-coleccion":"","ediciones":"1","encuadernacion":"R\u00fastica","fecha_de_publicacion":"01\/02\/2026","novedad":"1","paginas":"115","subtitulo":"LA SIERVA DE DIOS CARMEN HERNANDEZ BARRERAS EN BARCELONA, 1962-1964","orden":"0","portada":"1","idioma":"spa","booktrailer":"","resenas":"","editorial":[{"ID":6179,"post_author":"3","post_date":"2022-07-28 17:46:36","post_date_gmt":"2022-07-28 15:46:36","post_content":"","post_title":"DESCLEE DE BROUWER","post_excerpt":"","post_status":"publish","comment_status":"closed","ping_status":"closed","post_password":"","post_name":"desclee-de-brouwer","to_ping":"","pinged":"","post_modified":"2022-07-28 17:46:36","post_modified_gmt":"2022-07-28 15:46:36","post_content_filtered":"","post_parent":0,"guid":"http:\/\/dev.claret.cat\/editorial\/desclee-de-brouwer\/","menu_order":0,"post_type":"editorial","post_mime_type":"","comment_count":"0","filter":"raw"}]},"aioseo_notices":[],"_links":{"self":[{"href":"https:\/\/www.claret.cat\/es\/wp-json\/wp\/v2\/product\/1086061","targetHints":{"allow":["GET"]}}],"collection":[{"href":"https:\/\/www.claret.cat\/es\/wp-json\/wp\/v2\/product"}],"about":[{"href":"https:\/\/www.claret.cat\/es\/wp-json\/wp\/v2\/types\/product"}],"wp:featuredmedia":[{"embeddable":true,"href":"https:\/\/www.claret.cat\/es\/wp-json\/wp\/v2\/media\/1086936"}],"wp:attachment":[{"href":"https:\/\/www.claret.cat\/es\/wp-json\/wp\/v2\/media?parent=1086061"}],"wp:term":[{"taxonomy":"product_brand","embeddable":true,"href":"https:\/\/www.claret.cat\/es\/wp-json\/wp\/v2\/product_brand?post=1086061"},{"taxonomy":"product_cat","embeddable":true,"href":"https:\/\/www.claret.cat\/es\/wp-json\/wp\/v2\/product_cat?post=1086061"},{"taxonomy":"product_tag","embeddable":true,"href":"https:\/\/www.claret.cat\/es\/wp-json\/wp\/v2\/product_tag?post=1086061"}],"curies":[{"name":"wp","href":"https:\/\/api.w.org\/{rel}","templated":true}]}}