{"id":1086097,"date":"2026-02-25T11:30:02","date_gmt":"2026-02-25T10:30:02","guid":{"rendered":"https:\/\/www.claret.cat\/llibre\/el-americano-tranquilo-9788410178915\/"},"modified":"2026-02-25T19:05:22","modified_gmt":"2026-02-25T18:05:22","slug":"el-americano-tranquilo-9788410178915","status":"publish","type":"product","link":"https:\/\/www.claret.cat\/es\/libro\/el-americano-tranquilo-9788410178915\/","title":{"rendered":"EL AMERICANO TRANQUILO"},"content":{"rendered":"<p>Una de las novelas esenciales del gran cronista moral del siglo xx.<br \/> Alden Pyle es un estadounidense joven e idealista que acaba de llegar a Saig\u00f3n en plena guerra de independencia de Indochina para trabajar en la llamada Misi\u00f3n de Ayuda Econ\u00f3mica norteamericana. All\u00ed entabla amistad con Thomas Fowler, un c\u00ednico y curtido corresponsal de guerra brit\u00e1nico que mantiene una relaci\u00f3n con una joven vietnamita, Phuong, cuya presencia no tarda en despertar el inter\u00e9s del americano. Meses despu\u00e9s, cuando Fowler se entere de que Pyle ha sido asesinado, lo recordar\u00e1 con estas palabras: \u00abNunca he conocido a un hombre que tuviese mejores motivos para los problemas que causaba\u00bb.<br \/> Publicada originalmente en 1955 y llevada al cine en dos ocasiones, El americano tranquilo es una de las obras m\u00e1s emblem\u00e1ticas de Graham Greene. Inspirada en las propias vivencias del autor a comienzos de los cincuenta, cuando cubri\u00f3 el conflicto entre Francia y el Vietminh, esta novela que cuestiona el imperialismo estadounidense explora tambi\u00e9n algunos de los temas predilectos del escritor, como la ambig\u00fcedad moral, el amor o la culpa.<br \/> \u00abDe entre todas sus novelas, esta es mi favorita.\u00bb Ian McEwan<br \/> \u00abEs imposible imaginar a nadie que pudiera entretejer mejor los complicados hilos de la Indochina devastada por la guerra en una novela tan lineal, tan compacta tem\u00e1ticamente y tan disfrutable como esta.\u00bb Zadie Smith<br \/> \u00abUna narraci\u00f3n intrigante de principio a fin.\u00bb The Atlantic<br \/> \u00ab\u00danico e inimitable&#8230; Ser\u00e1 le\u00eddo y recordado como el mayor cronista de la conciencia y las inquietudes del hombre del siglo xx.\u00bb William Golding<br \/> \u00abUn maestro de la narraci\u00f3n.\u00bb The Times<\/p>\n","protected":false},"excerpt":{"rendered":"<p>GRAHAM GREENE<\/p>\n","protected":false},"featured_media":1086480,"template":"","meta":{"_acf_changed":false,"om_disable_all_campaigns":false,"rs_blank_template":"","rs_page_bg_color":"","slide_template_v7":"","inline_featured_image":false,"_monsterinsights_skip_tracking":false,"_monsterinsights_sitenote_active":false,"_monsterinsights_sitenote_note":"","_monsterinsights_sitenote_category":0},"product_brand":[],"product_cat":[127,357],"product_tag":[],"class_list":{"0":"post-1086097","1":"product","2":"type-product","3":"status-publish","4":"has-post-thumbnail","6":"product_cat-novella-contemporania","7":"product_cat-novela-contemporanea","9":"first","10":"instock","11":"taxable","12":"shipping-taxable","13":"purchasable","14":"product-type-simple"},"acf":{"autor":"GRAHAM GREENE","codart":"841017891","libros-coleccion":"","ediciones":"1","encuadernacion":"R\u00fastica","fecha_de_publicacion":"01\/03\/2026","novedad":"1","paginas":"260","subtitulo":"","orden":"0","portada":"0","idioma":"spa","booktrailer":"","resenas":"","editorial":[{"ID":6288,"post_author":"3","post_date":"2022-07-28 17:48:58","post_date_gmt":"2022-07-28 15:48:58","post_content":"","post_title":"LIBROS DEL ASTEROIDE","post_excerpt":"","post_status":"publish","comment_status":"closed","ping_status":"closed","post_password":"","post_name":"libros-del-asteroide","to_ping":"","pinged":"","post_modified":"2022-07-28 17:48:58","post_modified_gmt":"2022-07-28 15:48:58","post_content_filtered":"","post_parent":0,"guid":"http:\/\/dev.claret.cat\/editorial\/libros-del-asteroide\/","menu_order":0,"post_type":"editorial","post_mime_type":"","comment_count":"0","filter":"raw"}]},"aioseo_notices":[],"_links":{"self":[{"href":"https:\/\/www.claret.cat\/es\/wp-json\/wp\/v2\/product\/1086097","targetHints":{"allow":["GET"]}}],"collection":[{"href":"https:\/\/www.claret.cat\/es\/wp-json\/wp\/v2\/product"}],"about":[{"href":"https:\/\/www.claret.cat\/es\/wp-json\/wp\/v2\/types\/product"}],"wp:featuredmedia":[{"embeddable":true,"href":"https:\/\/www.claret.cat\/es\/wp-json\/wp\/v2\/media\/1086480"}],"wp:attachment":[{"href":"https:\/\/www.claret.cat\/es\/wp-json\/wp\/v2\/media?parent=1086097"}],"wp:term":[{"taxonomy":"product_brand","embeddable":true,"href":"https:\/\/www.claret.cat\/es\/wp-json\/wp\/v2\/product_brand?post=1086097"},{"taxonomy":"product_cat","embeddable":true,"href":"https:\/\/www.claret.cat\/es\/wp-json\/wp\/v2\/product_cat?post=1086097"},{"taxonomy":"product_tag","embeddable":true,"href":"https:\/\/www.claret.cat\/es\/wp-json\/wp\/v2\/product_tag?post=1086097"}],"curies":[{"name":"wp","href":"https:\/\/api.w.org\/{rel}","templated":true}]}}