{"id":1086100,"date":"2026-02-25T11:30:17","date_gmt":"2026-02-25T10:30:17","guid":{"rendered":"https:\/\/www.claret.cat\/llibre\/breve-historia-de-bizancio-9791387592509\/"},"modified":"2026-02-25T19:06:02","modified_gmt":"2026-02-25T18:06:02","slug":"breve-historia-de-bizancio-9791387592509","status":"publish","type":"product","link":"https:\/\/www.claret.cat\/es\/libro\/breve-historia-de-bizancio-9791387592509\/","title":{"rendered":"BREVE HISTORIA DE BIZANCIO"},"content":{"rendered":"<p>La historia completa del Imperio romano de Oriente<\/p>\n<p> Durante un milenio, Bizancio fue Roma en Oriente. Desde Constantinopla, la Reina de las Ciudades, urbe de c\u00fapulas inmensas y murallas imponentes, el Imperio bizantino mantuvo viva la idea imperial cuando Occidente se fragmentaba. En Bizancio confluyeron el legado cl\u00e1sico, la cultura cristiana y una sofisticaci\u00f3n pol\u00edtica que permitieron al imperio resistir invasiones, crisis internas y profundas transformaciones, y convertirse en una de las grandes civilizaciones de la Edad Media.<\/p>\n<p> John Julius Norwich, maestro absoluto de la historia narrativa, nos sumerge en la historia de un imperio que supo mantener su influencia durante m\u00e1s de un milenio: Norwich nos muestra el proyecto visionario de Constantino, las conquistas de Justiniano y tambi\u00e9n las intrigas de palacio y c\u00f3mo la autoridad imperial fue ejercida no solo por emperadores y generales, sino tambi\u00e9n por emperatrices, como Irene o Teodora. Frente a Bizancio se alzaron enemigos continuamente \u2014como \u00e1rabes, normandos, cruzados, almog\u00e1vares y turcos\u2014, y a menudo Constantinopla fue el gran escenario donde se decidi\u00f3 no solo el destino del imperio, sino de toda Europa.<\/p>\n<p> Con una prosa clara y elegante, Norwich nos gu\u00eda hasta 1453, cuando la tr\u00e1gica ca\u00edda de Constantinopla puso fin a una brillante civilizaci\u00f3n y, para muchos, a toda una era. Breve historia de Bizancio es una obra fundamental para descubrir la historia del Imperio bizantino.<\/p>\n","protected":false},"excerpt":{"rendered":"<p>JOHN JULIUS NORWICH<\/p>\n","protected":false},"featured_media":1086484,"template":"","meta":{"_acf_changed":false,"om_disable_all_campaigns":false,"rs_blank_template":"","rs_page_bg_color":"","slide_template_v7":"","inline_featured_image":false,"_monsterinsights_skip_tracking":false,"_monsterinsights_sitenote_active":false,"_monsterinsights_sitenote_note":"","_monsterinsights_sitenote_category":0},"product_brand":[],"product_cat":[149,427],"product_tag":[],"class_list":{"0":"post-1086100","1":"product","2":"type-product","3":"status-publish","4":"has-post-thumbnail","6":"product_cat-medieval","7":"product_cat-medieval-historia-2_humanidades","9":"first","10":"instock","11":"taxable","12":"shipping-taxable","13":"purchasable","14":"product-type-simple"},"acf":{"autor":"JOHN JULIUS NORWICH","codart":"138759250","libros-coleccion":"","ediciones":"1","encuadernacion":"Carton\u00e9","fecha_de_publicacion":"01\/03\/2026","novedad":"1","paginas":"644","subtitulo":"","orden":"0","portada":"0","idioma":"spa","booktrailer":"","resenas":"","editorial":[{"ID":6131,"post_author":"3","post_date":"2022-07-28 17:45:33","post_date_gmt":"2022-07-28 15:45:33","post_content":"","post_title":"ATICO DE LOS LIBROS","post_excerpt":"","post_status":"publish","comment_status":"closed","ping_status":"closed","post_password":"","post_name":"atico-de-los-libros","to_ping":"","pinged":"","post_modified":"2022-07-28 17:45:33","post_modified_gmt":"2022-07-28 15:45:33","post_content_filtered":"","post_parent":0,"guid":"http:\/\/dev.claret.cat\/editorial\/atico-de-los-libros\/","menu_order":0,"post_type":"editorial","post_mime_type":"","comment_count":"0","filter":"raw"}]},"aioseo_notices":[],"_links":{"self":[{"href":"https:\/\/www.claret.cat\/es\/wp-json\/wp\/v2\/product\/1086100","targetHints":{"allow":["GET"]}}],"collection":[{"href":"https:\/\/www.claret.cat\/es\/wp-json\/wp\/v2\/product"}],"about":[{"href":"https:\/\/www.claret.cat\/es\/wp-json\/wp\/v2\/types\/product"}],"wp:featuredmedia":[{"embeddable":true,"href":"https:\/\/www.claret.cat\/es\/wp-json\/wp\/v2\/media\/1086484"}],"wp:attachment":[{"href":"https:\/\/www.claret.cat\/es\/wp-json\/wp\/v2\/media?parent=1086100"}],"wp:term":[{"taxonomy":"product_brand","embeddable":true,"href":"https:\/\/www.claret.cat\/es\/wp-json\/wp\/v2\/product_brand?post=1086100"},{"taxonomy":"product_cat","embeddable":true,"href":"https:\/\/www.claret.cat\/es\/wp-json\/wp\/v2\/product_cat?post=1086100"},{"taxonomy":"product_tag","embeddable":true,"href":"https:\/\/www.claret.cat\/es\/wp-json\/wp\/v2\/product_tag?post=1086100"}],"curies":[{"name":"wp","href":"https:\/\/api.w.org\/{rel}","templated":true}]}}