{"id":1086106,"date":"2026-02-25T11:35:02","date_gmt":"2026-02-25T10:35:02","guid":{"rendered":"https:\/\/www.claret.cat\/llibre\/los-creyentes-9791387597368\/"},"modified":"2026-02-25T13:05:43","modified_gmt":"2026-02-25T12:05:43","slug":"los-creyentes-9791387597368","status":"publish","type":"product","link":"https:\/\/www.claret.cat\/es\/libro\/los-creyentes-9791387597368\/","title":{"rendered":"LOS CREYENTES"},"content":{"rendered":"<p>\u00abLos creyentes\u00bb comienza con Diana Walsh Pasulka, autora de este libro, con los ojos vendados. Diana es historiadora de las religiones y directora del Departamento de Filosof\u00eda y Religi\u00f3n de la Universidad de Carolina del Norte, pero ahora viaja a ciegas en un veh\u00edculo gubernamental por una zona de exclusi\u00f3n a\u00e9rea en el desierto de Nuevo M\u00e9xico. Aunque tiene miedo, ha decidido llevar esta investigaci\u00f3n hasta el final. Ha entrevistado a algunos de los astrof\u00edsicos y bi\u00f3logos moleculares m\u00e1s destacados del mundo, a ingenieros de la NASA, a millonarios de Silicon Valley y a personajes enigm\u00e1ticos como Tyler, el hombre responsable del despegue de los principales transbordadores espaciales norteamericanos (Columbia, Challenger, etc.), que ahora se dedica a dise\u00f1ar tecnolog\u00edas revolucionarias inspirado por una inteligencia no humana. Le han asegurado que lo que ver\u00e1 tras quitarse la venda merecer\u00e1 la pena.<\/p>\n<p> Este no es, por tanto, un libro sobre marcianos. Es la cr\u00f3nica en primera persona de alguien que se cuela en una \u00abuniversidad invisible\u00bb de cient\u00edficos de alt\u00edsimo nivel y agentes gubernamentales que estudian con total seriedad ovnis en secreto, mientras los medios de comunicaci\u00f3n fabrican conspiraciones y series de culto a partir de retazos de su trabajo. Pasulka analiza con lucidez c\u00f3mo esos relatos, mezclados con el ruido de internet y la cultura pop, est\u00e1n conformando algo inesperado: una nueva religi\u00f3n, con sus lugares sagrados y sus propias reliquias. Y lo m\u00e1s interesante: comprende que las experiencias y encuentros que testimonian estos \u00abnuevos creyentes\u00bb coinciden punto por punto con los que han quedado recogidos durante siglos en miles de documentos hist\u00f3rico-religiosos, como los del Archivo Secreto Vaticano, donde la autora encontrar\u00e1 el cierre que necesitaba para su investigaci\u00f3n.<\/p>\n<p> De este modo, \u00abLos creyentes\u00bb nos cuenta c\u00f3mo el ovni se ha convertido en s\u00edmbolo de esperanza, miedo, salvaci\u00f3n y sentido en un mundo hipertecnol\u00f3gico. Tras leer este libro, observar\u00e1s de otra manera el cielo, pero tambi\u00e9n tu m\u00f3vil, tus series favoritas y tu relaci\u00f3n con la ciencia. Porque, quiz\u00e1, ya estamos adorando a nuestros nuevos \u00abdioses\u00bb sin ni siquiera saberlo.<\/p>\n","protected":false},"excerpt":{"rendered":"<p>DIANA WALSH PASULKA<\/p>\n","protected":false},"featured_media":1086151,"template":"","meta":{"_acf_changed":false,"om_disable_all_campaigns":false,"rs_blank_template":"","rs_page_bg_color":"","slide_template_v7":"","inline_featured_image":false,"_monsterinsights_skip_tracking":false,"_monsterinsights_sitenote_active":false,"_monsterinsights_sitenote_note":"","_monsterinsights_sitenote_category":0},"product_brand":[],"product_cat":[90,540],"product_tag":[],"class_list":{"0":"post-1086106","1":"product","2":"type-product","3":"status-publish","4":"has-post-thumbnail","6":"product_cat-altres","7":"product_cat-otros","9":"first","10":"instock","11":"taxable","12":"shipping-taxable","13":"purchasable","14":"product-type-simple"},"acf":{"autor":"DIANA WALSH PASULKA","codart":"138759736","libros-coleccion":"","ediciones":"1","encuadernacion":"R\u00fastica","fecha_de_publicacion":"01\/03\/2026","novedad":"1","paginas":"260","subtitulo":"UN ENSAYO SOBRE OVNIS, TECNOLOG\u00cdA DESCONOCIDA Y EL INESPERADO ORIGEN DE UNA NUEV","orden":"0","portada":"0","idioma":"spa","booktrailer":"","resenas":"","editorial":[{"ID":148106,"post_author":"3","post_date":"2022-10-14 11:55:41","post_date_gmt":"2022-10-14 09:55:41","post_content":"","post_title":"ERRATA NATURAE EDITORES","post_excerpt":"","post_status":"publish","comment_status":"closed","ping_status":"closed","post_password":"","post_name":"errata-naturae-editores","to_ping":"","pinged":"","post_modified":"2022-10-14 11:55:41","post_modified_gmt":"2022-10-14 09:55:41","post_content_filtered":"","post_parent":0,"guid":"http:\/\/dev.claret.cat\/editorial\/errata-naturae-editores\/","menu_order":0,"post_type":"editorial","post_mime_type":"","comment_count":"0","filter":"raw"}]},"aioseo_notices":[],"_links":{"self":[{"href":"https:\/\/www.claret.cat\/es\/wp-json\/wp\/v2\/product\/1086106","targetHints":{"allow":["GET"]}}],"collection":[{"href":"https:\/\/www.claret.cat\/es\/wp-json\/wp\/v2\/product"}],"about":[{"href":"https:\/\/www.claret.cat\/es\/wp-json\/wp\/v2\/types\/product"}],"wp:featuredmedia":[{"embeddable":true,"href":"https:\/\/www.claret.cat\/es\/wp-json\/wp\/v2\/media\/1086151"}],"wp:attachment":[{"href":"https:\/\/www.claret.cat\/es\/wp-json\/wp\/v2\/media?parent=1086106"}],"wp:term":[{"taxonomy":"product_brand","embeddable":true,"href":"https:\/\/www.claret.cat\/es\/wp-json\/wp\/v2\/product_brand?post=1086106"},{"taxonomy":"product_cat","embeddable":true,"href":"https:\/\/www.claret.cat\/es\/wp-json\/wp\/v2\/product_cat?post=1086106"},{"taxonomy":"product_tag","embeddable":true,"href":"https:\/\/www.claret.cat\/es\/wp-json\/wp\/v2\/product_tag?post=1086106"}],"curies":[{"name":"wp","href":"https:\/\/api.w.org\/{rel}","templated":true}]}}