{"id":1086109,"date":"2026-02-25T11:35:16","date_gmt":"2026-02-25T10:35:16","guid":{"rendered":"https:\/\/www.claret.cat\/llibre\/desmitificando-la-edad-media-peninsular-9788410675445\/"},"modified":"2026-02-25T19:05:43","modified_gmt":"2026-02-25T18:05:43","slug":"desmitificando-la-edad-media-peninsular-9788410675445","status":"publish","type":"product","link":"https:\/\/www.claret.cat\/es\/libro\/desmitificando-la-edad-media-peninsular-9788410675445\/","title":{"rendered":"DESMITIFICANDO LA EDAD MEDIA PENINSULAR"},"content":{"rendered":"<p>La cr\u00edtica a la llamada leyenda negra espa\u00f1ola ha derivado con frecuencia en su reverso acr\u00edtico: una leyenda rosa igualmente falsificadora del pasado. Desde el romanticismo hasta la historiograf\u00eda moderna, la idealizaci\u00f3n de la Edad Media ha alimentado mitos nacionales que presentan la historia como un relato continuo de identidad, fe y destino colectivo. En el caso espa\u00f1ol, la cronolog\u00eda misma del per\u00edodo \u2014de 711 a 1492\u2014 revela una lectura orientada por la idea de la lucha contra el islam como origen de la naci\u00f3n. Esta narrativa, promovida especialmente durante el franquismo, y tambi\u00e9n en democracia, por instituciones, manuales escolares y discursos p\u00fablicos, no es inocente: cumple funciones de legitimaci\u00f3n pol\u00edtica y genera v\u00ednculos emocionales que refuerzan la idea de un nosotros que se enfrente a ellos. Este libro ofrece herramientas para reconocer c\u00f3mo el pasado se selecciona, se edulcora y se tergiversa para justificar identidades e inadmisibles exclusiones en el presente.<br \/> Alejandro Garc\u00eda Sanju\u00e1n es catedr\u00e1tico de Historia Medieval en la Universidad de Huelva. Su principal campo de investigaci\u00f3n es el medievo peninsular, con especial atenci\u00f3n a al-Andalus.<\/p>\n","protected":false},"excerpt":{"rendered":"<p>ALEJANDRO GARC\u00cdA SANJU\u00c1N<\/p>\n","protected":false},"featured_media":1086482,"template":"","meta":{"_acf_changed":false,"om_disable_all_campaigns":false,"rs_blank_template":"","rs_page_bg_color":"","slide_template_v7":"","inline_featured_image":false,"_monsterinsights_skip_tracking":false,"_monsterinsights_sitenote_active":false,"_monsterinsights_sitenote_note":"","_monsterinsights_sitenote_category":0},"product_brand":[],"product_cat":[431,154,149,427],"product_tag":[],"class_list":{"0":"post-1086109","1":"product","2":"type-product","3":"status-publish","4":"has-post-thumbnail","6":"product_cat-espana","7":"product_cat-espanaya","8":"product_cat-medieval","9":"product_cat-medieval-historia-2_humanidades","11":"first","12":"instock","13":"taxable","14":"shipping-taxable","15":"purchasable","16":"product-type-simple"},"acf":{"autor":"ALEJANDRO GARC\u00cdA SANJU\u00c1N","codart":"841067544","libros-coleccion":"","ediciones":"1","encuadernacion":"R\u00fastica","fecha_de_publicacion":"01\/02\/2026","novedad":"1","paginas":"222","subtitulo":"C\u00d3MO Y POR QU\u00c9 SE HA CONSTRUIDO UNA HISTORIA QUE NO EXISTI\u00d3","orden":"0","portada":"0","idioma":"spa","booktrailer":"","resenas":"","editorial":[{"ID":262219,"post_author":"3","post_date":"2022-10-24 11:21:29","post_date_gmt":"2022-10-24 09:21:29","post_content":"","post_title":"La catarata","post_excerpt":"","post_status":"publish","comment_status":"closed","ping_status":"closed","post_password":"","post_name":"la-catarata","to_ping":"","pinged":"","post_modified":"2022-10-24 11:21:29","post_modified_gmt":"2022-10-24 09:21:29","post_content_filtered":"","post_parent":0,"guid":"http:\/\/dev.claret.cat\/editorial\/la-catarata\/","menu_order":0,"post_type":"editorial","post_mime_type":"","comment_count":"0","filter":"raw"}]},"aioseo_notices":[],"_links":{"self":[{"href":"https:\/\/www.claret.cat\/es\/wp-json\/wp\/v2\/product\/1086109","targetHints":{"allow":["GET"]}}],"collection":[{"href":"https:\/\/www.claret.cat\/es\/wp-json\/wp\/v2\/product"}],"about":[{"href":"https:\/\/www.claret.cat\/es\/wp-json\/wp\/v2\/types\/product"}],"wp:featuredmedia":[{"embeddable":true,"href":"https:\/\/www.claret.cat\/es\/wp-json\/wp\/v2\/media\/1086482"}],"wp:attachment":[{"href":"https:\/\/www.claret.cat\/es\/wp-json\/wp\/v2\/media?parent=1086109"}],"wp:term":[{"taxonomy":"product_brand","embeddable":true,"href":"https:\/\/www.claret.cat\/es\/wp-json\/wp\/v2\/product_brand?post=1086109"},{"taxonomy":"product_cat","embeddable":true,"href":"https:\/\/www.claret.cat\/es\/wp-json\/wp\/v2\/product_cat?post=1086109"},{"taxonomy":"product_tag","embeddable":true,"href":"https:\/\/www.claret.cat\/es\/wp-json\/wp\/v2\/product_tag?post=1086109"}],"curies":[{"name":"wp","href":"https:\/\/api.w.org\/{rel}","templated":true}]}}