{"id":1086115,"date":"2026-02-25T11:35:50","date_gmt":"2026-02-25T10:35:50","guid":{"rendered":"https:\/\/www.claret.cat\/llibre\/lobo-que-domino-sus-emociones-9791039523042\/"},"modified":"2026-04-01T14:59:04","modified_gmt":"2026-04-01T12:59:04","slug":"lobo-que-domino-sus-emociones-9791039523042","status":"publish","type":"product","link":"https:\/\/www.claret.cat\/es\/libro\/lobo-que-domino-sus-emociones-9791039523042\/","title":{"rendered":"LOBO QUE DOMIN\u00d3 SUS EMOCIONES"},"content":{"rendered":"<p>Hab\u00eda una vez un amable lobo que viv\u00eda en un hermoso bosque, rodeado de todos sus amigos. Su nombre era Lobo. Pero este lobo ten\u00eda un problema: era demasiado emocional. Feliz, enojado, triste, emocionado&#8230; \u00a1cambiaba de humor a cien millas por hora! Afortunadamente sus amigos ten\u00edan un plan para ense\u00f1arle a dominar sus emociones y recuperar el control de s\u00ed mismo&#8230;<\/p>\n","protected":false},"excerpt":{"rendered":"<p>LALLEMAND, ORIANNE \/ THUILLIER, \u00c9L\u00c9ONORE<\/p>\n","protected":false},"featured_media":1086237,"template":"","meta":{"_acf_changed":false,"om_disable_all_campaigns":false,"rs_blank_template":"","rs_page_bg_color":"","slide_template_v7":"","inline_featured_image":false,"_monsterinsights_skip_tracking":false,"_monsterinsights_sitenote_active":false,"_monsterinsights_sitenote_note":"","_monsterinsights_sitenote_category":0},"product_brand":[],"product_cat":[131,361],"product_tag":[],"class_list":{"0":"post-1086115","1":"product","2":"type-product","3":"status-publish","4":"has-post-thumbnail","6":"product_cat-contes-per-infants-0-6-anys","7":"product_cat-cuentos-para-ninos-0-6-anos","9":"first","10":"instock","11":"taxable","12":"shipping-taxable","13":"purchasable","14":"product-type-simple"},"acf":{"autor":"LALLEMAND, ORIANNE \/ THUILLIER, \u00c9L\u00c9ONORE","codart":"103952304","libros-coleccion":"FORA DE COL.LECCI\u00d3","ediciones":"1","encuadernacion":"Carton\u00e9","fecha_de_publicacion":"01\/11\/2022","novedad":"1","paginas":"32","subtitulo":"","orden":"0","portada":"0","idioma":"spa","booktrailer":"","resenas":"","editorial":[{"ID":1056500,"post_author":"3","post_date":"2025-10-01 13:20:59","post_date_gmt":"2025-10-01 11:20:59","post_content":"","post_title":"Planeta-De Agostini","post_excerpt":"","post_status":"publish","comment_status":"closed","ping_status":"closed","post_password":"","post_name":"planeta-de-agostini","to_ping":"","pinged":"","post_modified":"2025-10-01 13:20:59","post_modified_gmt":"2025-10-01 11:20:59","post_content_filtered":"","post_parent":0,"guid":"https:\/\/www.claret.cat\/editorial\/planeta-de-agostini\/","menu_order":0,"post_type":"editorial","post_mime_type":"","comment_count":"0","filter":"raw"}]},"aioseo_notices":[],"_links":{"self":[{"href":"https:\/\/www.claret.cat\/es\/wp-json\/wp\/v2\/product\/1086115","targetHints":{"allow":["GET"]}}],"collection":[{"href":"https:\/\/www.claret.cat\/es\/wp-json\/wp\/v2\/product"}],"about":[{"href":"https:\/\/www.claret.cat\/es\/wp-json\/wp\/v2\/types\/product"}],"wp:featuredmedia":[{"embeddable":true,"href":"https:\/\/www.claret.cat\/es\/wp-json\/wp\/v2\/media\/1086237"}],"wp:attachment":[{"href":"https:\/\/www.claret.cat\/es\/wp-json\/wp\/v2\/media?parent=1086115"}],"wp:term":[{"taxonomy":"product_brand","embeddable":true,"href":"https:\/\/www.claret.cat\/es\/wp-json\/wp\/v2\/product_brand?post=1086115"},{"taxonomy":"product_cat","embeddable":true,"href":"https:\/\/www.claret.cat\/es\/wp-json\/wp\/v2\/product_cat?post=1086115"},{"taxonomy":"product_tag","embeddable":true,"href":"https:\/\/www.claret.cat\/es\/wp-json\/wp\/v2\/product_tag?post=1086115"}],"curies":[{"name":"wp","href":"https:\/\/api.w.org\/{rel}","templated":true}]}}