{"id":1086121,"date":"2026-02-25T11:40:01","date_gmt":"2026-02-25T10:40:01","guid":{"rendered":"https:\/\/www.claret.cat\/llibre\/el-lobo-que-queria-ser-feliz-9791039547116\/"},"modified":"2026-02-25T15:55:41","modified_gmt":"2026-02-25T14:55:41","slug":"el-lobo-que-queria-ser-feliz-9791039547116","status":"publish","type":"product","link":"https:\/\/www.claret.cat\/es\/libro\/el-lobo-que-queria-ser-feliz-9791039547116\/","title":{"rendered":"EL LOBO QUE QUER\u00cdA SER FELIZ"},"content":{"rendered":"<p>Una ma\u00f1ana, Lobo encuentra en su jard\u00edn un cofre lleno de monedas de oro. A pesar de que Maestro B\u00faho le advierte de que el dinero no da la felicidad, Lobo insiste en gastarse las monedas en todo lo que se le ocurre: ropa, comida, juguetes\u2026 De repente, \u00a1necesita tantas cosas! Pero \u00bfser\u00e1 realmente feliz cuando tenga todo eso?\u00a0Una colecci\u00f3n de tiernas y divertidas historias para contar, para escuchar, para ofrecer, para compartir buenos momentos, expresar emociones, amar la lectura y so\u00f1ar&#8230;<\/p>\n","protected":false},"excerpt":{"rendered":"<p>ORIANNE LALLEMAND<\/p>\n","protected":false},"featured_media":1086230,"template":"","meta":{"_acf_changed":false,"om_disable_all_campaigns":false,"rs_blank_template":"","rs_page_bg_color":"","slide_template_v7":"","inline_featured_image":false,"_monsterinsights_skip_tracking":false,"_monsterinsights_sitenote_active":false,"_monsterinsights_sitenote_note":"","_monsterinsights_sitenote_category":0},"product_brand":[],"product_cat":[131,361],"product_tag":[],"class_list":{"0":"post-1086121","1":"product","2":"type-product","3":"status-publish","4":"has-post-thumbnail","6":"product_cat-contes-per-infants-0-6-anys","7":"product_cat-cuentos-para-ninos-0-6-anos","9":"first","10":"instock","11":"taxable","12":"shipping-taxable","13":"purchasable","14":"product-type-simple"},"acf":{"autor":"ORIANNE LALLEMAND","codart":"103954711","libros-coleccion":"FORA DE COL.LECCI\u00d3","ediciones":"1","encuadernacion":"Carton\u00e9","fecha_de_publicacion":"01\/03\/2024","novedad":"1","paginas":"32","subtitulo":"","orden":"0","portada":"0","idioma":"spa","booktrailer":"","resenas":"","editorial":[{"ID":1056500,"post_author":"3","post_date":"2025-10-01 13:20:59","post_date_gmt":"2025-10-01 11:20:59","post_content":"","post_title":"Planeta-De Agostini","post_excerpt":"","post_status":"publish","comment_status":"closed","ping_status":"closed","post_password":"","post_name":"planeta-de-agostini","to_ping":"","pinged":"","post_modified":"2025-10-01 13:20:59","post_modified_gmt":"2025-10-01 11:20:59","post_content_filtered":"","post_parent":0,"guid":"https:\/\/www.claret.cat\/editorial\/planeta-de-agostini\/","menu_order":0,"post_type":"editorial","post_mime_type":"","comment_count":"0","filter":"raw"}]},"aioseo_notices":[],"_links":{"self":[{"href":"https:\/\/www.claret.cat\/es\/wp-json\/wp\/v2\/product\/1086121","targetHints":{"allow":["GET"]}}],"collection":[{"href":"https:\/\/www.claret.cat\/es\/wp-json\/wp\/v2\/product"}],"about":[{"href":"https:\/\/www.claret.cat\/es\/wp-json\/wp\/v2\/types\/product"}],"wp:featuredmedia":[{"embeddable":true,"href":"https:\/\/www.claret.cat\/es\/wp-json\/wp\/v2\/media\/1086230"}],"wp:attachment":[{"href":"https:\/\/www.claret.cat\/es\/wp-json\/wp\/v2\/media?parent=1086121"}],"wp:term":[{"taxonomy":"product_brand","embeddable":true,"href":"https:\/\/www.claret.cat\/es\/wp-json\/wp\/v2\/product_brand?post=1086121"},{"taxonomy":"product_cat","embeddable":true,"href":"https:\/\/www.claret.cat\/es\/wp-json\/wp\/v2\/product_cat?post=1086121"},{"taxonomy":"product_tag","embeddable":true,"href":"https:\/\/www.claret.cat\/es\/wp-json\/wp\/v2\/product_tag?post=1086121"}],"curies":[{"name":"wp","href":"https:\/\/api.w.org\/{rel}","templated":true}]}}