{"id":1086124,"date":"2026-02-25T11:40:15","date_gmt":"2026-02-25T10:40:15","guid":{"rendered":"https:\/\/www.claret.cat\/llibre\/el-lobo-y-el-misterio-del-museo-9782733883860\/"},"modified":"2026-02-25T15:55:23","modified_gmt":"2026-02-25T14:55:23","slug":"el-lobo-y-el-misterio-del-museo-9782733883860","status":"publish","type":"product","link":"https:\/\/www.claret.cat\/es\/libro\/el-lobo-y-el-misterio-del-museo-9782733883860\/","title":{"rendered":"EL LOBO Y EL MISTERIO DEL MUSEO"},"content":{"rendered":"<p>\u00a1Lobo est\u00e1 totalmente decidido a resolver este misterio! Un libro que a\u00fana la investigaci\u00f3n policiaca con el mundo del arte.<br \/> Lupe le propone a Lobo una visita al museo. A \u00e9l no le hace mucha gracia, \u00a1menudo aburrimiento! Pero la visita resulta mucho m\u00e1s interesante de lo previsto: suena una alarma, desaparece una obra de arte&#8230;\u00a0<br \/> Una colecci\u00f3n de historias tiernas y divertidas para contar, para escuchar, para regalar, para compartir buenos momentos, expresar emociones, imaginar, amar la lectura y so\u00f1ar.<\/p>\n","protected":false},"excerpt":{"rendered":"<p>ORIANNE LALLEMAND<\/p>\n","protected":false},"featured_media":1086228,"template":"","meta":{"_acf_changed":false,"om_disable_all_campaigns":false,"rs_blank_template":"","rs_page_bg_color":"","slide_template_v7":"","inline_featured_image":false,"_monsterinsights_skip_tracking":false,"_monsterinsights_sitenote_active":false,"_monsterinsights_sitenote_note":"","_monsterinsights_sitenote_category":0},"product_brand":[],"product_cat":[131,361],"product_tag":[],"class_list":{"0":"post-1086124","1":"product","2":"type-product","3":"status-publish","4":"has-post-thumbnail","6":"product_cat-contes-per-infants-0-6-anys","7":"product_cat-cuentos-para-ninos-0-6-anos","9":"first","10":"instock","11":"taxable","12":"shipping-taxable","13":"purchasable","14":"product-type-simple"},"acf":{"autor":"ORIANNE LALLEMAND","codart":"273388386","libros-coleccion":"FORA DE COL.LECCI\u00d3","ediciones":"1","encuadernacion":"Carton\u00e9","fecha_de_publicacion":"01\/10\/2020","novedad":"1","paginas":"32","subtitulo":"","orden":"0","portada":"0","idioma":"spa","booktrailer":"","resenas":"","editorial":[{"ID":147502,"post_author":"3","post_date":"2022-10-14 11:51:04","post_date_gmt":"2022-10-14 09:51:04","post_content":"","post_title":"Auzou","post_excerpt":"","post_status":"publish","comment_status":"closed","ping_status":"closed","post_password":"","post_name":"auzou","to_ping":"","pinged":"","post_modified":"2022-10-14 11:51:04","post_modified_gmt":"2022-10-14 09:51:04","post_content_filtered":"","post_parent":0,"guid":"http:\/\/dev.claret.cat\/editorial\/auzou\/","menu_order":0,"post_type":"editorial","post_mime_type":"","comment_count":"0","filter":"raw"}]},"aioseo_notices":[],"_links":{"self":[{"href":"https:\/\/www.claret.cat\/es\/wp-json\/wp\/v2\/product\/1086124","targetHints":{"allow":["GET"]}}],"collection":[{"href":"https:\/\/www.claret.cat\/es\/wp-json\/wp\/v2\/product"}],"about":[{"href":"https:\/\/www.claret.cat\/es\/wp-json\/wp\/v2\/types\/product"}],"wp:featuredmedia":[{"embeddable":true,"href":"https:\/\/www.claret.cat\/es\/wp-json\/wp\/v2\/media\/1086228"}],"wp:attachment":[{"href":"https:\/\/www.claret.cat\/es\/wp-json\/wp\/v2\/media?parent=1086124"}],"wp:term":[{"taxonomy":"product_brand","embeddable":true,"href":"https:\/\/www.claret.cat\/es\/wp-json\/wp\/v2\/product_brand?post=1086124"},{"taxonomy":"product_cat","embeddable":true,"href":"https:\/\/www.claret.cat\/es\/wp-json\/wp\/v2\/product_cat?post=1086124"},{"taxonomy":"product_tag","embeddable":true,"href":"https:\/\/www.claret.cat\/es\/wp-json\/wp\/v2\/product_tag?post=1086124"}],"curies":[{"name":"wp","href":"https:\/\/api.w.org\/{rel}","templated":true}]}}