{"id":1086130,"date":"2026-02-25T11:45:02","date_gmt":"2026-02-25T10:45:02","guid":{"rendered":"https:\/\/www.claret.cat\/llibre\/la-meva-visio-del-mon-9788412992663\/"},"modified":"2026-04-16T11:45:33","modified_gmt":"2026-04-16T09:45:33","slug":"la-meva-visio-del-mon-9788412992663","status":"publish","type":"product","link":"https:\/\/www.claret.cat\/es\/libro\/la-meva-visio-del-mon-9788412992663\/","title":{"rendered":"LA MEVA VISI\u00d3 DEL M\u00d3N"},"content":{"rendered":"<p>A m\u00e9s de la seva tasca colossal en el camp cient\u00edfic, Albert Einstein es va pronunciar sobre multitud de temes i no va estar-se mai de dir-hi la seva en q\u00fcestions com la religi\u00f3, la pol\u00edtica o la situaci\u00f3 dels jueus. Immers en una \u00e8poca convulsa, a cavall de les dues guerres mundials, Einstein va enfrontar-se a la duresa dels temps amb una ferma convicci\u00f3 antimilitarista i amb una defensa aferrissada de la llibertat de pensament que el va portar a enfrontar-se amb el r\u00e8gim nazi i emigrar als Estats Units. La meva visi\u00f3 del m\u00f3n \u00e9s la principal compilaci\u00f3 dels seus escrits, el llibre que s\u2019ha considerat can\u00f2nic per entendre el pensament d\u2019un cient\u00edfic que la revista Time va qualificar de la persona m\u00e9s influent de tot el segle xx. Recopilats en primer lloc el 1934 i posteriorment el 1953, els textos d\u2019aquest llibre comprenen articles, intervencions i cartes en qu\u00e8 Einstein parla de temes socials, filos\u00f2fics, pol\u00edtics i tamb\u00e9 cient\u00edfics, un text imprescindible per entendre una \u00e8poca i un dels seus personatges determinants.<\/p>\n","protected":false},"excerpt":{"rendered":"<p>ALBERT EINSTEIN<\/p>\n","protected":false},"featured_media":1086131,"template":"","meta":{"_acf_changed":false,"om_disable_all_campaigns":false,"rs_blank_template":"","rs_page_bg_color":"","slide_template_v7":"","inline_featured_image":false,"_monsterinsights_skip_tracking":false,"_monsterinsights_sitenote_active":false,"_monsterinsights_sitenote_note":"","_monsterinsights_sitenote_category":0},"product_brand":[],"product_cat":[373,166],"product_tag":[],"class_list":{"0":"post-1086130","1":"product","2":"type-product","3":"status-publish","4":"has-post-thumbnail","6":"product_cat-autores","7":"product_cat-autors-filosofia","9":"first","10":"instock","11":"taxable","12":"shipping-taxable","13":"purchasable","14":"product-type-simple"},"acf":{"autor":"ALBERT EINSTEIN","codart":"841299266","libros-coleccion":"","ediciones":"1","encuadernacion":"R\u00fastica","fecha_de_publicacion":"01\/02\/2026","novedad":"1","paginas":"250","subtitulo":"","orden":"0","portada":"0","idioma":"cat","booktrailer":"","resenas":"","editorial":[{"ID":1013392,"post_author":"3","post_date":"2025-03-24 12:40:06","post_date_gmt":"2025-03-24 11:40:06","post_content":"","post_title":"Veles i Vents Edicions","post_excerpt":"","post_status":"publish","comment_status":"closed","ping_status":"closed","post_password":"","post_name":"veles-i-vents-edicions","to_ping":"","pinged":"","post_modified":"2025-03-24 12:40:06","post_modified_gmt":"2025-03-24 11:40:06","post_content_filtered":"","post_parent":0,"guid":"https:\/\/www.claret.cat\/editorial\/veles-i-vents-edicions\/","menu_order":0,"post_type":"editorial","post_mime_type":"","comment_count":"0","filter":"raw"}]},"aioseo_notices":[],"_links":{"self":[{"href":"https:\/\/www.claret.cat\/es\/wp-json\/wp\/v2\/product\/1086130","targetHints":{"allow":["GET"]}}],"collection":[{"href":"https:\/\/www.claret.cat\/es\/wp-json\/wp\/v2\/product"}],"about":[{"href":"https:\/\/www.claret.cat\/es\/wp-json\/wp\/v2\/types\/product"}],"wp:featuredmedia":[{"embeddable":true,"href":"https:\/\/www.claret.cat\/es\/wp-json\/wp\/v2\/media\/1086131"}],"wp:attachment":[{"href":"https:\/\/www.claret.cat\/es\/wp-json\/wp\/v2\/media?parent=1086130"}],"wp:term":[{"taxonomy":"product_brand","embeddable":true,"href":"https:\/\/www.claret.cat\/es\/wp-json\/wp\/v2\/product_brand?post=1086130"},{"taxonomy":"product_cat","embeddable":true,"href":"https:\/\/www.claret.cat\/es\/wp-json\/wp\/v2\/product_cat?post=1086130"},{"taxonomy":"product_tag","embeddable":true,"href":"https:\/\/www.claret.cat\/es\/wp-json\/wp\/v2\/product_tag?post=1086130"}],"curies":[{"name":"wp","href":"https:\/\/api.w.org\/{rel}","templated":true}]}}