{"id":1086133,"date":"2026-02-25T11:45:16","date_gmt":"2026-02-25T10:45:16","guid":{"rendered":"https:\/\/www.claret.cat\/llibre\/les-nostres-illes-9788419262912\/"},"modified":"2026-02-25T16:05:14","modified_gmt":"2026-02-25T15:05:14","slug":"les-nostres-illes-9788419262912","status":"publish","type":"product","link":"https:\/\/www.claret.cat\/es\/libro\/les-nostres-illes-9788419262912\/","title":{"rendered":"LES NOSTRES ILLES"},"content":{"rendered":"<p>El nou llibre de Yuval Zommer convida a explorar les illes m\u00e9s fascinants del planeta.<\/p>\n<p>En aquest viatge il\u00b7lustrat, els joves lectors s\u2019endinsen en mons envoltats d\u2019aigua per aprendre com es formen les illes, qu\u00e8 les fa \u00faniques i per qu\u00e8 acullen animals i plantes que no existeixen enlloc m\u00e9s. Des de selves tropicals i deserts volc\u00e0nics fins a terres gelades i esculls de corall, el llibre combina coneixement i aventura amb l\u2019inconfusible estil visual de l\u2019autor. Al llarg del recorregut, coneixeran criatures sorprenents com les tortugues gegants de les Gal\u00e1pagos, els l\u00e8murs de Madagascar o els ping\u00fcins de l\u2019Ant\u00e0rtida, i descobriran meravelles naturals i culturals com els moais de l\u2019Illa de Pasqua o les coves de gel del mont Erebus.<\/p>\n","protected":false},"excerpt":{"rendered":"<p>ZOMMER, YUVAL<\/p>\n","protected":false},"featured_media":1086243,"template":"","meta":{"_acf_changed":false,"om_disable_all_campaigns":false,"rs_blank_template":"","rs_page_bg_color":"","slide_template_v7":"","inline_featured_image":false,"_monsterinsights_skip_tracking":false,"_monsterinsights_sitenote_active":false,"_monsterinsights_sitenote_note":"","_monsterinsights_sitenote_category":0},"product_brand":[],"product_cat":[131,361],"product_tag":[],"class_list":{"0":"post-1086133","1":"product","2":"type-product","3":"status-publish","4":"has-post-thumbnail","6":"product_cat-contes-per-infants-0-6-anys","7":"product_cat-cuentos-para-ninos-0-6-anos","9":"first","10":"instock","11":"taxable","12":"shipping-taxable","13":"purchasable","14":"product-type-simple"},"acf":{"autor":"ZOMMER, YUVAL","codart":"841926291","libros-coleccion":"","ediciones":"1","encuadernacion":"Carton\u00e9","fecha_de_publicacion":"25\/02\/2026","novedad":"1","paginas":"48","subtitulo":"","orden":"0","portada":"0","idioma":"cat","booktrailer":"","resenas":"","editorial":[{"ID":883259,"post_author":"3","post_date":"2023-10-17 18:11:00","post_date_gmt":"2023-10-17 16:11:00","post_content":"","post_title":"Editorial Eccomi","post_excerpt":"","post_status":"publish","comment_status":"closed","ping_status":"closed","post_password":"","post_name":"editorial-eccomi","to_ping":"","pinged":"","post_modified":"2023-10-17 18:11:00","post_modified_gmt":"2023-10-17 16:11:00","post_content_filtered":"","post_parent":0,"guid":"https:\/\/www.claret.cat\/editorial\/editorial-eccomi\/","menu_order":0,"post_type":"editorial","post_mime_type":"","comment_count":"0","filter":"raw"}]},"aioseo_notices":[],"_links":{"self":[{"href":"https:\/\/www.claret.cat\/es\/wp-json\/wp\/v2\/product\/1086133","targetHints":{"allow":["GET"]}}],"collection":[{"href":"https:\/\/www.claret.cat\/es\/wp-json\/wp\/v2\/product"}],"about":[{"href":"https:\/\/www.claret.cat\/es\/wp-json\/wp\/v2\/types\/product"}],"wp:featuredmedia":[{"embeddable":true,"href":"https:\/\/www.claret.cat\/es\/wp-json\/wp\/v2\/media\/1086243"}],"wp:attachment":[{"href":"https:\/\/www.claret.cat\/es\/wp-json\/wp\/v2\/media?parent=1086133"}],"wp:term":[{"taxonomy":"product_brand","embeddable":true,"href":"https:\/\/www.claret.cat\/es\/wp-json\/wp\/v2\/product_brand?post=1086133"},{"taxonomy":"product_cat","embeddable":true,"href":"https:\/\/www.claret.cat\/es\/wp-json\/wp\/v2\/product_cat?post=1086133"},{"taxonomy":"product_tag","embeddable":true,"href":"https:\/\/www.claret.cat\/es\/wp-json\/wp\/v2\/product_tag?post=1086133"}],"curies":[{"name":"wp","href":"https:\/\/api.w.org\/{rel}","templated":true}]}}