{"id":1086136,"date":"2026-02-25T11:45:29","date_gmt":"2026-02-25T10:45:29","guid":{"rendered":"https:\/\/www.claret.cat\/llibre\/nuestras-islas-9788419262905\/"},"modified":"2026-02-25T16:05:32","modified_gmt":"2026-02-25T15:05:32","slug":"nuestras-islas-9788419262905","status":"publish","type":"product","link":"https:\/\/www.claret.cat\/es\/libro\/nuestras-islas-9788419262905\/","title":{"rendered":"NUESTRAS ISLAS"},"content":{"rendered":"<p>El nuevo libro de Yuval Zommer invita a explorar las islas m\u00e1s fascinantes del planeta<\/p>\n<p>En este viaje ilustrado, los j\u00f3venes lectores se adentran en mundos rodeados de agua para aprender c\u00f3mo se forman las islas, qu\u00e9 las hace \u00fanicas y por qu\u00e9 albergan animales y plantas que no existen en ning\u00fan otro lugar.<\/p>\n<p>Desde selvas tropicales y desiertos volc\u00e1nicos hasta tierras heladas y arrecifes de coral, el libro combina conocimiento y aventura con el inconfundible estilo visual del autor. A lo largo del recorrido, conocer\u00e1n criaturas asombrosas como las tortugas gigantes de las Gal\u00e1pagos, los l\u00e9mures de Madagascar o los ping\u00fcinos de la Ant\u00e1rtida, y descubrir\u00e1n maravillas naturales y culturales como los mo\u00e1is de la Isla de Pascua o las cuevas de hielo del monte Erebus.<\/p>\n","protected":false},"excerpt":{"rendered":"<p>ZOMMER, YUVAL<\/p>\n","protected":false},"featured_media":1086245,"template":"","meta":{"_acf_changed":false,"om_disable_all_campaigns":false,"rs_blank_template":"","rs_page_bg_color":"","slide_template_v7":"","inline_featured_image":false,"_monsterinsights_skip_tracking":false,"_monsterinsights_sitenote_active":false,"_monsterinsights_sitenote_note":"","_monsterinsights_sitenote_category":0},"product_brand":[],"product_cat":[131,361],"product_tag":[],"class_list":{"0":"post-1086136","1":"product","2":"type-product","3":"status-publish","4":"has-post-thumbnail","6":"product_cat-contes-per-infants-0-6-anys","7":"product_cat-cuentos-para-ninos-0-6-anos","9":"first","10":"instock","11":"taxable","12":"shipping-taxable","13":"purchasable","14":"product-type-simple"},"acf":{"autor":"ZOMMER, YUVAL","codart":"841926290","libros-coleccion":"","ediciones":"1","encuadernacion":"Carton\u00e9","fecha_de_publicacion":"25\/02\/2026","novedad":"1","paginas":"48","subtitulo":"","orden":"0","portada":"0","idioma":"spa","booktrailer":"","resenas":"","editorial":[{"ID":883259,"post_author":"3","post_date":"2023-10-17 18:11:00","post_date_gmt":"2023-10-17 16:11:00","post_content":"","post_title":"Editorial Eccomi","post_excerpt":"","post_status":"publish","comment_status":"closed","ping_status":"closed","post_password":"","post_name":"editorial-eccomi","to_ping":"","pinged":"","post_modified":"2023-10-17 18:11:00","post_modified_gmt":"2023-10-17 16:11:00","post_content_filtered":"","post_parent":0,"guid":"https:\/\/www.claret.cat\/editorial\/editorial-eccomi\/","menu_order":0,"post_type":"editorial","post_mime_type":"","comment_count":"0","filter":"raw"}]},"aioseo_notices":[],"_links":{"self":[{"href":"https:\/\/www.claret.cat\/es\/wp-json\/wp\/v2\/product\/1086136","targetHints":{"allow":["GET"]}}],"collection":[{"href":"https:\/\/www.claret.cat\/es\/wp-json\/wp\/v2\/product"}],"about":[{"href":"https:\/\/www.claret.cat\/es\/wp-json\/wp\/v2\/types\/product"}],"wp:featuredmedia":[{"embeddable":true,"href":"https:\/\/www.claret.cat\/es\/wp-json\/wp\/v2\/media\/1086245"}],"wp:attachment":[{"href":"https:\/\/www.claret.cat\/es\/wp-json\/wp\/v2\/media?parent=1086136"}],"wp:term":[{"taxonomy":"product_brand","embeddable":true,"href":"https:\/\/www.claret.cat\/es\/wp-json\/wp\/v2\/product_brand?post=1086136"},{"taxonomy":"product_cat","embeddable":true,"href":"https:\/\/www.claret.cat\/es\/wp-json\/wp\/v2\/product_cat?post=1086136"},{"taxonomy":"product_tag","embeddable":true,"href":"https:\/\/www.claret.cat\/es\/wp-json\/wp\/v2\/product_tag?post=1086136"}],"curies":[{"name":"wp","href":"https:\/\/api.w.org\/{rel}","templated":true}]}}