{"id":1086142,"date":"2026-02-25T11:45:53","date_gmt":"2026-02-25T10:45:53","guid":{"rendered":"https:\/\/www.claret.cat\/llibre\/los-reyes-de-las-sombras-eidolon-edicion-especial-limitada-en-tapa-dura-con-ca-9788410425378\/"},"modified":"2026-02-25T19:10:34","modified_gmt":"2026-02-25T18:10:34","slug":"los-reyes-de-las-sombras-eidolon-edicion-especial-limitada-en-tapa-dura-con-ca-9788410425378","status":"publish","type":"product","link":"https:\/\/www.claret.cat\/es\/libro\/los-reyes-de-las-sombras-eidolon-edicion-especial-limitada-en-tapa-dura-con-ca-9788410425378\/","title":{"rendered":"LOS REYES DE LAS SOMBRAS. EIDOLON (EDICI\u00d3N ESPECIAL LIMITADA EN TAPA DURA CON CA"},"content":{"rendered":"<p>En un mundo al borde del abismo, amar es la \u00fanica salvaci\u00f3n<\/p>\n<p> El pr\u00edncipe Brishen y su esposa humana, Ildiko, ven c\u00f3mo su mundo se derrumba cuando una horda de demonios arrasa el reino kai. Mientras los supervivientes buscan refugio, Brishen se enfrenta a una presi\u00f3n insoportable: quieren que renuncie a la mujer que ama y contraiga matrimonio con una kai para preservar el linaje real. Ildiko, dividida entre el amor y el deber, teme convertirse en un obst\u00e1culo para el futuro de su pueblo.<\/p>\n<p> Separados por la guerra, la muerte y decisiones imposibles, Brishen e Ildiko descubrir\u00e1n que amar significa luchar juntos incluso cuando todo parece perdido.<\/p>\n<p> Una batalla al l\u00edmite.<br \/> Una promesa imposible.<br \/> Un v\u00ednculo eterno.<\/p>\n","protected":false},"excerpt":{"rendered":"<p>GRACE DRAVEN<\/p>\n","protected":false},"featured_media":1086490,"template":"","meta":{"_acf_changed":false,"om_disable_all_campaigns":false,"rs_blank_template":"","rs_page_bg_color":"","slide_template_v7":"","inline_featured_image":false,"_monsterinsights_skip_tracking":false,"_monsterinsights_sitenote_active":false,"_monsterinsights_sitenote_note":"","_monsterinsights_sitenote_category":0},"product_brand":[],"product_cat":[127,357],"product_tag":[],"class_list":{"0":"post-1086142","1":"product","2":"type-product","3":"status-publish","4":"has-post-thumbnail","6":"product_cat-novella-contemporania","7":"product_cat-novela-contemporanea","9":"first","10":"instock","11":"taxable","12":"shipping-taxable","13":"purchasable","14":"product-type-simple"},"acf":{"autor":"GRACE DRAVEN","codart":"841042537","libros-coleccion":"","ediciones":"1","encuadernacion":"Carton\u00e9","fecha_de_publicacion":"01\/03\/2026","novedad":"1","paginas":"336","subtitulo":"EL BEST SELLER INTERNACIONAL DE ROMANTASY Y MONSTER ROMANCE QUE ARRASA ENTRE LOS","orden":"0","portada":"0","idioma":"spa","booktrailer":"","resenas":"","editorial":[{"ID":148974,"post_author":"3","post_date":"2022-10-14 12:02:28","post_date_gmt":"2022-10-14 10:02:28","post_content":"","post_title":"Wonderbooks","post_excerpt":"","post_status":"publish","comment_status":"closed","ping_status":"closed","post_password":"","post_name":"wonderbooks","to_ping":"","pinged":"","post_modified":"2022-10-14 12:02:28","post_modified_gmt":"2022-10-14 10:02:28","post_content_filtered":"","post_parent":0,"guid":"http:\/\/dev.claret.cat\/editorial\/wonderbooks\/","menu_order":0,"post_type":"editorial","post_mime_type":"","comment_count":"0","filter":"raw"}]},"aioseo_notices":[],"_links":{"self":[{"href":"https:\/\/www.claret.cat\/es\/wp-json\/wp\/v2\/product\/1086142","targetHints":{"allow":["GET"]}}],"collection":[{"href":"https:\/\/www.claret.cat\/es\/wp-json\/wp\/v2\/product"}],"about":[{"href":"https:\/\/www.claret.cat\/es\/wp-json\/wp\/v2\/types\/product"}],"wp:featuredmedia":[{"embeddable":true,"href":"https:\/\/www.claret.cat\/es\/wp-json\/wp\/v2\/media\/1086490"}],"wp:attachment":[{"href":"https:\/\/www.claret.cat\/es\/wp-json\/wp\/v2\/media?parent=1086142"}],"wp:term":[{"taxonomy":"product_brand","embeddable":true,"href":"https:\/\/www.claret.cat\/es\/wp-json\/wp\/v2\/product_brand?post=1086142"},{"taxonomy":"product_cat","embeddable":true,"href":"https:\/\/www.claret.cat\/es\/wp-json\/wp\/v2\/product_cat?post=1086142"},{"taxonomy":"product_tag","embeddable":true,"href":"https:\/\/www.claret.cat\/es\/wp-json\/wp\/v2\/product_tag?post=1086142"}],"curies":[{"name":"wp","href":"https:\/\/api.w.org\/{rel}","templated":true}]}}