{"id":1086145,"date":"2026-02-25T11:50:02","date_gmt":"2026-02-25T10:50:02","guid":{"rendered":"https:\/\/www.claret.cat\/llibre\/sanshiro-ned-9791387641511\/"},"modified":"2026-03-03T12:00:33","modified_gmt":"2026-03-03T11:00:33","slug":"sanshiro-ned-9791387641511","status":"publish","type":"product","link":"https:\/\/www.claret.cat\/es\/libro\/sanshiro-ned-9791387641511\/","title":{"rendered":"SANSHIRO (N.ED.)"},"content":{"rendered":"<p>Sanshiro, de Natsume Soseki, es uno de los retratos m\u00e1s finos y penetrantes del Jap\u00f3n que despertaba a la modernidad en los albores del siglo xx. Una novela sobre la juventud, la duda, el descubrimiento del deseo y ese momento decisivo en que alguien cruza el umbral entre la inocencia y el mundo adulto. M\u00e1s de cien a\u00f1os despu\u00e9s de su publicaci\u00f3n, sigue brillando con la naturalidad, la iron\u00eda suave y la inteligencia emocional que la convirtieron en un cl\u00e1sico inmediato.<br \/> Sanshiro Ogawa abandona su apacible provincia y llega a Tokio para comenzar sus estudios universitarios. En la gran ciudad \u2014inmensa, ca\u00f3tica, pero fascinante\u2014 se encuentra con profesores exc\u00e9ntricos, intelectuales que discuten sobre el rumbo del pa\u00eds, estudiantes que tantean la vida y una joven enigm\u00e1tica, Mineko, cuya presencia introduce el desorden y la turbaci\u00f3n del primer amor. Mientras aprende a orientarse entre fiestas bohemias, discusiones acaloradas, tentaciones y silencios llenos de significado, Sanshiro descubre que crecer implica una mezcla de atrevimiento y desconcierto, de extra\u00f1eza ante los dem\u00e1s y ante uno mismo. Con su inconfundible mezcla de delicadeza, humor y lucidez, Soseki compone una novela que respira como un fresco urbano lleno de matices. Sanshiro es una meditaci\u00f3n sobre la identidad en un Jap\u00f3n en transformaci\u00f3n, pero tambi\u00e9n un espejo en el que cualquier lector puede reconocerse: ese instante en que la vida se ensancha, el coraz\u00f3n titubea y el mundo parece, por fin, empezar. <br \/> CR\u00cdTICA<br \/> \u00abUna delicada novela sobre la transici\u00f3n a la adultez.\u00bb \u2014Enrique Vila-Matas <br \/> \u00abNatsume Soseki es uno de mis autores de cabecera y sin duda el padre de la literatura japonesa moderna.\u00bb \u2014Haruki Murakami<\/p>\n","protected":false},"excerpt":{"rendered":"<p>NATSUME SOSEKI<\/p>\n","protected":false},"featured_media":1086486,"template":"","meta":{"_acf_changed":false,"om_disable_all_campaigns":false,"rs_blank_template":"","rs_page_bg_color":"","slide_template_v7":"","inline_featured_image":false,"_monsterinsights_skip_tracking":false,"_monsterinsights_sitenote_active":false,"_monsterinsights_sitenote_note":"","_monsterinsights_sitenote_category":0},"product_brand":[],"product_cat":[127,357],"product_tag":[],"class_list":{"0":"post-1086145","1":"product","2":"type-product","3":"status-publish","4":"has-post-thumbnail","6":"product_cat-novella-contemporania","7":"product_cat-novela-contemporanea","9":"first","10":"instock","11":"taxable","12":"shipping-taxable","13":"purchasable","14":"product-type-simple"},"acf":{"autor":"NATSUME SOSEKI","codart":"138764151","libros-coleccion":"","ediciones":"1","encuadernacion":"R\u00fastica","fecha_de_publicacion":"01\/03\/2026","novedad":"1","paginas":"330","subtitulo":"","orden":"0","portada":"0","idioma":"spa","booktrailer":"","resenas":"","editorial":[{"ID":148284,"post_author":"3","post_date":"2022-10-14 11:57:03","post_date_gmt":"2022-10-14 09:57:03","post_content":"","post_title":"IMPEDIMENTA","post_excerpt":"","post_status":"publish","comment_status":"closed","ping_status":"closed","post_password":"","post_name":"impedimenta","to_ping":"","pinged":"","post_modified":"2022-10-14 11:57:03","post_modified_gmt":"2022-10-14 09:57:03","post_content_filtered":"","post_parent":0,"guid":"http:\/\/dev.claret.cat\/editorial\/impedimenta\/","menu_order":0,"post_type":"editorial","post_mime_type":"","comment_count":"0","filter":"raw"}]},"aioseo_notices":[],"_links":{"self":[{"href":"https:\/\/www.claret.cat\/es\/wp-json\/wp\/v2\/product\/1086145","targetHints":{"allow":["GET"]}}],"collection":[{"href":"https:\/\/www.claret.cat\/es\/wp-json\/wp\/v2\/product"}],"about":[{"href":"https:\/\/www.claret.cat\/es\/wp-json\/wp\/v2\/types\/product"}],"wp:featuredmedia":[{"embeddable":true,"href":"https:\/\/www.claret.cat\/es\/wp-json\/wp\/v2\/media\/1086486"}],"wp:attachment":[{"href":"https:\/\/www.claret.cat\/es\/wp-json\/wp\/v2\/media?parent=1086145"}],"wp:term":[{"taxonomy":"product_brand","embeddable":true,"href":"https:\/\/www.claret.cat\/es\/wp-json\/wp\/v2\/product_brand?post=1086145"},{"taxonomy":"product_cat","embeddable":true,"href":"https:\/\/www.claret.cat\/es\/wp-json\/wp\/v2\/product_cat?post=1086145"},{"taxonomy":"product_tag","embeddable":true,"href":"https:\/\/www.claret.cat\/es\/wp-json\/wp\/v2\/product_tag?post=1086145"}],"curies":[{"name":"wp","href":"https:\/\/api.w.org\/{rel}","templated":true}]}}