{"id":1086148,"date":"2026-02-25T11:50:16","date_gmt":"2026-02-25T10:50:16","guid":{"rendered":"https:\/\/www.claret.cat\/llibre\/tot-era-el-mateix-forat-9791387726256\/"},"modified":"2026-02-25T19:26:23","modified_gmt":"2026-02-25T18:26:23","slug":"tot-era-el-mateix-forat-9791387726256","status":"publish","type":"product","link":"https:\/\/www.claret.cat\/es\/libro\/tot-era-el-mateix-forat-9791387726256\/","title":{"rendered":"TOT ERA EL MATEIX FORAT"},"content":{"rendered":"<p>D&#8217;Hendaia a Errenteria, de Sant Sebasti\u00e0 a Pha Ngan, les protagonistes d&#8217;aquests contes comparteixen la necessitat d&#8217;afrontar un conflicte \u00edntim que les ofega en silenci. \u00abPoques vegades m&#8217;he sentit tan contenta com la primera vegada que vaig entrar per la boca d&#8217;aquell forat\u00bb, diu una d&#8217;elles, mentre recorda tamb\u00e9 les restes de terra que li van quedar enganxades sota les ungles despr\u00e9s de cavar amb les seves pr\u00f2pies mans: potser l&#8217;\u00fanica manera que va trobar de desenterrar la veritat. En aquests relats, Eider Rodriguez desplega tota la seva pot\u00e8ncia narrativa i ens mostra com, a vegades, un objecte quotidi\u00e0 o un petit gest ens poden despertat de la letargia. A Tot era el mateix forat hi ha frases que no es diuen mai, un furt menor, matins desmenjats al costat d&#8217;un amant i l&#8217;abs\u00e8ncia d&#8217;unes magdalenes.<\/p>\n","protected":false},"excerpt":{"rendered":"<p>RODRIGUEZ, EIDER<\/p>\n","protected":false},"featured_media":1086505,"template":"","meta":{"_acf_changed":false,"om_disable_all_campaigns":false,"rs_blank_template":"","rs_page_bg_color":"","slide_template_v7":"","inline_featured_image":false,"_monsterinsights_skip_tracking":false,"_monsterinsights_sitenote_active":false,"_monsterinsights_sitenote_note":"","_monsterinsights_sitenote_category":0},"product_brand":[],"product_cat":[127,357],"product_tag":[],"class_list":{"0":"post-1086148","1":"product","2":"type-product","3":"status-publish","4":"has-post-thumbnail","6":"product_cat-novella-contemporania","7":"product_cat-novela-contemporanea","9":"first","10":"instock","11":"taxable","12":"shipping-taxable","13":"purchasable","14":"product-type-simple"},"acf":{"autor":"RODRIGUEZ, EIDER","codart":"138772625","libros-coleccion":"","ediciones":"1","encuadernacion":"R\u00fastica","fecha_de_publicacion":"01\/02\/2026","novedad":"1","paginas":"170","subtitulo":"","orden":"0","portada":"0","idioma":"cat","booktrailer":"","resenas":"","editorial":[{"ID":6213,"post_author":"3","post_date":"2022-07-28 17:47:17","post_date_gmt":"2022-07-28 15:47:17","post_content":"","post_title":"EDICIONS DEL PERISCOPI","post_excerpt":"","post_status":"publish","comment_status":"closed","ping_status":"closed","post_password":"","post_name":"edicions-del-periscopi","to_ping":"","pinged":"","post_modified":"2022-07-28 17:47:17","post_modified_gmt":"2022-07-28 15:47:17","post_content_filtered":"","post_parent":0,"guid":"http:\/\/dev.claret.cat\/editorial\/edicions-del-periscopi\/","menu_order":0,"post_type":"editorial","post_mime_type":"","comment_count":"0","filter":"raw"}]},"aioseo_notices":[],"_links":{"self":[{"href":"https:\/\/www.claret.cat\/es\/wp-json\/wp\/v2\/product\/1086148","targetHints":{"allow":["GET"]}}],"collection":[{"href":"https:\/\/www.claret.cat\/es\/wp-json\/wp\/v2\/product"}],"about":[{"href":"https:\/\/www.claret.cat\/es\/wp-json\/wp\/v2\/types\/product"}],"wp:featuredmedia":[{"embeddable":true,"href":"https:\/\/www.claret.cat\/es\/wp-json\/wp\/v2\/media\/1086505"}],"wp:attachment":[{"href":"https:\/\/www.claret.cat\/es\/wp-json\/wp\/v2\/media?parent=1086148"}],"wp:term":[{"taxonomy":"product_brand","embeddable":true,"href":"https:\/\/www.claret.cat\/es\/wp-json\/wp\/v2\/product_brand?post=1086148"},{"taxonomy":"product_cat","embeddable":true,"href":"https:\/\/www.claret.cat\/es\/wp-json\/wp\/v2\/product_cat?post=1086148"},{"taxonomy":"product_tag","embeddable":true,"href":"https:\/\/www.claret.cat\/es\/wp-json\/wp\/v2\/product_tag?post=1086148"}],"curies":[{"name":"wp","href":"https:\/\/api.w.org\/{rel}","templated":true}]}}