{"id":1086155,"date":"2026-02-25T12:10:02","date_gmt":"2026-02-25T11:10:02","guid":{"rendered":"https:\/\/www.claret.cat\/llibre\/escritos-escogidos-i-teologia-espiritual-9791388067143\/"},"modified":"2026-04-02T13:00:59","modified_gmt":"2026-04-02T11:00:59","slug":"escritos-escogidos-i-teologia-espiritual-9791388067143","status":"publish","type":"product","link":"https:\/\/www.claret.cat\/es\/libro\/escritos-escogidos-i-teologia-espiritual-9791388067143\/","title":{"rendered":"ESCRITOS ESCOGIDOS (I) : TEOLOG\u00cdA ESPIRITUAL"},"content":{"rendered":"<p><span>Es de alabar y agradecer est\u00e1 recopilaci\u00f3n porque, al tiempo que nos facilita no tener que dispersarnos en la b\u00fasqueda de tantos documentos, nos permite, para muchos, conocer por primera vez estos escritos y saborearlos, y otros que quiz\u00e1 ya conoc\u00edamos para volver a repasarlos y rumiarlos, que \u00abno el mucho saber harta y satisface al alma, sino el gustar de las cosas internamente\u00bb.<\/span><\/p>\n<p><span>La figura del P. Luis Mar\u00eda Mendiz\u00e1bal fue y es, en s\u00ed mismo, un faro de luz. Lo fue y lo sigue siendo con la recopilaci\u00f3n de estos escritos que nos permite que toda la sabidur\u00eda rumiada, al igual que la Virgen, durante toda su vida en el contacto con Cristo en la oraci\u00f3n y en los sacramentos, nos siga llegando hoy a todos nosotros.<\/span><\/p>\n<p><span>En mi etapa final como obispo de la di\u00f3cesis de Alcal\u00e1 de Henares acept\u00e9 gustoso el que se recogieran testimonios (ne pereant probationes) sobre la vida y virtudes del muy querido P. Mendiz\u00e1bal con el fin de iniciar el proceso de su beatificaci\u00f3n-canonizaci\u00f3n. Siguiendo la premisa del Evangelio, \u00abpor sus frutos los conocer\u00e9is\u00bb (Mt 7,20), tengo la<\/span><\/p>\n<p><span>convicci\u00f3n \u00edntima de que cuando nos referimos a este hombre bueno, que supo navegar mar adentro en momentos dif\u00edciles, estamos hablando de alguien revestido de la luz de la santidad. A san Ignacio de Loyola y a la Sant\u00edsima Virgen Mar\u00eda suplico la intercesi\u00f3n para que un d\u00eda la Iglesia lo pueda proponer como \u00abcanon\u00bb de la vida cristiana y \u00abconsagrada\u00bb, l\u00e1mpara que ilumine el peregrinar de los fieles hacia la patria que nos espera.<\/span><\/p>\n","protected":false},"excerpt":{"rendered":"<p>MENDIZ\u00c1BAL, LUIS MAR\u00cdA; CERVERA BARRANCO, PABLO<\/p>\n","protected":false},"featured_media":1094366,"template":"","meta":{"_acf_changed":false,"om_disable_all_campaigns":false,"rs_blank_template":"","rs_page_bg_color":"","slide_template_v7":"","inline_featured_image":false,"_monsterinsights_skip_tracking":false,"_monsterinsights_sitenote_active":false,"_monsterinsights_sitenote_note":"","_monsterinsights_sitenote_category":0},"product_brand":[],"product_cat":[485,232,275,413,392,231],"product_tag":[],"class_list":{"0":"post-1086155","1":"product","2":"type-product","3":"status-publish","4":"has-post-thumbnail","6":"product_cat-autores-espiritualidad-1_espiritualidad","7":"product_cat-autors-espiritualitat","8":"product_cat-fonamental","9":"product_cat-fundamental","10":"product_cat-obras-generales","11":"product_cat-obres-generals","13":"first","14":"instock","15":"taxable","16":"shipping-taxable","17":"purchasable","18":"product-type-simple"},"acf":{"autor":"MENDIZ\u00c1BAL, LUIS MAR\u00cdA; CERVERA BARRANCO, PABLO","codart":"138806714","libros-coleccion":"","ediciones":"1","encuadernacion":"R\u00fastica","fecha_de_publicacion":"25\/02\/2026","novedad":"1","paginas":"604","subtitulo":"","orden":"0","portada":"1","idioma":"spa","booktrailer":"","resenas":"","editorial":[{"ID":6309,"post_author":"3","post_date":"2022-07-28 17:49:25","post_date_gmt":"2022-07-28 15:49:25","post_content":"","post_title":"Monte Carmelo","post_excerpt":"","post_status":"publish","comment_status":"closed","ping_status":"closed","post_password":"","post_name":"monte-carmelo","to_ping":"","pinged":"","post_modified":"2022-07-28 17:49:25","post_modified_gmt":"2022-07-28 15:49:25","post_content_filtered":"","post_parent":0,"guid":"http:\/\/dev.claret.cat\/editorial\/monte-carmelo\/","menu_order":0,"post_type":"editorial","post_mime_type":"","comment_count":"0","filter":"raw"}]},"aioseo_notices":[],"_links":{"self":[{"href":"https:\/\/www.claret.cat\/es\/wp-json\/wp\/v2\/product\/1086155","targetHints":{"allow":["GET"]}}],"collection":[{"href":"https:\/\/www.claret.cat\/es\/wp-json\/wp\/v2\/product"}],"about":[{"href":"https:\/\/www.claret.cat\/es\/wp-json\/wp\/v2\/types\/product"}],"wp:featuredmedia":[{"embeddable":true,"href":"https:\/\/www.claret.cat\/es\/wp-json\/wp\/v2\/media\/1094366"}],"wp:attachment":[{"href":"https:\/\/www.claret.cat\/es\/wp-json\/wp\/v2\/media?parent=1086155"}],"wp:term":[{"taxonomy":"product_brand","embeddable":true,"href":"https:\/\/www.claret.cat\/es\/wp-json\/wp\/v2\/product_brand?post=1086155"},{"taxonomy":"product_cat","embeddable":true,"href":"https:\/\/www.claret.cat\/es\/wp-json\/wp\/v2\/product_cat?post=1086155"},{"taxonomy":"product_tag","embeddable":true,"href":"https:\/\/www.claret.cat\/es\/wp-json\/wp\/v2\/product_tag?post=1086155"}],"curies":[{"name":"wp","href":"https:\/\/api.w.org\/{rel}","templated":true}]}}