{"id":1086158,"date":"2026-02-25T12:10:15","date_gmt":"2026-02-25T11:10:15","guid":{"rendered":"https:\/\/www.claret.cat\/llibre\/estudios-historicos-9791388067181\/"},"modified":"2026-02-25T12:26:10","modified_gmt":"2026-02-25T11:26:10","slug":"estudios-historicos-9791388067181","status":"publish","type":"product","link":"https:\/\/www.claret.cat\/es\/libro\/estudios-historicos-9791388067181\/","title":{"rendered":"ESTUDIOS HIST\u00d3RICOS"},"content":{"rendered":"<p><span>Es posible que el logro historiogr\u00e1fico m\u00e1s decisivo en los \u00faltimos cincuenta a\u00f1os haya sido la aplicaci\u00f3n de m\u00e9todos y criterios hist\u00f3ricos para la recuperaci\u00f3n de figuras como santa Teresa y san Juan de la Cruz, la aplicaci\u00f3n de un discurso riguroso, que parte de una metodolog\u00eda rigurosa, que opera con elementos hist\u00f3ricos, y que tiende a la comprensi\u00f3n de ambos personajes dentro del ambiente y de los horizontes mentales de su tiempo. Este ha sido el quehacer y el \u00e9xito logrado de Te\u00f3fanes Egido, con generosa dedicaci\u00f3n de muchos a\u00f1os, cincuenta exactamente, de bucear en fuentes documentales, archivos, investigaciones tozudas y hallazgos afortunados, sumamente interesantes, como son los 24 estudios recogidos en esta antolog\u00eda.<\/span><\/p>\n","protected":false},"excerpt":{"rendered":"<p>EGIDO, TE\u00d3FANES <\/p>\n","protected":false},"featured_media":1086159,"template":"","meta":{"_acf_changed":false,"om_disable_all_campaigns":false,"rs_blank_template":"","rs_page_bg_color":"","slide_template_v7":"","inline_featured_image":false,"_monsterinsights_skip_tracking":false,"_monsterinsights_sitenote_active":false,"_monsterinsights_sitenote_note":"","_monsterinsights_sitenote_category":0},"product_brand":[],"product_cat":[492,242],"product_tag":[],"class_list":{"0":"post-1086158","1":"product","2":"type-product","3":"status-publish","4":"has-post-thumbnail","6":"product_cat-carmelitana-espiritualidad-1_espiritualidad","7":"product_cat-carmelitana","9":"first","10":"instock","11":"taxable","12":"shipping-taxable","13":"purchasable","14":"product-type-simple"},"acf":{"autor":"EGIDO, TE\u00d3FANES ","codart":"138806718","libros-coleccion":"","ediciones":"1","encuadernacion":"R\u00fastica","fecha_de_publicacion":"25\/02\/2026","novedad":"1","paginas":"702","subtitulo":"","orden":"0","portada":"1","idioma":"spa","booktrailer":"","resenas":"","editorial":[{"ID":6309,"post_author":"3","post_date":"2022-07-28 17:49:25","post_date_gmt":"2022-07-28 15:49:25","post_content":"","post_title":"Monte Carmelo","post_excerpt":"","post_status":"publish","comment_status":"closed","ping_status":"closed","post_password":"","post_name":"monte-carmelo","to_ping":"","pinged":"","post_modified":"2022-07-28 17:49:25","post_modified_gmt":"2022-07-28 15:49:25","post_content_filtered":"","post_parent":0,"guid":"http:\/\/dev.claret.cat\/editorial\/monte-carmelo\/","menu_order":0,"post_type":"editorial","post_mime_type":"","comment_count":"0","filter":"raw"}]},"aioseo_notices":[],"_links":{"self":[{"href":"https:\/\/www.claret.cat\/es\/wp-json\/wp\/v2\/product\/1086158","targetHints":{"allow":["GET"]}}],"collection":[{"href":"https:\/\/www.claret.cat\/es\/wp-json\/wp\/v2\/product"}],"about":[{"href":"https:\/\/www.claret.cat\/es\/wp-json\/wp\/v2\/types\/product"}],"wp:featuredmedia":[{"embeddable":true,"href":"https:\/\/www.claret.cat\/es\/wp-json\/wp\/v2\/media\/1086159"}],"wp:attachment":[{"href":"https:\/\/www.claret.cat\/es\/wp-json\/wp\/v2\/media?parent=1086158"}],"wp:term":[{"taxonomy":"product_brand","embeddable":true,"href":"https:\/\/www.claret.cat\/es\/wp-json\/wp\/v2\/product_brand?post=1086158"},{"taxonomy":"product_cat","embeddable":true,"href":"https:\/\/www.claret.cat\/es\/wp-json\/wp\/v2\/product_cat?post=1086158"},{"taxonomy":"product_tag","embeddable":true,"href":"https:\/\/www.claret.cat\/es\/wp-json\/wp\/v2\/product_tag?post=1086158"}],"curies":[{"name":"wp","href":"https:\/\/api.w.org\/{rel}","templated":true}]}}