{"id":1086165,"date":"2026-02-25T12:20:30","date_gmt":"2026-02-25T11:20:30","guid":{"rendered":"https:\/\/www.claret.cat\/llibre\/el-cristo-del-padre-chevrier-9791388067167\/"},"modified":"2026-02-25T12:30:11","modified_gmt":"2026-02-25T11:30:11","slug":"el-cristo-del-padre-chevrier-9791388067167","status":"publish","type":"product","link":"https:\/\/www.claret.cat\/es\/libro\/el-cristo-del-padre-chevrier-9791388067167\/","title":{"rendered":"EL CRISTO DEL PADRE CHEVRIER"},"content":{"rendered":"<p><span>Cuando se habla del padre Chevrier generalmente tenemos en la cabeza la imagen de un sacerdote que vivi\u00f3 en el siglo XIX, en el tiempo en el que nac\u00eda la gran industria, y que fue uno de los primeros ap\u00f3stoles del mundo obrero. Sabemos igualmente que fue un hombre de Dios, apasionado de Jesucristo, de quien quer\u00eda ser verdadero disc\u00edpulo hasta el exceso.<\/span><\/p>\n<p><span>Pero se sabe menos que, aun no siendo te\u00f3logo, ha dejado m\u00e1s de veinte mil p\u00e1ginas sobre Dios y Jesucristo. Teniendo en cuenta la totalidad de esta obra, Yves Musset presenta el<\/span><\/p>\n<p><span>pensamiento del padre Chevrier sobre Jesucristo. Observamos una aproximaci\u00f3n original a Cristo desde la triple epifan\u00eda del Pesebre, la cruz y el Tabern\u00e1culo, comprendidos como la presencia sacramental del resucitado a su Iglesia. Jesucristo es sistem\u00e1ticamente estudiado en su humanidad, su divinidad, sus ense\u00f1anzas, sus ejemplos, de tal manera que puede ser la regla y la forma de la vida del disc\u00edpulo. La obra del padre Chevrier desvela un disc\u00edpulo apasionado por su Se\u00f1or y Maestro Jesucristo que no ha dejado jam\u00e1s de querer conocerlo y hacerlo amar.<\/span><\/p>\n","protected":false},"excerpt":{"rendered":"<p>MUSSET, YVES<\/p>\n","protected":false},"featured_media":1086180,"template":"","meta":{"_acf_changed":false,"om_disable_all_campaigns":false,"rs_blank_template":"","rs_page_bg_color":"","slide_template_v7":"","inline_featured_image":false,"_monsterinsights_skip_tracking":false,"_monsterinsights_sitenote_active":false,"_monsterinsights_sitenote_note":"","_monsterinsights_sitenote_category":0},"product_brand":[],"product_cat":[276,414,493,243],"product_tag":[],"class_list":{"0":"post-1086165","1":"product","2":"type-product","3":"status-publish","4":"has-post-thumbnail","6":"product_cat-cristologia-teologia","7":"product_cat-cristologia-teologia-1_espiritualidad","8":"product_cat-franciscana-espiritualidad-1_espiritualidad","9":"product_cat-franciscana","11":"first","12":"instock","13":"taxable","14":"shipping-taxable","15":"purchasable","16":"product-type-simple"},"acf":{"autor":"MUSSET, YVES","codart":"138806716","libros-coleccion":"MONTE CARMELO - FUERA DE COLECCI\u00d3N","ediciones":"1","encuadernacion":"R\u00fastica","fecha_de_publicacion":"25\/02\/2026","novedad":"1","paginas":"296","subtitulo":"","orden":"0","portada":"1","idioma":"spa","booktrailer":"","resenas":"","editorial":[{"ID":6309,"post_author":"3","post_date":"2022-07-28 17:49:25","post_date_gmt":"2022-07-28 15:49:25","post_content":"","post_title":"Monte Carmelo","post_excerpt":"","post_status":"publish","comment_status":"closed","ping_status":"closed","post_password":"","post_name":"monte-carmelo","to_ping":"","pinged":"","post_modified":"2022-07-28 17:49:25","post_modified_gmt":"2022-07-28 15:49:25","post_content_filtered":"","post_parent":0,"guid":"http:\/\/dev.claret.cat\/editorial\/monte-carmelo\/","menu_order":0,"post_type":"editorial","post_mime_type":"","comment_count":"0","filter":"raw"}]},"aioseo_notices":[],"_links":{"self":[{"href":"https:\/\/www.claret.cat\/es\/wp-json\/wp\/v2\/product\/1086165","targetHints":{"allow":["GET"]}}],"collection":[{"href":"https:\/\/www.claret.cat\/es\/wp-json\/wp\/v2\/product"}],"about":[{"href":"https:\/\/www.claret.cat\/es\/wp-json\/wp\/v2\/types\/product"}],"wp:featuredmedia":[{"embeddable":true,"href":"https:\/\/www.claret.cat\/es\/wp-json\/wp\/v2\/media\/1086180"}],"wp:attachment":[{"href":"https:\/\/www.claret.cat\/es\/wp-json\/wp\/v2\/media?parent=1086165"}],"wp:term":[{"taxonomy":"product_brand","embeddable":true,"href":"https:\/\/www.claret.cat\/es\/wp-json\/wp\/v2\/product_brand?post=1086165"},{"taxonomy":"product_cat","embeddable":true,"href":"https:\/\/www.claret.cat\/es\/wp-json\/wp\/v2\/product_cat?post=1086165"},{"taxonomy":"product_tag","embeddable":true,"href":"https:\/\/www.claret.cat\/es\/wp-json\/wp\/v2\/product_tag?post=1086165"}],"curies":[{"name":"wp","href":"https:\/\/api.w.org\/{rel}","templated":true}]}}