{"id":1086170,"date":"2026-02-25T12:20:54","date_gmt":"2026-02-25T11:20:54","guid":{"rendered":"https:\/\/www.claret.cat\/llibre\/un-padrenuestro-que-se-las-trae-9791388067198\/"},"modified":"2026-02-25T12:26:42","modified_gmt":"2026-02-25T11:26:42","slug":"un-padrenuestro-que-se-las-trae-9791388067198","status":"publish","type":"product","link":"https:\/\/www.claret.cat\/es\/libro\/un-padrenuestro-que-se-las-trae-9791388067198\/","title":{"rendered":"UN PADRENUESTRO QUE SE LAS TRAE"},"content":{"rendered":"<p><span>Este libro hace ver que la vida de Sole fue un Padre nuestro, no exeg\u00e9tica o teol\u00f3gicamente explicado, sino experiencialmente vivido. Podr\u00eda decir que su vida fue corriente (a veces se dice normal). Lo que pasa es que la norma, en su caso, era muy alta. Por eso, fue corriente como la de tantos hombres y mujeres de nuestro tiempo, pero normal, es decir, adecuada a la norma del Evangelio. Su vida fue corriente: se cas\u00f3, tuvo tres hijos, desempe\u00f1\u00f3 sus tareas del hogar y profesionales en la universidad. Cuid\u00f3 con alegr\u00eda sus relaciones de amistad y familiares. Pero su vida fue normal seg\u00fan la norma y \u00abmedida de la estatura de la plenitud de Cristo\u00bb (Ef 4,13) y de la Virgen Mar\u00eda, a quienes amaba, y quer\u00eda seguir e imitar. Esto ya son palabras mayores<\/span><\/p>\n<p><span>porque implican un desarrollo vital y humano desde lo que no se ve. Eso es la fe y, sin embargo, tan real como la vida misma. As\u00ed lo transmit\u00eda ella, como si tuviera un halo oculto o un combustible interior, que solo se puede repostar en las horas de oraci\u00f3n, en la adoraci\u00f3n ante Sant\u00edsimo, en el amor filial a la Virgen y en la caridad con los necesitados y los m\u00e1s pr\u00f3ximos.<\/span><\/p>\n<p><span>Sole desprendi\u00f3 el \u00abbuen olor de Cristo\u00bb, del que habla san Pablo (2 Cor2,15), que solo pueden irradiar los que tienen una intensa vida de uni\u00f3n con Dios que les permite la vivencia de las virtudes teologales y cardinales.<\/span><\/p>\n","protected":false},"excerpt":{"rendered":"<p>IGLESIAS GONZ\u00c1LEZ, MANUEL; MART\u00cdNEZ GOMARIZ, CLARA<\/p>\n","protected":false},"featured_media":1086178,"template":"","meta":{"_acf_changed":false,"om_disable_all_campaigns":false,"rs_blank_template":"","rs_page_bg_color":"","slide_template_v7":"","inline_featured_image":false,"_monsterinsights_skip_tracking":false,"_monsterinsights_sitenote_active":false,"_monsterinsights_sitenote_note":"","_monsterinsights_sitenote_category":0},"product_brand":[],"product_cat":[491,241],"product_tag":[],"class_list":{"0":"post-1086170","1":"product","2":"type-product","3":"status-publish","4":"has-post-thumbnail","6":"product_cat-testimonios","7":"product_cat-testimonis","9":"first","10":"instock","11":"taxable","12":"shipping-taxable","13":"purchasable","14":"product-type-simple"},"acf":{"autor":"IGLESIAS GONZ\u00c1LEZ, MANUEL; MART\u00cdNEZ GOMARIZ, CLARA","codart":"138806719","libros-coleccion":"MONTE CARMELO - FUERA DE COLECCI\u00d3N","ediciones":"1","encuadernacion":"R\u00fastica","fecha_de_publicacion":"25\/02\/2026","novedad":"1","paginas":"238","subtitulo":"BIOGRAF\u00cdA DE SOLEDAD P\u00c9REZ DE AYALA BECERRIL (1966-2011)","orden":"0","portada":"1","idioma":"spa","booktrailer":"","resenas":"","editorial":[{"ID":6309,"post_author":"3","post_date":"2022-07-28 17:49:25","post_date_gmt":"2022-07-28 15:49:25","post_content":"","post_title":"Monte Carmelo","post_excerpt":"","post_status":"publish","comment_status":"closed","ping_status":"closed","post_password":"","post_name":"monte-carmelo","to_ping":"","pinged":"","post_modified":"2022-07-28 17:49:25","post_modified_gmt":"2022-07-28 15:49:25","post_content_filtered":"","post_parent":0,"guid":"http:\/\/dev.claret.cat\/editorial\/monte-carmelo\/","menu_order":0,"post_type":"editorial","post_mime_type":"","comment_count":"0","filter":"raw"}]},"aioseo_notices":[],"_links":{"self":[{"href":"https:\/\/www.claret.cat\/es\/wp-json\/wp\/v2\/product\/1086170","targetHints":{"allow":["GET"]}}],"collection":[{"href":"https:\/\/www.claret.cat\/es\/wp-json\/wp\/v2\/product"}],"about":[{"href":"https:\/\/www.claret.cat\/es\/wp-json\/wp\/v2\/types\/product"}],"wp:featuredmedia":[{"embeddable":true,"href":"https:\/\/www.claret.cat\/es\/wp-json\/wp\/v2\/media\/1086178"}],"wp:attachment":[{"href":"https:\/\/www.claret.cat\/es\/wp-json\/wp\/v2\/media?parent=1086170"}],"wp:term":[{"taxonomy":"product_brand","embeddable":true,"href":"https:\/\/www.claret.cat\/es\/wp-json\/wp\/v2\/product_brand?post=1086170"},{"taxonomy":"product_cat","embeddable":true,"href":"https:\/\/www.claret.cat\/es\/wp-json\/wp\/v2\/product_cat?post=1086170"},{"taxonomy":"product_tag","embeddable":true,"href":"https:\/\/www.claret.cat\/es\/wp-json\/wp\/v2\/product_tag?post=1086170"}],"curies":[{"name":"wp","href":"https:\/\/api.w.org\/{rel}","templated":true}]}}