{"id":1086190,"date":"2026-02-25T13:00:40","date_gmt":"2026-02-25T12:00:40","guid":{"rendered":"https:\/\/www.claret.cat\/llibre\/el-increible-resurgimiento-de-la-creencia-en-dios-9788419779908\/"},"modified":"2026-02-25T13:25:14","modified_gmt":"2026-02-25T12:25:14","slug":"el-increible-resurgimiento-de-la-creencia-en-dios-9788419779908","status":"publish","type":"product","link":"https:\/\/www.claret.cat\/es\/libro\/el-increible-resurgimiento-de-la-creencia-en-dios-9788419779908\/","title":{"rendered":"EL INCRE\u00cdBLE RESURGIMIENTO DE LA CREENCIA EN DIOS"},"content":{"rendered":"<p>\u00bfEs posible que nuestra generaci\u00f3n sea testigo de un resurgimientos de la fe?<\/p>\n<p>Justin Brierly est\u00e1 convencido de que en nuestros tiempos estamospresenciado una creciente oleada de fe.<\/p>\n<p>La narrativa cristiana que dio forma a Occident, descrita con el famoso apelativo de &#8216;el largo y decreciente rugido del mar de la fe&#8217;, ha sido reemplazada por el secularismo moderno. Pero, \u00bfes este el final de la historia?<\/p>\n<p>Una conversaci\u00f3n con el periodista agn\u00f3stico Douglas Murray fue lo que indujo a Brierley a investigar la posibilidad de un cambio en lontananza. Hablando del &#8216;mar de la fe&#8217;, Murray coment\u00f3 que la marea va y viene, y que en los \u00faltimos a\u00f1os muchos de sus inteligentes amigos se hab\u00edan convertido al cristianismo. Brierley ha detectado una tendencia parecida entre los pensadores secualres que hab\u00eda entrevistado. Jordan Peterson, Tom Holland, Dave Rubin y muchos otros se han visto sorprendidos por la constante resonancia y relevancia del cristianismo, y ahora participan en debates sobre la fe.<\/p>\n<p>El lector hallar\u00e1 en este libro la exposici\u00f3n que hace Brierley de las tendencias y los conceptos culturales, entre ellos:<br \/>\u00b7 La crisis del significado<br \/>\u00b7 Los intelectuales p\u00fablicos que adoptan la fe<br \/>\u00b7 Por qu\u00e9 la narrativa cristiana est\u00e1 lista para regresar<br \/>\u00b7 \u00a1Y mucho m\u00e1s!<\/p>\n<p>En &#8216;El increible resurgimiento de la creencia en Dios&#8217;, Brierley expone el dram\u00e1tico hundimiento del Nuevo Ate<\/p>\n","protected":false},"excerpt":{"rendered":"<p>BRIERLEY, JUSTIN<\/p>\n","protected":false},"featured_media":1086205,"template":"","meta":{"_acf_changed":false,"om_disable_all_campaigns":false,"rs_blank_template":"","rs_page_bg_color":"","slide_template_v7":"","inline_featured_image":false,"_monsterinsights_skip_tracking":false,"_monsterinsights_sitenote_active":false,"_monsterinsights_sitenote_note":"","_monsterinsights_sitenote_category":0},"product_brand":[],"product_cat":[245,495],"product_tag":[],"class_list":{"0":"post-1086190","1":"product","2":"type-product","3":"status-publish","4":"has-post-thumbnail","6":"product_cat-diversa","7":"product_cat-diversa-espiritualidad-1_espiritualidad","9":"first","10":"instock","11":"taxable","12":"shipping-taxable","13":"purchasable","14":"product-type-simple"},"acf":{"autor":"BRIERLEY, JUSTIN","codart":"841977990","libros-coleccion":"","ediciones":"1","encuadernacion":"R\u00fastica","fecha_de_publicacion":"01\/09\/2025","novedad":"1","paginas":"220","subtitulo":"","orden":"0","portada":"0","idioma":"spa","booktrailer":"","resenas":"","editorial":[{"ID":147946,"post_author":"3","post_date":"2022-10-14 11:54:27","post_date_gmt":"2022-10-14 09:54:27","post_content":"","post_title":"Editorial Clie","post_excerpt":"","post_status":"publish","comment_status":"closed","ping_status":"closed","post_password":"","post_name":"editorial-clie","to_ping":"","pinged":"","post_modified":"2022-10-14 11:54:27","post_modified_gmt":"2022-10-14 09:54:27","post_content_filtered":"","post_parent":0,"guid":"http:\/\/dev.claret.cat\/editorial\/editorial-clie\/","menu_order":0,"post_type":"editorial","post_mime_type":"","comment_count":"0","filter":"raw"}]},"aioseo_notices":[],"_links":{"self":[{"href":"https:\/\/www.claret.cat\/es\/wp-json\/wp\/v2\/product\/1086190","targetHints":{"allow":["GET"]}}],"collection":[{"href":"https:\/\/www.claret.cat\/es\/wp-json\/wp\/v2\/product"}],"about":[{"href":"https:\/\/www.claret.cat\/es\/wp-json\/wp\/v2\/types\/product"}],"wp:featuredmedia":[{"embeddable":true,"href":"https:\/\/www.claret.cat\/es\/wp-json\/wp\/v2\/media\/1086205"}],"wp:attachment":[{"href":"https:\/\/www.claret.cat\/es\/wp-json\/wp\/v2\/media?parent=1086190"}],"wp:term":[{"taxonomy":"product_brand","embeddable":true,"href":"https:\/\/www.claret.cat\/es\/wp-json\/wp\/v2\/product_brand?post=1086190"},{"taxonomy":"product_cat","embeddable":true,"href":"https:\/\/www.claret.cat\/es\/wp-json\/wp\/v2\/product_cat?post=1086190"},{"taxonomy":"product_tag","embeddable":true,"href":"https:\/\/www.claret.cat\/es\/wp-json\/wp\/v2\/product_tag?post=1086190"}],"curies":[{"name":"wp","href":"https:\/\/api.w.org\/{rel}","templated":true}]}}