{"id":1086193,"date":"2026-02-25T13:05:18","date_gmt":"2026-02-25T12:05:18","guid":{"rendered":"https:\/\/www.claret.cat\/llibre\/100-preguntas-sobre-dios-9788419055569\/"},"modified":"2026-02-25T13:25:35","modified_gmt":"2026-02-25T12:25:35","slug":"100-preguntas-sobre-dios-9788419055569","status":"publish","type":"product","link":"https:\/\/www.claret.cat\/es\/libro\/100-preguntas-sobre-dios-9788419055569\/","title":{"rendered":"100 PREGUNTAS SOBRE DIOS"},"content":{"rendered":"<p>Los autores, Antonio Cruz y Juan Vald\u00e9s, son dos de los principales apologistas de habla hispana m\u00e1s reconocidos que han unido conocimiento, esfuerzo y experiencia ministerial y profesional para acercarnos las 100 preguntas sobre Dios.<\/p>\n<p>Actualmente, la apolog\u00e9tica se considera una ciencia que expone las pruebas y fundamentos de la verdad de la religi\u00f3n cristiana.<\/p>\n<p>En el Nuevo Testamento el concepto de &#8216;defensa&#8217; (apolog\u00eda) aparece en unas 18 ocasiones, como cuando el ap\u00f3stol Pedro se refiere a &#8216;presentar defensa con mansedumbre y reverencia&#8217; (1 P. 3:15). Otro de los principales ejemplos es el ap\u00f3stol Pablo en sus escritos anim\u00e1ndonos a &#8216;derribar argumentos y toda altivez que se levanta contra el conocimiento de Dios&#8217; (2 Co. 10:5).<\/p>\n<p>La apolog\u00e9tica no es algo definitivo y permanente sino que evoluciona a lo largo del tiempo. Cambia seg\u00fan las \u00e9pocas, puesto que los ataques a la fe presentan caracter\u00edsticas distintas. Hoy, la apolog\u00e9tica pretende responder a las objeciones intelectuales de car\u00e1cter cient\u00edfico o filos\u00f3fico que plantean aquellos que no son creyentes y que dudan o dificultan el desarrollo de la fe cristiana.<\/p>\n<p>De ah\u00ed que el presente trabajo se haya dise\u00f1ado pensando, sobre todo, en cien cuestiones puntuales que tienen que ver no solo con la teolog\u00eda cristiana, sino tambi\u00e9n con otras religiones, as\u00ed como con filosof\u00eda y la bio\u00e9tica y una conclusi\u00f3n evangel\u00edstica. <\/p>\n<p>El libro incluye un \u00edndice tem\u00e1tico y otro onom\u00e1stico, junto con una extensa bibliograf\u00eda, que convierte a este libro en un manual de apolog\u00e9tica pr\u00e1ctica para el siglo XXI<\/p>\n","protected":false},"excerpt":{"rendered":"<p>CRUZ SU\u00c1REZ,ANTONIO\/ VALD\u00c9S,JUAN<\/p>\n","protected":false},"featured_media":1086207,"template":"","meta":{"_acf_changed":false,"om_disable_all_campaigns":false,"rs_blank_template":"","rs_page_bg_color":"","slide_template_v7":"","inline_featured_image":false,"_monsterinsights_skip_tracking":false,"_monsterinsights_sitenote_active":false,"_monsterinsights_sitenote_note":"","_monsterinsights_sitenote_category":0},"product_brand":[],"product_cat":[275,413],"product_tag":[],"class_list":{"0":"post-1086193","1":"product","2":"type-product","3":"status-publish","4":"has-post-thumbnail","6":"product_cat-fonamental","7":"product_cat-fundamental","9":"first","10":"instock","11":"taxable","12":"shipping-taxable","13":"purchasable","14":"product-type-simple"},"acf":{"autor":"CRUZ SU\u00c1REZ,ANTONIO\/ VALD\u00c9S,JUAN","codart":"841905556","libros-coleccion":"","ediciones":"1","encuadernacion":"R\u00fastica","fecha_de_publicacion":"01\/08\/2023","novedad":"1","paginas":"456","subtitulo":"","orden":"0","portada":"0","idioma":"spa","booktrailer":"","resenas":"","editorial":[{"ID":147640,"post_author":"3","post_date":"2022-10-14 11:52:07","post_date_gmt":"2022-10-14 09:52:07","post_content":"","post_title":"Clie","post_excerpt":"","post_status":"publish","comment_status":"closed","ping_status":"closed","post_password":"","post_name":"clie","to_ping":"","pinged":"","post_modified":"2022-10-14 11:52:07","post_modified_gmt":"2022-10-14 09:52:07","post_content_filtered":"","post_parent":0,"guid":"http:\/\/dev.claret.cat\/editorial\/clie\/","menu_order":0,"post_type":"editorial","post_mime_type":"","comment_count":"0","filter":"raw"}]},"aioseo_notices":[],"_links":{"self":[{"href":"https:\/\/www.claret.cat\/es\/wp-json\/wp\/v2\/product\/1086193","targetHints":{"allow":["GET"]}}],"collection":[{"href":"https:\/\/www.claret.cat\/es\/wp-json\/wp\/v2\/product"}],"about":[{"href":"https:\/\/www.claret.cat\/es\/wp-json\/wp\/v2\/types\/product"}],"wp:featuredmedia":[{"embeddable":true,"href":"https:\/\/www.claret.cat\/es\/wp-json\/wp\/v2\/media\/1086207"}],"wp:attachment":[{"href":"https:\/\/www.claret.cat\/es\/wp-json\/wp\/v2\/media?parent=1086193"}],"wp:term":[{"taxonomy":"product_brand","embeddable":true,"href":"https:\/\/www.claret.cat\/es\/wp-json\/wp\/v2\/product_brand?post=1086193"},{"taxonomy":"product_cat","embeddable":true,"href":"https:\/\/www.claret.cat\/es\/wp-json\/wp\/v2\/product_cat?post=1086193"},{"taxonomy":"product_tag","embeddable":true,"href":"https:\/\/www.claret.cat\/es\/wp-json\/wp\/v2\/product_tag?post=1086193"}],"curies":[{"name":"wp","href":"https:\/\/api.w.org\/{rel}","templated":true}]}}