{"id":1086209,"date":"2026-02-25T13:40:02","date_gmt":"2026-02-25T12:40:02","guid":{"rendered":"https:\/\/www.claret.cat\/llibre\/de-mestre-heterodox-a-evangelista-cicle-a-dels-evangelis-dominicals-9788470112119\/"},"modified":"2026-02-25T13:40:26","modified_gmt":"2026-02-25T12:40:26","slug":"de-mestre-heterodox-a-evangelista-cicle-a-dels-evangelis-dominicals-9788470112119","status":"publish","type":"product","link":"https:\/\/www.claret.cat\/es\/libro\/de-mestre-heterodox-a-evangelista-cicle-a-dels-evangelis-dominicals-9788470112119\/","title":{"rendered":"DE MESTRE HETERODOX A EVANGELISTA. CICLE A DELS EVANGELIS DOMINICALS"},"content":{"rendered":"<p>L&#8217;Associaci\u00f3 TEXT reedita, revisat i augmentat, aquest llibre de Josep Rius-Camps. Cont\u00e9 els comentaris de l&#8217;Evangeli de Mateu, cicle A, i alguns passatges dels evangelis de Joan i Lluc que completen aquest cicle.<br \/>En aquests comentaris l&#8217;autor segueix primordialment el text conservat pel manuscrit unical biling\u00fce (grec i llat\u00ed) anomenat C\u00f2dex Beza, que ell considera el m\u00e9s primitiu dels que ens ha arribat. <br \/>Aquests comentaris de l&#8217;Evangeli dominical van ser publicats setmanalment a Catalunya Cristiana des de l&#8217;any 2009. <\/p>\n<p>Tamb\u00e9 han estat publicats els seus comentaris als altres dos cicles lit\u00fargics:<br \/>&#8216;Joan Marc, el  primer evangelista. Cicle B dels evangelis dominicals&#8217; (2023)<br \/>&#8216;De Lluc a Te\u00f2fil. Cicle C dels evangelis dominicals&#8217; (2021)<\/p>\n","protected":false},"excerpt":{"rendered":"<p>RIUS-CAMPS, JOSEP<\/p>\n","protected":false},"featured_media":1086210,"template":"","meta":{"_acf_changed":false,"om_disable_all_campaigns":false,"rs_blank_template":"","rs_page_bg_color":"","slide_template_v7":"","inline_featured_image":false,"_monsterinsights_skip_tracking":false,"_monsterinsights_sitenote_active":false,"_monsterinsights_sitenote_note":"","_monsterinsights_sitenote_category":0},"product_brand":[],"product_cat":[399,253],"product_tag":[],"class_list":{"0":"post-1086209","1":"product","2":"type-product","3":"status-publish","4":"has-post-thumbnail","6":"product_cat-any-liturgic-liturgia-1_espiritualidad","7":"product_cat-any-liturgic","9":"first","10":"instock","11":"taxable","12":"shipping-taxable","13":"purchasable","14":"product-type-simple"},"acf":{"autor":"RIUS-CAMPS, JOSEP","codart":"847011211","libros-coleccion":"","ediciones":"1","encuadernacion":"R\u00fastica","fecha_de_publicacion":"25\/02\/2026","novedad":"1","paginas":"154","subtitulo":"","orden":"0","portada":"0","idioma":"cat","booktrailer":"","resenas":"","editorial":[{"ID":1086212,"post_author":"3","post_date":"2026-02-25 13:40:19","post_date_gmt":"2026-02-25 12:40:19","post_content":"","post_title":"ASSOCIACI\u00d3 TEXT","post_excerpt":"","post_status":"publish","comment_status":"closed","ping_status":"closed","post_password":"","post_name":"associacio-text","to_ping":"","pinged":"","post_modified":"2026-02-25 13:40:19","post_modified_gmt":"2026-02-25 12:40:19","post_content_filtered":"","post_parent":0,"guid":"https:\/\/www.claret.cat\/editorial\/associacio-text\/","menu_order":0,"post_type":"editorial","post_mime_type":"","comment_count":"0","filter":"raw"}]},"aioseo_notices":[],"_links":{"self":[{"href":"https:\/\/www.claret.cat\/es\/wp-json\/wp\/v2\/product\/1086209","targetHints":{"allow":["GET"]}}],"collection":[{"href":"https:\/\/www.claret.cat\/es\/wp-json\/wp\/v2\/product"}],"about":[{"href":"https:\/\/www.claret.cat\/es\/wp-json\/wp\/v2\/types\/product"}],"wp:featuredmedia":[{"embeddable":true,"href":"https:\/\/www.claret.cat\/es\/wp-json\/wp\/v2\/media\/1086210"}],"wp:attachment":[{"href":"https:\/\/www.claret.cat\/es\/wp-json\/wp\/v2\/media?parent=1086209"}],"wp:term":[{"taxonomy":"product_brand","embeddable":true,"href":"https:\/\/www.claret.cat\/es\/wp-json\/wp\/v2\/product_brand?post=1086209"},{"taxonomy":"product_cat","embeddable":true,"href":"https:\/\/www.claret.cat\/es\/wp-json\/wp\/v2\/product_cat?post=1086209"},{"taxonomy":"product_tag","embeddable":true,"href":"https:\/\/www.claret.cat\/es\/wp-json\/wp\/v2\/product_tag?post=1086209"}],"curies":[{"name":"wp","href":"https:\/\/api.w.org\/{rel}","templated":true}]}}