{"id":1086213,"date":"2026-02-25T13:45:16","date_gmt":"2026-02-25T12:45:16","guid":{"rendered":"https:\/\/www.claret.cat\/llibre\/la-ciutat-destrempada-9791399153606\/"},"modified":"2026-04-09T11:15:07","modified_gmt":"2026-04-09T09:15:07","slug":"la-ciutat-destrempada-9791399153606","status":"publish","type":"product","link":"https:\/\/www.claret.cat\/es\/libro\/la-ciutat-destrempada-9791399153606\/","title":{"rendered":"LA CIUTAT DESTREMPADA"},"content":{"rendered":"<p>L&#8217;\u00f2pera prima de la periodista Maria Altimira Lazaro, narra l&#8217;adveniment d&#8217;un mal d&#8217;origen i conseq\u00fc\u00e8ncies incertes que condemna els barcelonins a la m\u00e9s profunda de les impot\u00e8ncies. La desgr\u00e0cia, que molts atribueixen a una pand\u00e8mia i d&#8217;altres sospiten que forma part d&#8217;una conxorxa per acabar amb els anhels d&#8217;independ\u00e8ncia del poble catal\u00e0, aviat evidenciar\u00e0 que els fonaments de la civilitzaci\u00f3 i del model econ\u00f2mic occidental descansen sobre els pilars de l&#8217;animalitat i la lasc\u00edvia. La crisi conduir\u00e0 la societat catalana a l&#8217;estupefacci\u00f3 i desenvocar\u00e0 en la desesperaci\u00f3 i la destrucci\u00f3 econ\u00f2mica i, finalment, en l&#8217;apatia m\u00e9s su\u00efcida.<\/p>\n","protected":false},"excerpt":{"rendered":"<p>MARIA ALTIMIRA L\u00c1ZARO<\/p>\n","protected":false},"featured_media":1086214,"template":"","meta":{"_acf_changed":false,"om_disable_all_campaigns":false,"rs_blank_template":"","rs_page_bg_color":"","slide_template_v7":"","inline_featured_image":false,"_monsterinsights_skip_tracking":false,"_monsterinsights_sitenote_active":false,"_monsterinsights_sitenote_note":"","_monsterinsights_sitenote_category":0},"product_brand":[],"product_cat":[127,357],"product_tag":[],"class_list":{"0":"post-1086213","1":"product","2":"type-product","3":"status-publish","4":"has-post-thumbnail","6":"product_cat-novella-contemporania","7":"product_cat-novela-contemporanea","9":"first","10":"instock","11":"taxable","12":"shipping-taxable","13":"purchasable","14":"product-type-simple"},"acf":{"autor":"MARIA ALTIMIRA L\u00c1ZARO","codart":"139915360","libros-coleccion":"","ediciones":"1","encuadernacion":"R\u00fastica","fecha_de_publicacion":"01\/02\/2026","novedad":"1","paginas":"298","subtitulo":"","orden":"0","portada":"0","idioma":"cat","booktrailer":"","resenas":"","editorial":[{"ID":1086219,"post_author":"3","post_date":"2026-02-25 13:50:08","post_date_gmt":"2026-02-25 12:50:08","post_content":"","post_title":"NORDEST LLIBRES","post_excerpt":"","post_status":"publish","comment_status":"closed","ping_status":"closed","post_password":"","post_name":"nordest-llibres","to_ping":"","pinged":"","post_modified":"2026-02-25 13:50:08","post_modified_gmt":"2026-02-25 12:50:08","post_content_filtered":"","post_parent":0,"guid":"https:\/\/www.claret.cat\/editorial\/nordest-llibres\/","menu_order":0,"post_type":"editorial","post_mime_type":"","comment_count":"0","filter":"raw"}]},"aioseo_notices":[],"_links":{"self":[{"href":"https:\/\/www.claret.cat\/es\/wp-json\/wp\/v2\/product\/1086213","targetHints":{"allow":["GET"]}}],"collection":[{"href":"https:\/\/www.claret.cat\/es\/wp-json\/wp\/v2\/product"}],"about":[{"href":"https:\/\/www.claret.cat\/es\/wp-json\/wp\/v2\/types\/product"}],"wp:featuredmedia":[{"embeddable":true,"href":"https:\/\/www.claret.cat\/es\/wp-json\/wp\/v2\/media\/1086214"}],"wp:attachment":[{"href":"https:\/\/www.claret.cat\/es\/wp-json\/wp\/v2\/media?parent=1086213"}],"wp:term":[{"taxonomy":"product_brand","embeddable":true,"href":"https:\/\/www.claret.cat\/es\/wp-json\/wp\/v2\/product_brand?post=1086213"},{"taxonomy":"product_cat","embeddable":true,"href":"https:\/\/www.claret.cat\/es\/wp-json\/wp\/v2\/product_cat?post=1086213"},{"taxonomy":"product_tag","embeddable":true,"href":"https:\/\/www.claret.cat\/es\/wp-json\/wp\/v2\/product_tag?post=1086213"}],"curies":[{"name":"wp","href":"https:\/\/api.w.org\/{rel}","templated":true}]}}