{"id":1086216,"date":"2026-02-25T13:45:29","date_gmt":"2026-02-25T12:45:29","guid":{"rendered":"https:\/\/www.claret.cat\/llibre\/la-tradicio-de-la-vinya-i-el-vi-9791387701079\/"},"modified":"2026-02-25T13:50:05","modified_gmt":"2026-02-25T12:50:05","slug":"la-tradicio-de-la-vinya-i-el-vi-9791387701079","status":"publish","type":"product","link":"https:\/\/www.claret.cat\/es\/libro\/la-tradicio-de-la-vinya-i-el-vi-9791387701079\/","title":{"rendered":"LA TRADICI\u00d3 DE LA VINYA I EL VI"},"content":{"rendered":"<p>En un moment de renovaci\u00f3 del sector vitivin\u00edcola, reneix l\u2019inter\u00e8s de la poblaci\u00f3 per aquest ric llegat. Els treballs de la vinya i el vi eren d\u2019una gran import\u00e0ncia a casa nostra i es trobaven estesos des de temps immemorials a tot el pa\u00eds, prenent diferents formes adaptades a cada territori. <br \/> El present volum n\u2019indaga les arrels i ens endinsa en l\u2019evoluci\u00f3 de la feina i el paisatge del vi; amb ell cobren sentit tants vestigis i atuells que avui dia ens costa de recon\u00e8ixer i que conformen un patrimoni cultural i patrimonial extraordinari.<\/p>\n","protected":false},"excerpt":{"rendered":"<p>LLOREN\u00c7 FERRER AL\u00d3S<\/p>\n","protected":false},"featured_media":1086217,"template":"","meta":{"_acf_changed":false,"om_disable_all_campaigns":false,"rs_blank_template":"","rs_page_bg_color":"","slide_template_v7":"","inline_featured_image":false,"_monsterinsights_skip_tracking":false,"_monsterinsights_sitenote_active":false,"_monsterinsights_sitenote_note":"","_monsterinsights_sitenote_category":0},"product_brand":[],"product_cat":[90,553,103,540],"product_tag":[],"class_list":{"0":"post-1086216","1":"product","2":"type-product","3":"status-publish","4":"has-post-thumbnail","6":"product_cat-altres","7":"product_cat-cocina","8":"product_cat-cuina","9":"product_cat-otros","11":"first","12":"instock","13":"taxable","14":"shipping-taxable","15":"purchasable","16":"product-type-simple"},"acf":{"autor":"LLOREN\u00c7 FERRER AL\u00d3S","codart":"138770107","libros-coleccion":"","ediciones":"1","encuadernacion":"R\u00fastica","fecha_de_publicacion":"01\/12\/2025","novedad":"1","paginas":"208","subtitulo":"","orden":"0","portada":"0","idioma":"cat","booktrailer":"","resenas":"","editorial":[{"ID":147565,"post_author":"3","post_date":"2022-10-14 11:51:33","post_date_gmt":"2022-10-14 09:51:33","post_content":"","post_title":"BRAU EDICIONS S L","post_excerpt":"","post_status":"publish","comment_status":"closed","ping_status":"closed","post_password":"","post_name":"brau-edicions-s-l","to_ping":"","pinged":"","post_modified":"2022-10-14 11:51:33","post_modified_gmt":"2022-10-14 09:51:33","post_content_filtered":"","post_parent":0,"guid":"http:\/\/dev.claret.cat\/editorial\/brau-edicions-s-l\/","menu_order":0,"post_type":"editorial","post_mime_type":"","comment_count":"0","filter":"raw"}]},"aioseo_notices":[],"_links":{"self":[{"href":"https:\/\/www.claret.cat\/es\/wp-json\/wp\/v2\/product\/1086216","targetHints":{"allow":["GET"]}}],"collection":[{"href":"https:\/\/www.claret.cat\/es\/wp-json\/wp\/v2\/product"}],"about":[{"href":"https:\/\/www.claret.cat\/es\/wp-json\/wp\/v2\/types\/product"}],"wp:featuredmedia":[{"embeddable":true,"href":"https:\/\/www.claret.cat\/es\/wp-json\/wp\/v2\/media\/1086217"}],"wp:attachment":[{"href":"https:\/\/www.claret.cat\/es\/wp-json\/wp\/v2\/media?parent=1086216"}],"wp:term":[{"taxonomy":"product_brand","embeddable":true,"href":"https:\/\/www.claret.cat\/es\/wp-json\/wp\/v2\/product_brand?post=1086216"},{"taxonomy":"product_cat","embeddable":true,"href":"https:\/\/www.claret.cat\/es\/wp-json\/wp\/v2\/product_cat?post=1086216"},{"taxonomy":"product_tag","embeddable":true,"href":"https:\/\/www.claret.cat\/es\/wp-json\/wp\/v2\/product_tag?post=1086216"}],"curies":[{"name":"wp","href":"https:\/\/api.w.org\/{rel}","templated":true}]}}