{"id":1086225,"date":"2026-02-25T15:50:02","date_gmt":"2026-02-25T14:50:02","guid":{"rendered":"https:\/\/www.claret.cat\/llibre\/mis-amigos-capibaras-libro-bano-9782764375501\/"},"modified":"2026-02-28T11:10:32","modified_gmt":"2026-02-28T10:10:32","slug":"mis-amigos-capibaras-libro-bano-9782764375501","status":"publish","type":"product","link":"https:\/\/www.claret.cat\/es\/libro\/mis-amigos-capibaras-libro-bano-9782764375501\/","title":{"rendered":"MIS AMIGOS CAPIBARAS (LIBRO BA\u00d1O)"},"content":{"rendered":"<p>\u00a1La hora del ba\u00f1o ser\u00e1 m\u00e1s divertida que nunca! Dise\u00f1ado para ni\u00f1os a partir de 24 meses, este libro de actividades impermeable presenta personajes entra\u00f1ables y una historia entretenida para que los peque\u00f1os disfruten mientras se ba\u00f1an. Con 6 figuras con ventosa, los ni\u00f1os pueden jugar, aprender y desarrollar su creatividad, convirtiendo la rutina del ba\u00f1o en una experiencia educativa e interactiva. Este set incluye materiales de secado r\u00e1pido, una bolsa de malla para un almacenamiento pr\u00e1ctico y 6 p\u00e1ginas llenas de color. Ideal para estimular la coordinaci\u00f3n motriz y la imaginaci\u00f3n, la serie de Libros para la Hora del Ba\u00f1o es un regalo perfecto para cualquier ocasi\u00f3n, como cumplea\u00f1os, Navidad, vacaciones o simplemente para hacer que el ba\u00f1o sea un momento de diversi\u00f3n y aprendizaje.<\/p>\n","protected":false},"excerpt":{"rendered":"<p>AA.VV.<\/p>\n","protected":false},"featured_media":1086226,"template":"","meta":{"_acf_changed":false,"om_disable_all_campaigns":false,"rs_blank_template":"","rs_page_bg_color":"","slide_template_v7":"","inline_featured_image":false,"_monsterinsights_skip_tracking":false,"_monsterinsights_sitenote_active":false,"_monsterinsights_sitenote_note":"","_monsterinsights_sitenote_category":0},"product_brand":[],"product_cat":[131,361],"product_tag":[],"class_list":{"0":"post-1086225","1":"product","2":"type-product","3":"status-publish","4":"has-post-thumbnail","6":"product_cat-contes-per-infants-0-6-anys","7":"product_cat-cuentos-para-ninos-0-6-anos","9":"first","10":"instock","11":"taxable","12":"shipping-taxable","13":"purchasable","14":"product-type-simple"},"acf":{"autor":"AA.VV.","codart":"276437550","libros-coleccion":"","ediciones":"1","encuadernacion":"Carpeta","fecha_de_publicacion":"25\/02\/2026","novedad":"1","paginas":"4","subtitulo":"","orden":"0","portada":"0","idioma":"spa","booktrailer":"","resenas":"","editorial":[{"ID":1001576,"post_author":"3","post_date":"2025-01-24 10:55:26","post_date_gmt":"2025-01-24 09:55:26","post_content":"","post_title":"EDITIONS PHIDAL","post_excerpt":"","post_status":"publish","comment_status":"closed","ping_status":"closed","post_password":"","post_name":"editions-phidal","to_ping":"","pinged":"","post_modified":"2025-01-24 10:55:26","post_modified_gmt":"2025-01-24 09:55:26","post_content_filtered":"","post_parent":0,"guid":"https:\/\/www.claret.cat\/editorial\/editions-phidal\/","menu_order":0,"post_type":"editorial","post_mime_type":"","comment_count":"0","filter":"raw"}]},"aioseo_notices":[],"_links":{"self":[{"href":"https:\/\/www.claret.cat\/es\/wp-json\/wp\/v2\/product\/1086225","targetHints":{"allow":["GET"]}}],"collection":[{"href":"https:\/\/www.claret.cat\/es\/wp-json\/wp\/v2\/product"}],"about":[{"href":"https:\/\/www.claret.cat\/es\/wp-json\/wp\/v2\/types\/product"}],"wp:featuredmedia":[{"embeddable":true,"href":"https:\/\/www.claret.cat\/es\/wp-json\/wp\/v2\/media\/1086226"}],"wp:attachment":[{"href":"https:\/\/www.claret.cat\/es\/wp-json\/wp\/v2\/media?parent=1086225"}],"wp:term":[{"taxonomy":"product_brand","embeddable":true,"href":"https:\/\/www.claret.cat\/es\/wp-json\/wp\/v2\/product_brand?post=1086225"},{"taxonomy":"product_cat","embeddable":true,"href":"https:\/\/www.claret.cat\/es\/wp-json\/wp\/v2\/product_cat?post=1086225"},{"taxonomy":"product_tag","embeddable":true,"href":"https:\/\/www.claret.cat\/es\/wp-json\/wp\/v2\/product_tag?post=1086225"}],"curies":[{"name":"wp","href":"https:\/\/api.w.org\/{rel}","templated":true}]}}