{"id":1086255,"date":"2026-02-25T16:30:03","date_gmt":"2026-02-25T15:30:03","guid":{"rendered":"https:\/\/www.claret.cat\/llibre\/un-univers-de-dones-steam-vol-1-9791388106125\/"},"modified":"2026-03-24T18:45:12","modified_gmt":"2026-03-24T17:45:12","slug":"un-univers-de-dones-steam-vol-1-9791388106125","status":"publish","type":"product","link":"https:\/\/www.claret.cat\/es\/libro\/un-univers-de-dones-steam-vol-1-9791388106125\/","title":{"rendered":"UN UNIVERS DE DONES STEAM VOL. 1"},"content":{"rendered":"<p>Diuen que el viatge a \u00cdtaca va ser llarg, molt llarg, per\u00f2 tamb\u00e9va ser una gran aventura amb oportunitats i coneixences.<br \/> Aquest llibre, dins del conjunt \u00abL\u2019enginy (in)visible\u00bb, tamb\u00e9 ho \u00e9s, com a una pe\u00e7a de l\u2019immens univers de dones que van formar part de la hist\u00f2ria, des dels seus perfi ls de ci\u00e8ncies, de tecnologia, d\u2019humanitats, d\u2019arts i de tots els \u00e0mbits que vulguem considerar. <\/p>\n<p> Per\u00f2 si trobeu que els seus noms, les seves fi tes i el seu aspecte no us resulta familiar, no haur\u00e0 estat perqu\u00e8 elles no ho hagin intentat, sin\u00f3 perqu\u00e8 la hist\u00f2ria, i les persones que l\u2019han escrit, fi ns ara, no van considerar important donar-los rellev\u00e0ncia. T\u2019oferim l\u2019oportunitat que les coneguis i aix\u00ed, a partir d\u2019ara, les podr\u00e0s recon\u00e8ixer a les teves accions i experi\u00e8ncies quotidianes. <\/p>\n<p> Perqu\u00e8 elles ens han acompanyat des de sempre, silenciosament, generosament. Per\u00f2 a partir d\u2019ara, que ja hem comen\u00e7at aquest viatge, que pot ser tan llarg com el d\u2019\u00cdtaca, tenim la coneixen\u00e7a d\u2019elles i de les seves fites, i aix\u00ed les podem incorporar al nostre univers. I, qui sap, potser tu, que est\u00e0s llegint aquestes ratlles, algun dia tamb\u00e9 formar\u00e0s part d\u2019algun d\u2019aquests volums.<\/p>\n","protected":false},"excerpt":{"rendered":"<p>M. N\u00daRIA SAL\u00c1N BALLESTEROS<\/p>\n","protected":false},"featured_media":1086256,"template":"","meta":{"_acf_changed":false,"om_disable_all_campaigns":false,"rs_blank_template":"","rs_page_bg_color":"","slide_template_v7":"","inline_featured_image":false,"_monsterinsights_skip_tracking":false,"_monsterinsights_sitenote_active":false,"_monsterinsights_sitenote_note":"","_monsterinsights_sitenote_category":0},"product_brand":[],"product_cat":[104,554],"product_tag":[],"class_list":{"0":"post-1086255","1":"product","2":"type-product","3":"status-publish","4":"has-post-thumbnail","6":"product_cat-ciencia","7":"product_cat-ciencia-5_otras-spa","9":"first","10":"instock","11":"taxable","12":"shipping-taxable","13":"purchasable","14":"product-type-simple"},"acf":{"autor":"M. N\u00daRIA SAL\u00c1N BALLESTEROS","codart":"138810612","libros-coleccion":"","ediciones":"1","encuadernacion":"Carpeta","fecha_de_publicacion":"01\/01\/2026","novedad":"1","paginas":"160","subtitulo":"","orden":"0","portada":"0","idioma":"spa","booktrailer":"","resenas":"","editorial":[{"ID":1086260,"post_author":"3","post_date":"2026-02-25 16:30:48","post_date_gmt":"2026-02-25 15:30:48","post_content":"","post_title":"MEDITERRANIA","post_excerpt":"","post_status":"publish","comment_status":"closed","ping_status":"closed","post_password":"","post_name":"mediterrania","to_ping":"","pinged":"","post_modified":"2026-02-25 16:30:48","post_modified_gmt":"2026-02-25 15:30:48","post_content_filtered":"","post_parent":0,"guid":"https:\/\/www.claret.cat\/editorial\/mediterrania\/","menu_order":0,"post_type":"editorial","post_mime_type":"","comment_count":"0","filter":"raw"}]},"aioseo_notices":[],"_links":{"self":[{"href":"https:\/\/www.claret.cat\/es\/wp-json\/wp\/v2\/product\/1086255","targetHints":{"allow":["GET"]}}],"collection":[{"href":"https:\/\/www.claret.cat\/es\/wp-json\/wp\/v2\/product"}],"about":[{"href":"https:\/\/www.claret.cat\/es\/wp-json\/wp\/v2\/types\/product"}],"wp:featuredmedia":[{"embeddable":true,"href":"https:\/\/www.claret.cat\/es\/wp-json\/wp\/v2\/media\/1086256"}],"wp:attachment":[{"href":"https:\/\/www.claret.cat\/es\/wp-json\/wp\/v2\/media?parent=1086255"}],"wp:term":[{"taxonomy":"product_brand","embeddable":true,"href":"https:\/\/www.claret.cat\/es\/wp-json\/wp\/v2\/product_brand?post=1086255"},{"taxonomy":"product_cat","embeddable":true,"href":"https:\/\/www.claret.cat\/es\/wp-json\/wp\/v2\/product_cat?post=1086255"},{"taxonomy":"product_tag","embeddable":true,"href":"https:\/\/www.claret.cat\/es\/wp-json\/wp\/v2\/product_tag?post=1086255"}],"curies":[{"name":"wp","href":"https:\/\/api.w.org\/{rel}","templated":true}]}}