{"id":1086273,"date":"2026-02-25T16:32:25","date_gmt":"2026-02-25T15:32:25","guid":{"rendered":"https:\/\/www.claret.cat\/llibre\/lucas-kent-greta-rouge-3-socorro-campamento-9788491428879\/"},"modified":"2026-02-25T16:57:00","modified_gmt":"2026-02-25T15:57:00","slug":"lucas-kent-greta-rouge-3-socorro-campamento-9788491428879","status":"publish","type":"product","link":"https:\/\/www.claret.cat\/es\/libro\/lucas-kent-greta-rouge-3-socorro-campamento-9788491428879\/","title":{"rendered":"LUCAS KENT &amp; GRETA ROUGE 3. \u00a1SOCORRO, CAMPAMENTO!"},"content":{"rendered":"<p>Lucas y Greta acaban atrapados en una trampa durante el campamento de verano y solamente el trabajo en equipo les podr\u00e1 ayudar.Despu\u00e9s de haber ganado el concurso de ciencias, llega el verano. Lucas sufre porque no le gustan nada los campamentos. Por el contrario, y a pesar de tener que convivir con el resto de cursos de la escuela (es decir, toca aguantar a los hermanos y hermanas), Greta tiene muchas ganas de esta aventura.<br \/> Todos juntos caer\u00e1n en una trampa de la que no podr\u00e1n escapar sin ayudarse mutuamente. As\u00ed, ser\u00e1 necesario que se organicen y busquen la forma de trabajar en equipo para poder volver a la casa del campamento sanos y salvos.<br \/> DISPONIBLE A PARTIR DEL 25 DE FEBRERO DE 2026<\/p>\n","protected":false},"excerpt":{"rendered":"<p>ROCIO BONILLA<\/p>\n","protected":false},"featured_media":1086274,"template":"","meta":{"_acf_changed":false,"om_disable_all_campaigns":false,"rs_blank_template":"","rs_page_bg_color":"","slide_template_v7":"","inline_featured_image":false,"_monsterinsights_skip_tracking":false,"_monsterinsights_sitenote_active":false,"_monsterinsights_sitenote_note":"","_monsterinsights_sitenote_category":0},"product_brand":[],"product_cat":[132,362],"product_tag":[],"class_list":{"0":"post-1086273","1":"product","2":"type-product","3":"status-publish","4":"has-post-thumbnail","6":"product_cat-lectures-per-preadolescents-6-12-anys","7":"product_cat-libros-preadolescentes-6-12-anos","9":"first","10":"instock","11":"taxable","12":"shipping-taxable","13":"purchasable","14":"product-type-simple"},"acf":{"autor":"ROCIO BONILLA","codart":"849142887","libros-coleccion":"","ediciones":"1","encuadernacion":"Carton\u00e9","fecha_de_publicacion":"01\/02\/2026","novedad":"1","paginas":"100","subtitulo":"AMP; GRETA ROUGE 3. \u00a1SOCORRO, CAMPAMENTO!","orden":"0","portada":"0","idioma":"spa","booktrailer":"","resenas":"","editorial":[{"ID":147395,"post_author":"3","post_date":"2022-10-14 11:50:15","post_date_gmt":"2022-10-14 09:50:15","post_content":"","post_title":"ALGAR EDITORIAL","post_excerpt":"","post_status":"publish","comment_status":"closed","ping_status":"closed","post_password":"","post_name":"algar-editorial","to_ping":"","pinged":"","post_modified":"2022-10-14 11:50:15","post_modified_gmt":"2022-10-14 09:50:15","post_content_filtered":"","post_parent":0,"guid":"http:\/\/dev.claret.cat\/editorial\/algar-editorial\/","menu_order":0,"post_type":"editorial","post_mime_type":"","comment_count":"0","filter":"raw"}]},"aioseo_notices":[],"_links":{"self":[{"href":"https:\/\/www.claret.cat\/es\/wp-json\/wp\/v2\/product\/1086273","targetHints":{"allow":["GET"]}}],"collection":[{"href":"https:\/\/www.claret.cat\/es\/wp-json\/wp\/v2\/product"}],"about":[{"href":"https:\/\/www.claret.cat\/es\/wp-json\/wp\/v2\/types\/product"}],"wp:featuredmedia":[{"embeddable":true,"href":"https:\/\/www.claret.cat\/es\/wp-json\/wp\/v2\/media\/1086274"}],"wp:attachment":[{"href":"https:\/\/www.claret.cat\/es\/wp-json\/wp\/v2\/media?parent=1086273"}],"wp:term":[{"taxonomy":"product_brand","embeddable":true,"href":"https:\/\/www.claret.cat\/es\/wp-json\/wp\/v2\/product_brand?post=1086273"},{"taxonomy":"product_cat","embeddable":true,"href":"https:\/\/www.claret.cat\/es\/wp-json\/wp\/v2\/product_cat?post=1086273"},{"taxonomy":"product_tag","embeddable":true,"href":"https:\/\/www.claret.cat\/es\/wp-json\/wp\/v2\/product_tag?post=1086273"}],"curies":[{"name":"wp","href":"https:\/\/api.w.org\/{rel}","templated":true}]}}