{"id":1086278,"date":"2026-02-25T16:32:58","date_gmt":"2026-02-25T15:32:58","guid":{"rendered":"https:\/\/www.claret.cat\/llibre\/cartes-des-de-venecia-9791387853273\/"},"modified":"2026-02-25T19:35:34","modified_gmt":"2026-02-25T18:35:34","slug":"cartes-des-de-venecia-9791387853273","status":"publish","type":"product","link":"https:\/\/www.claret.cat\/es\/libro\/cartes-des-de-venecia-9791387853273\/","title":{"rendered":"CARTES DES DE VEN\u00c8CIA"},"content":{"rendered":"<p>Igual que tota la vida d&#8217;Aurore Dupin -coneguda pel pseud\u00f2nim de George Sand-, les extenses _Lettres d&#8217;un voyageur _s\u00f3n excepcionals. Les tres primeres, que presentem aqu\u00ed, s\u00f3n aut\u00e8ntiques joies liter\u00e0ries, inicialment cartes enviades al poeta Alfred de Musset amb qui, entre el 1833 i el 1834, Sand va mantenir una relaci\u00f3 tempestuosa. George Sand recorrer\u00e0 les \u00faltimes muntanyes dels Alps, que baixen cap a la plana del V\u00e8net, i visitar\u00e0 la impressionant cova d&#8217;Oliero i el temple de l&#8217;escultor Antonio Canova per acabar a Ven\u00e8cia, on descriur\u00e0 la vida desbordant, dia i nit, dels seus canals: \u00abNo t&#8217;imagines, amic, el que \u00e9s Ven\u00e8cia. Encara no havia deixat el dol amb qu\u00e8 es vesteix a l&#8217;hivern, quan tu vas veure els seus pilars de marbre grec [&#8230;]. Ara la primavera ha bufat sobre tot aix\u00f2 com pols de maragda. El peu d&#8217;aquests palaus es cobreix d&#8217;una molsa verd tendre, i les g\u00f3ndoles llisquen entre dues catifes d&#8221;aquesta bella verdura vellutada, on el soroll de l&#8217;aigua s&#8217;esmorteeix l\u00e0nguidament amb l&#8217;escuma del rastre. Tots els balcons s&#8217;omplen de testos de flors&#8230;\u00bb Traducci\u00f3 i pr\u00f2leg d&#8217;Albert Mestres<\/p>\n","protected":false},"excerpt":{"rendered":"<p>GEORGE SAND<\/p>\n","protected":false},"featured_media":1086513,"template":"","meta":{"_acf_changed":false,"om_disable_all_campaigns":false,"rs_blank_template":"","rs_page_bg_color":"","slide_template_v7":"","inline_featured_image":false,"_monsterinsights_skip_tracking":false,"_monsterinsights_sitenote_active":false,"_monsterinsights_sitenote_note":"","_monsterinsights_sitenote_category":0},"product_brand":[],"product_cat":[354,123],"product_tag":[],"class_list":{"0":"post-1086278","1":"product","2":"type-product","3":"status-publish","4":"has-post-thumbnail","6":"product_cat-clasica","7":"product_cat-classica","9":"first","10":"instock","11":"taxable","12":"shipping-taxable","13":"purchasable","14":"product-type-simple"},"acf":{"autor":"GEORGE SAND","codart":"138785327","libros-coleccion":"","ediciones":"1","encuadernacion":"R\u00fastica","fecha_de_publicacion":"01\/02\/2026","novedad":"1","paginas":"172","subtitulo":"","orden":"0","portada":"0","idioma":"cat","booktrailer":"","resenas":"","editorial":[{"ID":6122,"post_author":"3","post_date":"2022-07-28 17:45:22","post_date_gmt":"2022-07-28 15:45:22","post_content":"","post_title":"ANGLE EDITORIAL","post_excerpt":"","post_status":"publish","comment_status":"closed","ping_status":"closed","post_password":"","post_name":"angle-editorial","to_ping":"","pinged":"","post_modified":"2022-07-28 17:45:22","post_modified_gmt":"2022-07-28 15:45:22","post_content_filtered":"","post_parent":0,"guid":"http:\/\/dev.claret.cat\/editorial\/angle-editorial\/","menu_order":0,"post_type":"editorial","post_mime_type":"","comment_count":"0","filter":"raw"}]},"aioseo_notices":[],"_links":{"self":[{"href":"https:\/\/www.claret.cat\/es\/wp-json\/wp\/v2\/product\/1086278","targetHints":{"allow":["GET"]}}],"collection":[{"href":"https:\/\/www.claret.cat\/es\/wp-json\/wp\/v2\/product"}],"about":[{"href":"https:\/\/www.claret.cat\/es\/wp-json\/wp\/v2\/types\/product"}],"wp:featuredmedia":[{"embeddable":true,"href":"https:\/\/www.claret.cat\/es\/wp-json\/wp\/v2\/media\/1086513"}],"wp:attachment":[{"href":"https:\/\/www.claret.cat\/es\/wp-json\/wp\/v2\/media?parent=1086278"}],"wp:term":[{"taxonomy":"product_brand","embeddable":true,"href":"https:\/\/www.claret.cat\/es\/wp-json\/wp\/v2\/product_brand?post=1086278"},{"taxonomy":"product_cat","embeddable":true,"href":"https:\/\/www.claret.cat\/es\/wp-json\/wp\/v2\/product_cat?post=1086278"},{"taxonomy":"product_tag","embeddable":true,"href":"https:\/\/www.claret.cat\/es\/wp-json\/wp\/v2\/product_tag?post=1086278"}],"curies":[{"name":"wp","href":"https:\/\/api.w.org\/{rel}","templated":true}]}}