{"id":1086285,"date":"2026-02-25T16:35:23","date_gmt":"2026-02-25T15:35:23","guid":{"rendered":"https:\/\/www.claret.cat\/llibre\/lucas-kent-greta-rouge-3-socors-colonies-9791387847296\/"},"modified":"2026-02-26T16:56:58","modified_gmt":"2026-02-26T15:56:58","slug":"lucas-kent-greta-rouge-3-socors-colonies-9791387847296","status":"publish","type":"product","link":"https:\/\/www.claret.cat\/es\/libro\/lucas-kent-greta-rouge-3-socors-colonies-9791387847296\/","title":{"rendered":"LUCAS KENT &amp; GRETA ROUGE 3. SOCORS, COL\u00d2NIES!"},"content":{"rendered":"<p>La tercera entrega de la irresistible s\u00e8rie de Rocio Bonilla arriba carregada d\u2019humor, misteri i una nova aventura que ning\u00fa oblidar\u00e0.Arribaven les col\u00f2nies de fi de curs, el moment que tothom esperava!<br \/>B\u00e9&#8230; tothom menys en Lucas. D\u2019acord, que hi anessin els nostres germans i fam\u00edlies com els Rapunzel feia bastant de mandra, per\u00f2 ni en Frederic ni jo, la Greta, acab\u00e0vem d\u2019entendre per qu\u00e8 en Lucas feia aquella cara de pomes agres. Una casa centen\u00e0ria, un bosc ple de b\u00e8sties, t\u00fanels i passadissos secrets. No ens pod\u00edem ni imaginar l\u2019aventura que ens esperava&#8230;<br \/> DISPONIBLE A PARTIR DEL 25 DE FEBRER DE 2026<\/p>\n","protected":false},"excerpt":{"rendered":"<p>ROCIO BONILLA<\/p>\n","protected":false},"featured_media":1086754,"template":"","meta":{"_acf_changed":false,"om_disable_all_campaigns":false,"rs_blank_template":"","rs_page_bg_color":"","slide_template_v7":"","inline_featured_image":false,"_monsterinsights_skip_tracking":false,"_monsterinsights_sitenote_active":false,"_monsterinsights_sitenote_note":"","_monsterinsights_sitenote_category":0},"product_brand":[],"product_cat":[132,362],"product_tag":[],"class_list":{"0":"post-1086285","1":"product","2":"type-product","3":"status-publish","4":"has-post-thumbnail","6":"product_cat-lectures-per-preadolescents-6-12-anys","7":"product_cat-libros-preadolescentes-6-12-anos","9":"first","10":"instock","11":"taxable","12":"shipping-taxable","13":"purchasable","14":"product-type-simple"},"acf":{"autor":"ROCIO BONILLA","codart":"138784729","libros-coleccion":"","ediciones":"1","encuadernacion":"Carton\u00e9","fecha_de_publicacion":"01\/02\/2026","novedad":"1","paginas":"100","subtitulo":"AMP; GRETA ROUGE 3. SOCORS, COL\u00d2NIES!","orden":"0","portada":"0","idioma":"cat","booktrailer":"","resenas":"","editorial":[{"ID":6123,"post_author":"3","post_date":"2022-07-28 17:45:23","post_date_gmt":"2022-07-28 15:45:23","post_content":"","post_title":"ANIMALLIBRES","post_excerpt":"","post_status":"publish","comment_status":"closed","ping_status":"closed","post_password":"","post_name":"animallibres","to_ping":"","pinged":"","post_modified":"2022-07-28 17:45:23","post_modified_gmt":"2022-07-28 15:45:23","post_content_filtered":"","post_parent":0,"guid":"http:\/\/dev.claret.cat\/editorial\/animallibres\/","menu_order":0,"post_type":"editorial","post_mime_type":"","comment_count":"0","filter":"raw"}]},"aioseo_notices":[],"_links":{"self":[{"href":"https:\/\/www.claret.cat\/es\/wp-json\/wp\/v2\/product\/1086285","targetHints":{"allow":["GET"]}}],"collection":[{"href":"https:\/\/www.claret.cat\/es\/wp-json\/wp\/v2\/product"}],"about":[{"href":"https:\/\/www.claret.cat\/es\/wp-json\/wp\/v2\/types\/product"}],"wp:featuredmedia":[{"embeddable":true,"href":"https:\/\/www.claret.cat\/es\/wp-json\/wp\/v2\/media\/1086754"}],"wp:attachment":[{"href":"https:\/\/www.claret.cat\/es\/wp-json\/wp\/v2\/media?parent=1086285"}],"wp:term":[{"taxonomy":"product_brand","embeddable":true,"href":"https:\/\/www.claret.cat\/es\/wp-json\/wp\/v2\/product_brand?post=1086285"},{"taxonomy":"product_cat","embeddable":true,"href":"https:\/\/www.claret.cat\/es\/wp-json\/wp\/v2\/product_cat?post=1086285"},{"taxonomy":"product_tag","embeddable":true,"href":"https:\/\/www.claret.cat\/es\/wp-json\/wp\/v2\/product_tag?post=1086285"}],"curies":[{"name":"wp","href":"https:\/\/api.w.org\/{rel}","templated":true}]}}