{"id":1086290,"date":"2026-02-25T16:35:55","date_gmt":"2026-02-25T15:35:55","guid":{"rendered":"https:\/\/www.claret.cat\/llibre\/secrets-de-barcelona-9788413565538\/"},"modified":"2026-03-24T17:11:41","modified_gmt":"2026-03-24T16:11:41","slug":"secrets-de-barcelona-9788413565538","status":"publish","type":"product","link":"https:\/\/www.claret.cat\/es\/libro\/secrets-de-barcelona-9788413565538\/","title":{"rendered":"SECRETS DE BARCELONA"},"content":{"rendered":"<p>SECRETS I TRESORS AMAGATS, FITES QUE HAN MARCAT LA HIST\u00d2RIA I MERAVELLES QUE PASSEN DESAPERCEBUDES. Aquest llibre t&#8221;ofereix un viatge fascinant -des de la prehist\u00f2ria fins avui- per revelar-te una ciutat sorprenent, rebel i inesgotable. Descobreix la Barcelona que va aconseguir la jornada de vuit hores per primera vegada al m\u00f3n, una ciutat que custodia una est\u00e0tua de la llibertat i guarda un f\u00e8mur de sant Jordi. Sabies que va ser a Barcelona on es va descobrir el paper rellevant de les neurones i tamb\u00e9 l&#8221;atmosfera de Tit\u00e0, sat\u00e8l\u00b7lit de Saturn? Joan de D\u00e9u Prats tamb\u00e9 ha tret a la llum metgesses, arquitectes, m\u00edstics, hero\u00efnes, lluitadores socials; figures que, tot i decisives, havien quedat a l&#8221;ombra. UN LLIBRE AMB CENTENARS DE FOTOGRAFIES I UN RELAT CRONOL\u00d2GIC, \u00c0GIL I CAPTIVADOR, QUE CONVIDA A VEURE BARCELONA COM NO L&#8221;HAVIES VIST MAI.<\/p>\n","protected":false},"excerpt":{"rendered":"<p>JOAN DE D\u00c9U PRATS PIJOAN<\/p>\n","protected":false},"featured_media":1086458,"template":"","meta":{"_acf_changed":false,"om_disable_all_campaigns":false,"rs_blank_template":"","rs_page_bg_color":"","slide_template_v7":"","inline_featured_image":false,"_monsterinsights_skip_tracking":false,"_monsterinsights_sitenote_active":false,"_monsterinsights_sitenote_note":"","_monsterinsights_sitenote_category":0},"product_brand":[],"product_cat":[430,153],"product_tag":[],"class_list":{"0":"post-1086290","1":"product","2":"type-product","3":"status-publish","4":"has-post-thumbnail","6":"product_cat-cataluna","7":"product_cat-catalunya","9":"first","10":"instock","11":"taxable","12":"shipping-taxable","13":"purchasable","14":"product-type-simple"},"acf":{"autor":"JOAN DE D\u00c9U PRATS PIJOAN","codart":"8413565538","libros-coleccion":"","ediciones":"1","encuadernacion":"R\u00fastica","fecha_de_publicacion":"01\/02\/2026","novedad":"1","paginas":"224","subtitulo":"CLAUS I CURIOSITATS DE LA SEVA HIST\u00d2RIA","orden":"0","portada":"0","idioma":"cat","booktrailer":"","resenas":"","editorial":[{"ID":6171,"post_author":"3","post_date":"2022-07-28 17:46:25","post_date_gmt":"2022-07-28 15:46:25","post_content":"","post_title":"COSSETANIA EDICIONS","post_excerpt":"","post_status":"publish","comment_status":"closed","ping_status":"closed","post_password":"","post_name":"cossetania-edicions","to_ping":"","pinged":"","post_modified":"2022-07-28 17:46:25","post_modified_gmt":"2022-07-28 15:46:25","post_content_filtered":"","post_parent":0,"guid":"http:\/\/dev.claret.cat\/editorial\/cossetania-edicions\/","menu_order":0,"post_type":"editorial","post_mime_type":"","comment_count":"0","filter":"raw"}]},"aioseo_notices":[],"_links":{"self":[{"href":"https:\/\/www.claret.cat\/es\/wp-json\/wp\/v2\/product\/1086290","targetHints":{"allow":["GET"]}}],"collection":[{"href":"https:\/\/www.claret.cat\/es\/wp-json\/wp\/v2\/product"}],"about":[{"href":"https:\/\/www.claret.cat\/es\/wp-json\/wp\/v2\/types\/product"}],"wp:featuredmedia":[{"embeddable":true,"href":"https:\/\/www.claret.cat\/es\/wp-json\/wp\/v2\/media\/1086458"}],"wp:attachment":[{"href":"https:\/\/www.claret.cat\/es\/wp-json\/wp\/v2\/media?parent=1086290"}],"wp:term":[{"taxonomy":"product_brand","embeddable":true,"href":"https:\/\/www.claret.cat\/es\/wp-json\/wp\/v2\/product_brand?post=1086290"},{"taxonomy":"product_cat","embeddable":true,"href":"https:\/\/www.claret.cat\/es\/wp-json\/wp\/v2\/product_cat?post=1086290"},{"taxonomy":"product_tag","embeddable":true,"href":"https:\/\/www.claret.cat\/es\/wp-json\/wp\/v2\/product_tag?post=1086290"}],"curies":[{"name":"wp","href":"https:\/\/api.w.org\/{rel}","templated":true}]}}