{"id":1086293,"date":"2026-02-25T16:36:09","date_gmt":"2026-02-25T15:36:09","guid":{"rendered":"https:\/\/www.claret.cat\/llibre\/les-belles-promeses-9788413589060\/"},"modified":"2026-03-25T17:55:23","modified_gmt":"2026-03-25T16:55:23","slug":"les-belles-promeses-9788413589060","status":"publish","type":"product","link":"https:\/\/www.claret.cat\/es\/libro\/les-belles-promeses-9788413589060\/","title":{"rendered":"LES BELLES PROMESES"},"content":{"rendered":"<p>Despr\u00e9s de l\u2019immens \u00e8xit d\u2019El gran m\u00f3n, El silenci i la c\u00f2lera i Un futur radiant, amb Les belles promeses s\u2019acaba la fascinant saga d\u2019\u00abEls anys gloriosos\u00bb.Tot comen\u00e7a amb un incendi, un nad\u00f3 i&#8230; un senglar.<br \/> Par\u00eds es transforma en unes obres tit\u00e0niques, el cor d\u2019un home es veu esquin\u00e7at, el m\u00f3n rural \u00e9s amena\u00e7at, unes dones surten de l\u2019oblit i els membres de la fam\u00edlia Pelletier avancen inexorablement cap al seu dest\u00ed. Com a culminaci\u00f3, un dilema moral esgarrif\u00f3s: nom\u00e9s quedar\u00e0 l\u2019enfonsament o l\u2019apoteosi.<br \/> Per sort, en Joseph, el gat, encara vetlla.<br \/> Despr\u00e9s de l\u2019immens \u00e8xit d\u2019El gran m\u00f3n, El silenci i la c\u00f2lera i Un futur radiant, amb Les belles promeses s\u2019acaba la fascinant saga d\u2019\u00abEls anys gloriosos\u00bb.<br \/> DISPONIBLE A PARTIR DEL 25 DE FEBRER DE 2026<\/p>\n","protected":false},"excerpt":{"rendered":"<p>PIERRE LEMAITRE<\/p>\n","protected":false},"featured_media":1086453,"template":"","meta":{"_acf_changed":false,"om_disable_all_campaigns":false,"rs_blank_template":"","rs_page_bg_color":"","slide_template_v7":"","inline_featured_image":false,"_monsterinsights_skip_tracking":false,"_monsterinsights_sitenote_active":false,"_monsterinsights_sitenote_note":"","_monsterinsights_sitenote_category":0},"product_brand":[],"product_cat":[127,357],"product_tag":[],"class_list":{"0":"post-1086293","1":"product","2":"type-product","3":"status-publish","4":"has-post-thumbnail","6":"product_cat-novella-contemporania","7":"product_cat-novela-contemporanea","9":"first","10":"instock","11":"taxable","12":"shipping-taxable","13":"purchasable","14":"product-type-simple"},"acf":{"autor":"PIERRE LEMAITRE","codart":"841358906","libros-coleccion":"","ediciones":"1","encuadernacion":"R\u00fastica","fecha_de_publicacion":"01\/02\/2026","novedad":"1","paginas":"412","subtitulo":"","orden":"0","portada":"0","idioma":"cat","booktrailer":"","resenas":"","editorial":[{"ID":147873,"post_author":"3","post_date":"2022-10-14 11:53:52","post_date_gmt":"2022-10-14 09:53:52","post_content":"","post_title":"Edicions Bromera","post_excerpt":"","post_status":"publish","comment_status":"closed","ping_status":"closed","post_password":"","post_name":"edicions-bromera","to_ping":"","pinged":"","post_modified":"2022-10-14 11:53:52","post_modified_gmt":"2022-10-14 09:53:52","post_content_filtered":"","post_parent":0,"guid":"http:\/\/dev.claret.cat\/editorial\/edicions-bromera\/","menu_order":0,"post_type":"editorial","post_mime_type":"","comment_count":"0","filter":"raw"}]},"aioseo_notices":[],"_links":{"self":[{"href":"https:\/\/www.claret.cat\/es\/wp-json\/wp\/v2\/product\/1086293","targetHints":{"allow":["GET"]}}],"collection":[{"href":"https:\/\/www.claret.cat\/es\/wp-json\/wp\/v2\/product"}],"about":[{"href":"https:\/\/www.claret.cat\/es\/wp-json\/wp\/v2\/types\/product"}],"wp:featuredmedia":[{"embeddable":true,"href":"https:\/\/www.claret.cat\/es\/wp-json\/wp\/v2\/media\/1086453"}],"wp:attachment":[{"href":"https:\/\/www.claret.cat\/es\/wp-json\/wp\/v2\/media?parent=1086293"}],"wp:term":[{"taxonomy":"product_brand","embeddable":true,"href":"https:\/\/www.claret.cat\/es\/wp-json\/wp\/v2\/product_brand?post=1086293"},{"taxonomy":"product_cat","embeddable":true,"href":"https:\/\/www.claret.cat\/es\/wp-json\/wp\/v2\/product_cat?post=1086293"},{"taxonomy":"product_tag","embeddable":true,"href":"https:\/\/www.claret.cat\/es\/wp-json\/wp\/v2\/product_tag?post=1086293"}],"curies":[{"name":"wp","href":"https:\/\/api.w.org\/{rel}","templated":true}]}}