{"id":1086311,"date":"2026-02-25T16:41:17","date_gmt":"2026-02-25T15:41:17","guid":{"rendered":"https:\/\/www.claret.cat\/llibre\/belleza-feroz-9788410479494\/"},"modified":"2026-02-25T18:55:38","modified_gmt":"2026-02-25T17:55:38","slug":"belleza-feroz-9788410479494","status":"publish","type":"product","link":"https:\/\/www.claret.cat\/es\/libro\/belleza-feroz-9788410479494\/","title":{"rendered":"BELLEZA FEROZ"},"content":{"rendered":"<p>     \u00bfTener demasiada ambici\u00f3n? \u00bfSer demasiado orgullosa? \u00bfOcupar demasiado espacio? \u00bfO simplemente desear algo, lo que sea, con demasiada intensidad?<\/p>\n<p>     Ese es el problema al que se enfrenta Arabella cuando hace su debut en sociedad. Sus padres quieren que sea dulce y obediente para que pueda casarse bien, pero por m\u00e1s que lo intenta, Arabella no puede apagar el fuego que arde dentro de ella: la fuente de sus deseos m\u00e1s profundos, sus sue\u00f1os m\u00e1s salvajes.<\/p>\n<p>     Cuando un intento de reprimir sus emociones sale tr\u00e1gicamente mal, una figura misteriosa castiga a Arabella con una maldici\u00f3n, conden\u00e1ndola a ella y a todos los que ama, atrap\u00e1ndolos en el castillo.<\/p>\n<p>     A medida que pasan los a\u00f1os, Arabella pierde la esperanza. La maldici\u00f3n es culpa suya \u2014despu\u00e9s de todo, no hay nada m\u00e1s \u00abferoz\u00bb que una chica que expresa su ira\u2014, y la \u00fanica forma de romperla es encontrar a un chico que la ame por lo que realmente es, una tarea cruel para una chica a la que siempre le han dicho que es imposible que alguien la ame.<\/p>\n<p>     Cuando un apuesto ladr\u00f3n llamado Beau logra entrar al castillo, los sirvientes cautivos se entusiasman, convencidos de que \u00e9l es quien romper\u00e1 la maldici\u00f3n. Pero Beau \u2014intimidado por las extra\u00f1as y severas damas de compa\u00f1\u00eda del castillo y por la presencia mal\u00e9vola que acecha sus pasillos por la noche\u2014, solo quiere escapar. Hace mucho aprendi\u00f3 que el amor no es m\u00e1s que una ilusi\u00f3n.<\/p>\n<p>     Si Beau y Arabella tienen alguna esperanza de romper la maldici\u00f3n, deber\u00e1n aprender a confiar en sus corazones heridos y darse cuenta de que las prisiones m\u00e1s crueles de todas son las que construimos para nosotros mismos.<\/p>\n","protected":false},"excerpt":{"rendered":"<p>JENNIFER DONNELLY<\/p>\n","protected":false},"featured_media":1086470,"template":"","meta":{"_acf_changed":false,"om_disable_all_campaigns":false,"rs_blank_template":"","rs_page_bg_color":"","slide_template_v7":"","inline_featured_image":false,"_monsterinsights_skip_tracking":false,"_monsterinsights_sitenote_active":false,"_monsterinsights_sitenote_note":"","_monsterinsights_sitenote_category":0},"product_brand":[],"product_cat":[133,566,117,363],"product_tag":[],"class_list":{"0":"post-1086311","1":"product","2":"type-product","3":"status-publish","4":"has-post-thumbnail","6":"product_cat-lectures-per-adolescents-12-18-anys","7":"product_cat-juvenil-3_infantil-juvenil-spa-spa","8":"product_cat-juvenil","9":"product_cat-lecturas-por-adolescentes-12-18-anos","11":"first","12":"instock","13":"taxable","14":"shipping-taxable","15":"purchasable","16":"product-type-simple"},"acf":{"autor":"JENNIFER DONNELLY","codart":"841047949","libros-coleccion":"","ediciones":"1","encuadernacion":"Carton\u00e9","fecha_de_publicacion":"01\/02\/2026","novedad":"1","paginas":"565","subtitulo":"","orden":"0","portada":"0","idioma":"spa","booktrailer":"","resenas":"","editorial":[{"ID":147822,"post_author":"3","post_date":"2022-10-14 11:53:29","post_date_gmt":"2022-10-14 09:53:29","post_content":"","post_title":"Ediciones Kiwi","post_excerpt":"","post_status":"publish","comment_status":"closed","ping_status":"closed","post_password":"","post_name":"ediciones-kiwi","to_ping":"","pinged":"","post_modified":"2022-10-14 11:53:29","post_modified_gmt":"2022-10-14 09:53:29","post_content_filtered":"","post_parent":0,"guid":"http:\/\/dev.claret.cat\/editorial\/ediciones-kiwi\/","menu_order":0,"post_type":"editorial","post_mime_type":"","comment_count":"0","filter":"raw"}]},"aioseo_notices":[],"_links":{"self":[{"href":"https:\/\/www.claret.cat\/es\/wp-json\/wp\/v2\/product\/1086311","targetHints":{"allow":["GET"]}}],"collection":[{"href":"https:\/\/www.claret.cat\/es\/wp-json\/wp\/v2\/product"}],"about":[{"href":"https:\/\/www.claret.cat\/es\/wp-json\/wp\/v2\/types\/product"}],"wp:featuredmedia":[{"embeddable":true,"href":"https:\/\/www.claret.cat\/es\/wp-json\/wp\/v2\/media\/1086470"}],"wp:attachment":[{"href":"https:\/\/www.claret.cat\/es\/wp-json\/wp\/v2\/media?parent=1086311"}],"wp:term":[{"taxonomy":"product_brand","embeddable":true,"href":"https:\/\/www.claret.cat\/es\/wp-json\/wp\/v2\/product_brand?post=1086311"},{"taxonomy":"product_cat","embeddable":true,"href":"https:\/\/www.claret.cat\/es\/wp-json\/wp\/v2\/product_cat?post=1086311"},{"taxonomy":"product_tag","embeddable":true,"href":"https:\/\/www.claret.cat\/es\/wp-json\/wp\/v2\/product_tag?post=1086311"}],"curies":[{"name":"wp","href":"https:\/\/api.w.org\/{rel}","templated":true}]}}