{"id":1086328,"date":"2026-02-25T16:45:46","date_gmt":"2026-02-25T15:45:46","guid":{"rendered":"https:\/\/www.claret.cat\/llibre\/ingenioso-hidalgo-don-quijote-de-la-mancha-i-el-9788497403726\/"},"modified":"2026-03-04T16:50:52","modified_gmt":"2026-03-04T15:50:52","slug":"ingenioso-hidalgo-don-quijote-de-la-mancha-i-el-9788497403726","status":"publish","type":"product","link":"https:\/\/www.claret.cat\/es\/libro\/ingenioso-hidalgo-don-quijote-de-la-mancha-i-el-9788497403726\/","title":{"rendered":"INGENIOSO HIDALGO DON QUIJOTE DE LA MANCHA I , EL"},"content":{"rendered":"<p>Todo el mundo conoce la historia de don Quijote, que bien empieza ?En un lugar de la Mancha?? <\/p>\n<p>En el verano de 1604, pr\u00f3ximo a cumplir los cincuenta y siete a\u00f1os, Cervantes entregaba al librero de la Corte el manuscrito de una obra suya titulada El ingenioso hidalgo don Quijote de la Mancha. Esta obra, cuatro siglos despu\u00e9s, sigue cont\u00e1ndose entre las excelsas del genio humano y su fama le ha llevado a ser patrimonio de la humanidad y texto culmen de la literatura espa\u00f1ola y universal. Cervantes proyecta el poder de su fascinaci\u00f3n e influencia sobre la \u00e9poca moderna como el creador del g\u00e9nero que impl\u00edcitamente la refleja, el g\u00e9nero que es a la vez imaginaci\u00f3n y cr\u00edtica; relativista y realista: la novela moderna. <\/p>\n<p>(De la Introducci\u00f3n de Luis Andr\u00e9s Murillo) <\/p>\n<p>&#8212;&#8212;&#8212;&#8212;&#8212;&#8212;&#8212;&#8212;&#8212;&#8212;&#8212;&#8212;&#8212;&#8212;&#8212;&#8212;&#8211; <\/p>\n<p>Nuestra editorial, inmersa en un proceso de renovaci\u00f3n, reedita ahora, en nuevo formato y con nuevo dise\u00f1o, obras ya cl\u00e1sicas de su cat\u00e1logo, principalmente su colecci\u00f3n CL\u00c1SICOS CASTALIA que ha sido, desde su aparici\u00f3n en la d\u00e9cada de los 60, el referente para todos aquellos profesores, estudiantes y lectores de cl\u00e1sicos de la literatura espa\u00f1ola en lengua castellana, tanto en Espa\u00f1a como en el resto del mundo.<\/p>\n","protected":false},"excerpt":{"rendered":"<p>CERVANTES SAAVEDRA, MIGUEL DE<\/p>\n","protected":false},"featured_media":1086329,"template":"","meta":{"_acf_changed":false,"om_disable_all_campaigns":false,"rs_blank_template":"","rs_page_bg_color":"","slide_template_v7":"","inline_featured_image":false,"_monsterinsights_skip_tracking":false,"_monsterinsights_sitenote_active":false,"_monsterinsights_sitenote_note":"","_monsterinsights_sitenote_category":0},"product_brand":[],"product_cat":[354,123],"product_tag":[],"class_list":{"0":"post-1086328","1":"product","2":"type-product","3":"status-publish","4":"has-post-thumbnail","6":"product_cat-clasica","7":"product_cat-classica","9":"first","10":"instock","11":"taxable","12":"shipping-taxable","13":"purchasable","14":"product-type-simple"},"acf":{"autor":"CERVANTES SAAVEDRA, MIGUEL DE","codart":"849740372","libros-coleccion":"FORA DE COL.LECCI\u00d3","ediciones":"1","encuadernacion":"R\u00fastica","fecha_de_publicacion":"01\/12\/2010","novedad":"1","paginas":"612","subtitulo":"","orden":"0","portada":"0","idioma":"spa","booktrailer":"","resenas":"","editorial":[{"ID":147604,"post_author":"3","post_date":"2022-10-14 11:51:51","post_date_gmt":"2022-10-14 09:51:51","post_content":"","post_title":"CASTALIA,EDITORIAL","post_excerpt":"","post_status":"publish","comment_status":"closed","ping_status":"closed","post_password":"","post_name":"castaliaeditorial","to_ping":"","pinged":"","post_modified":"2022-10-14 11:51:51","post_modified_gmt":"2022-10-14 09:51:51","post_content_filtered":"","post_parent":0,"guid":"http:\/\/dev.claret.cat\/editorial\/castaliaeditorial\/","menu_order":0,"post_type":"editorial","post_mime_type":"","comment_count":"0","filter":"raw"}]},"aioseo_notices":[],"_links":{"self":[{"href":"https:\/\/www.claret.cat\/es\/wp-json\/wp\/v2\/product\/1086328","targetHints":{"allow":["GET"]}}],"collection":[{"href":"https:\/\/www.claret.cat\/es\/wp-json\/wp\/v2\/product"}],"about":[{"href":"https:\/\/www.claret.cat\/es\/wp-json\/wp\/v2\/types\/product"}],"wp:featuredmedia":[{"embeddable":true,"href":"https:\/\/www.claret.cat\/es\/wp-json\/wp\/v2\/media\/1086329"}],"wp:attachment":[{"href":"https:\/\/www.claret.cat\/es\/wp-json\/wp\/v2\/media?parent=1086328"}],"wp:term":[{"taxonomy":"product_brand","embeddable":true,"href":"https:\/\/www.claret.cat\/es\/wp-json\/wp\/v2\/product_brand?post=1086328"},{"taxonomy":"product_cat","embeddable":true,"href":"https:\/\/www.claret.cat\/es\/wp-json\/wp\/v2\/product_cat?post=1086328"},{"taxonomy":"product_tag","embeddable":true,"href":"https:\/\/www.claret.cat\/es\/wp-json\/wp\/v2\/product_tag?post=1086328"}],"curies":[{"name":"wp","href":"https:\/\/api.w.org\/{rel}","templated":true}]}}