{"id":1086346,"date":"2026-02-25T16:51:03","date_gmt":"2026-02-25T15:51:03","guid":{"rendered":"https:\/\/www.claret.cat\/llibre\/ingenioso-hidalgo-don-quijote-de-la-mancha-ii-el-9788497403733\/"},"modified":"2026-03-04T16:55:05","modified_gmt":"2026-03-04T15:55:05","slug":"ingenioso-hidalgo-don-quijote-de-la-mancha-ii-el-9788497403733","status":"publish","type":"product","link":"https:\/\/www.claret.cat\/es\/libro\/ingenioso-hidalgo-don-quijote-de-la-mancha-ii-el-9788497403733\/","title":{"rendered":"INGENIOSO HIDALGO DON QUIJOTE DE LA MANCHA &#8211; II, EL"},"content":{"rendered":"<p>En el verano de 1604, pr\u00f3ximo a cumplir los cincuenta y siete a\u00f1os, Miguel de Cervantes entregaba al librero de la corte espa\u00f1ola el manuscrito de una obra suya a la cual hab\u00eda dado el t\u00edtulo El ingenioso hidalgo don Quijote de la Mancha, y que casi cuatro siglos despu\u00e9s sigue cont\u00e1ndose entre las excelsas del genio humano. Autor de otras obras espl\u00e9ndidas, sus Novelas ejemplares, su Persiles y Sigismunda, es la fama de su Quijote lo que le ha elevado en la estimaci\u00f3n universal a la altura de los m\u00e1ximos creadores literarios, al lado de Homero, Shakespeare y Dante. Y, adem\u00e1s, con esta singularidad a su favor: mientras que Homero, Shakespeare y Dante se expresan en g\u00e9neros literarios consagrados -la epopeya, el drama, la poes\u00eda medieval- Cervantes proyecta el poder de su fascinaci\u00f3n e influencia sobre la \u00e9poca moderna como el creador del g\u00e9nero que impl\u00edcitamente la refleja, el g\u00e9nero que es a la vez imaginaci\u00f3n y cr\u00edtica, relativista y realista: la novela moderna. (&#8230;) el Quijote no es s\u00f3lo esta obra protot\u00edpica de un g\u00e9nero multiforme; es tambi\u00e9n una gran creaci\u00f3n po\u00e9tica que ha obrado en el esp\u00edritu del hombre moderno con la fuerza irresistible de los mitos y s\u00edmbolos m\u00e1s profundos de su destino.(De la Introducci\u00f3n de Luis Andr\u00e9s Murillo)<\/p>\n","protected":false},"excerpt":{"rendered":"<p>CERVANTES SAAVEDRA, MIGUEL DE<\/p>\n","protected":false},"featured_media":1086347,"template":"","meta":{"_acf_changed":false,"om_disable_all_campaigns":false,"rs_blank_template":"","rs_page_bg_color":"","slide_template_v7":"","inline_featured_image":false,"_monsterinsights_skip_tracking":false,"_monsterinsights_sitenote_active":false,"_monsterinsights_sitenote_note":"","_monsterinsights_sitenote_category":0},"product_brand":[],"product_cat":[354,123],"product_tag":[],"class_list":{"0":"post-1086346","1":"product","2":"type-product","3":"status-publish","4":"has-post-thumbnail","6":"product_cat-clasica","7":"product_cat-classica","9":"first","10":"instock","11":"taxable","12":"shipping-taxable","13":"purchasable","14":"product-type-simple"},"acf":{"autor":"CERVANTES SAAVEDRA, MIGUEL DE","codart":"849740373","libros-coleccion":"FORA DE COL.LECCI\u00d3","ediciones":"1","encuadernacion":"R\u00fastica","fecha_de_publicacion":"01\/12\/2010","novedad":"1","paginas":"612","subtitulo":"","orden":"0","portada":"0","idioma":"spa","booktrailer":"","resenas":"","editorial":[{"ID":147604,"post_author":"3","post_date":"2022-10-14 11:51:51","post_date_gmt":"2022-10-14 09:51:51","post_content":"","post_title":"CASTALIA,EDITORIAL","post_excerpt":"","post_status":"publish","comment_status":"closed","ping_status":"closed","post_password":"","post_name":"castaliaeditorial","to_ping":"","pinged":"","post_modified":"2022-10-14 11:51:51","post_modified_gmt":"2022-10-14 09:51:51","post_content_filtered":"","post_parent":0,"guid":"http:\/\/dev.claret.cat\/editorial\/castaliaeditorial\/","menu_order":0,"post_type":"editorial","post_mime_type":"","comment_count":"0","filter":"raw"}]},"aioseo_notices":[],"_links":{"self":[{"href":"https:\/\/www.claret.cat\/es\/wp-json\/wp\/v2\/product\/1086346","targetHints":{"allow":["GET"]}}],"collection":[{"href":"https:\/\/www.claret.cat\/es\/wp-json\/wp\/v2\/product"}],"about":[{"href":"https:\/\/www.claret.cat\/es\/wp-json\/wp\/v2\/types\/product"}],"wp:featuredmedia":[{"embeddable":true,"href":"https:\/\/www.claret.cat\/es\/wp-json\/wp\/v2\/media\/1086347"}],"wp:attachment":[{"href":"https:\/\/www.claret.cat\/es\/wp-json\/wp\/v2\/media?parent=1086346"}],"wp:term":[{"taxonomy":"product_brand","embeddable":true,"href":"https:\/\/www.claret.cat\/es\/wp-json\/wp\/v2\/product_brand?post=1086346"},{"taxonomy":"product_cat","embeddable":true,"href":"https:\/\/www.claret.cat\/es\/wp-json\/wp\/v2\/product_cat?post=1086346"},{"taxonomy":"product_tag","embeddable":true,"href":"https:\/\/www.claret.cat\/es\/wp-json\/wp\/v2\/product_tag?post=1086346"}],"curies":[{"name":"wp","href":"https:\/\/api.w.org\/{rel}","templated":true}]}}