{"id":1086349,"date":"2026-02-25T16:51:17","date_gmt":"2026-02-25T15:51:17","guid":{"rendered":"https:\/\/www.claret.cat\/llibre\/reptes-i-desafiaments-de-la-postadopcio-9788426739452\/"},"modified":"2026-02-25T16:56:55","modified_gmt":"2026-02-25T15:56:55","slug":"reptes-i-desafiaments-de-la-postadopcio-9788426739452","status":"publish","type":"product","link":"https:\/\/www.claret.cat\/es\/libro\/reptes-i-desafiaments-de-la-postadopcio-9788426739452\/","title":{"rendered":"REPTES I DESAFIAMENTS DE LA POSTADOPCI\u00d3"},"content":{"rendered":"<p>En un m\u00f3n que comen\u00e7a a mirar l?adopci\u00f3 amb m\u00e9s profunditat, la postadopci\u00f3 emergeix com una etapa essencial per comprendre les viv\u00e8ncies, els reptes i les necessitats de les persones adoptades i de les seves fam\u00edlies. Si \u00e9s professional de l?\u00e0mbit social, educatiu o sanitari, forma part d?una fam\u00edlia adoptiva o ha viscut l?experi\u00e8ncia de l?adopci\u00f3 en primera persona, aquest llibre li oferir\u00e0 una visi\u00f3 integradora, rigorosa i humana de la realitat postadoptiva.  A trav\u00e9s d?una lectura amena i accessible, descobrir\u00e0 com: &#8211; Comprendre les din\u00e0miques postadoptives: identificar els factors emocionals, socials i legals que influeixen en la construcci\u00f3 del vincle i en el sentiment de pertinen\u00e7a. &#8211; Recon\u00e8ixer les empremtes del trauma primerenc: entendre com el dolor no elaborat pot manifestar-se a la inf\u00e0ncia, adolesc\u00e8ncia i vida adulta, i com acompanyar-lo sense reactivar el patiment. &#8211; Enfortir els recursos familiars i professionals: adquirir eines pr\u00e0ctiques per sostenir processos complexos amb sensibilitat, coneixement i respecte. &#8211; Impulsar una mirada sist\u00e8mica i social: concebre la postadopci\u00f3 com una responsabilitat col\u00b7lectiva que implica fam\u00edlies, institucions i comunitat.  A m\u00e9s, en aquest llibre trobar\u00e0 testimonis reals, propostes d?intervenci\u00f3 i reflexions que conviden a transformar la manera com acompanyem qui ha estat adoptat: amb coneixement, empatia i comprom\u00eds hum\u00e0.   Marisa M\u00e9ndez i Casilda Cort\u00e9s Puya s\u00f3n les coordinadores d?aquest llibre i cofundadores de l?Associaci\u00f3 Postadopci\u00f3 en Acci\u00f3 (APAeA), una entitat nascuda del comprom\u00eds de donar visibilitat a les necessitats reals que sorgeixen despr\u00e9s de l?adopci\u00f3. El seu objectiu \u00e9s impulsar l?estudi multidisciplinari de la realitat adoptiva, crear una xarxa de suport que acompanyi amb recursos les persones adoptades i les seves fam\u00edlies al llarg de les seves vides, i promoure pol\u00edtiques p\u00fabliques i recursos especialitzats que comprenguin i protegeixin el proc\u00e9s vital de la postadopci\u00f3.<\/p>\n","protected":false},"excerpt":{"rendered":"<p>MARISA (COORD.) M\u00c9NDEZ<\/p>\n","protected":false},"featured_media":1086350,"template":"","meta":{"_acf_changed":false,"om_disable_all_campaigns":false,"rs_blank_template":"","rs_page_bg_color":"","slide_template_v7":"","inline_featured_image":false,"_monsterinsights_skip_tracking":false,"_monsterinsights_sitenote_active":false,"_monsterinsights_sitenote_note":"","_monsterinsights_sitenote_category":0},"product_brand":[],"product_cat":[90,540],"product_tag":[],"class_list":{"0":"post-1086349","1":"product","2":"type-product","3":"status-publish","4":"has-post-thumbnail","6":"product_cat-altres","7":"product_cat-otros","9":"first","10":"instock","11":"taxable","12":"shipping-taxable","13":"purchasable","14":"product-type-simple"},"acf":{"autor":"MARISA (COORD.) M\u00c9NDEZ","codart":"842673945","libros-coleccion":"","ediciones":"1","encuadernacion":"R\u00fastica","fecha_de_publicacion":"01\/02\/2026","novedad":"1","paginas":"116","subtitulo":"","orden":"0","portada":"0","idioma":"cat","booktrailer":"","resenas":"","editorial":[{"ID":6301,"post_author":"3","post_date":"2022-07-28 17:49:15","post_date_gmt":"2022-07-28 15:49:15","post_content":"","post_title":"Marcombo","post_excerpt":"","post_status":"publish","comment_status":"closed","ping_status":"closed","post_password":"","post_name":"marcombo","to_ping":"","pinged":"","post_modified":"2022-07-28 17:49:15","post_modified_gmt":"2022-07-28 15:49:15","post_content_filtered":"","post_parent":0,"guid":"http:\/\/dev.claret.cat\/editorial\/marcombo\/","menu_order":0,"post_type":"editorial","post_mime_type":"","comment_count":"0","filter":"raw"}]},"aioseo_notices":[],"_links":{"self":[{"href":"https:\/\/www.claret.cat\/es\/wp-json\/wp\/v2\/product\/1086349","targetHints":{"allow":["GET"]}}],"collection":[{"href":"https:\/\/www.claret.cat\/es\/wp-json\/wp\/v2\/product"}],"about":[{"href":"https:\/\/www.claret.cat\/es\/wp-json\/wp\/v2\/types\/product"}],"wp:featuredmedia":[{"embeddable":true,"href":"https:\/\/www.claret.cat\/es\/wp-json\/wp\/v2\/media\/1086350"}],"wp:attachment":[{"href":"https:\/\/www.claret.cat\/es\/wp-json\/wp\/v2\/media?parent=1086349"}],"wp:term":[{"taxonomy":"product_brand","embeddable":true,"href":"https:\/\/www.claret.cat\/es\/wp-json\/wp\/v2\/product_brand?post=1086349"},{"taxonomy":"product_cat","embeddable":true,"href":"https:\/\/www.claret.cat\/es\/wp-json\/wp\/v2\/product_cat?post=1086349"},{"taxonomy":"product_tag","embeddable":true,"href":"https:\/\/www.claret.cat\/es\/wp-json\/wp\/v2\/product_tag?post=1086349"}],"curies":[{"name":"wp","href":"https:\/\/api.w.org\/{rel}","templated":true}]}}