{"id":1086392,"date":"2026-02-25T17:25:02","date_gmt":"2026-02-25T16:25:02","guid":{"rendered":"https:\/\/www.claret.cat\/llibre\/el-misterio-de-la-casa-torcida-9788412955392\/"},"modified":"2026-02-25T19:35:16","modified_gmt":"2026-02-25T18:35:16","slug":"el-misterio-de-la-casa-torcida-9788412955392","status":"publish","type":"product","link":"https:\/\/www.claret.cat\/es\/libro\/el-misterio-de-la-casa-torcida-9788412955392\/","title":{"rendered":"EL MISTERIO DE LA CASA TORCIDA"},"content":{"rendered":"<p>LOS LUGARES ANTIGUOS REZUMAN HISTORIA Y OCULTAN LAS VOCES DEL PASADO HASTA QUE ALGUIEN TIENE LA SENSIBILIDAD SUFICIENTE PARA ESCUCHARLAS.<br \/> El Torto de Ponte Ao Ceo lleva fascinando a los amantes de lo sobrenatural desde hace generaciones, pero la familia Castro nunca ha permitido que nadie cruzara sus puertas&#8230; hasta ahora.<br \/> El inter\u00e9s de Eloy por los fen\u00f3menos paranormales le viene de familia. Pero lo \u00faltimo que espera es que su compa\u00f1era de clase, Xana Castro, le pida ayuda para investigar los extra\u00f1os sucesos que se est\u00e1n produciendo en la antigua casa familiar. Y, aunque hacerle un favor a Xana sea lo \u00faltimo que le apetece, la tentaci\u00f3n de entrar en el pazo maldito es demasiado grande&#8230;<\/p>\n","protected":false},"excerpt":{"rendered":"<p>MARTA CRUCES<\/p>\n","protected":false},"featured_media":1086511,"template":"","meta":{"_acf_changed":false,"om_disable_all_campaigns":false,"rs_blank_template":"","rs_page_bg_color":"","slide_template_v7":"","inline_featured_image":false,"_monsterinsights_skip_tracking":false,"_monsterinsights_sitenote_active":false,"_monsterinsights_sitenote_note":"","_monsterinsights_sitenote_category":0},"product_brand":[],"product_cat":[127,357],"product_tag":[],"class_list":{"0":"post-1086392","1":"product","2":"type-product","3":"status-publish","4":"has-post-thumbnail","6":"product_cat-novella-contemporania","7":"product_cat-novela-contemporanea","9":"first","10":"instock","11":"taxable","12":"shipping-taxable","13":"purchasable","14":"product-type-simple"},"acf":{"autor":"MARTA CRUCES","codart":"841295539","libros-coleccion":"","ediciones":"1","encuadernacion":"R\u00fastica","fecha_de_publicacion":"01\/02\/2026","novedad":"1","paginas":"208","subtitulo":"","orden":"0","portada":"0","idioma":"spa","booktrailer":"","resenas":"","editorial":[{"ID":1033522,"post_author":"3","post_date":"2025-06-13 16:20:08","post_date_gmt":"2025-06-13 14:20:08","post_content":"","post_title":"Munyx Editorial","post_excerpt":"","post_status":"publish","comment_status":"closed","ping_status":"closed","post_password":"","post_name":"munyx-editorial","to_ping":"","pinged":"","post_modified":"2025-06-13 16:20:08","post_modified_gmt":"2025-06-13 14:20:08","post_content_filtered":"","post_parent":0,"guid":"https:\/\/www.claret.cat\/editorial\/munyx-editorial\/","menu_order":0,"post_type":"editorial","post_mime_type":"","comment_count":"0","filter":"raw"}]},"aioseo_notices":[],"_links":{"self":[{"href":"https:\/\/www.claret.cat\/es\/wp-json\/wp\/v2\/product\/1086392","targetHints":{"allow":["GET"]}}],"collection":[{"href":"https:\/\/www.claret.cat\/es\/wp-json\/wp\/v2\/product"}],"about":[{"href":"https:\/\/www.claret.cat\/es\/wp-json\/wp\/v2\/types\/product"}],"wp:featuredmedia":[{"embeddable":true,"href":"https:\/\/www.claret.cat\/es\/wp-json\/wp\/v2\/media\/1086511"}],"wp:attachment":[{"href":"https:\/\/www.claret.cat\/es\/wp-json\/wp\/v2\/media?parent=1086392"}],"wp:term":[{"taxonomy":"product_brand","embeddable":true,"href":"https:\/\/www.claret.cat\/es\/wp-json\/wp\/v2\/product_brand?post=1086392"},{"taxonomy":"product_cat","embeddable":true,"href":"https:\/\/www.claret.cat\/es\/wp-json\/wp\/v2\/product_cat?post=1086392"},{"taxonomy":"product_tag","embeddable":true,"href":"https:\/\/www.claret.cat\/es\/wp-json\/wp\/v2\/product_tag?post=1086392"}],"curies":[{"name":"wp","href":"https:\/\/api.w.org\/{rel}","templated":true}]}}